{"id":709305,"date":"2025-08-27T16:23:46","date_gmt":"2025-08-27T13:23:46","guid":{"rendered":"https:\/\/roveyayinevi.com.tr\/index.php\/urun\/ilk-okuma-kitabim-inci-saclarini-yikiyor-gozyasi-akitmadan\/"},"modified":"2026-04-16T02:18:01","modified_gmt":"2026-04-15T23:18:01","slug":"ilk-okuma-kitabim-inci-saclarini-yikiyor-gozyasi-akitmadan","status":"publish","type":"product","link":"https:\/\/roveyayinevi.com.tr\/index.php\/urun\/ilk-okuma-kitabim-inci-saclarini-yikiyor-gozyasi-akitmadan\/","title":{"rendered":"\u0130lk Okuma Kitab\u0131m &#8211; \u0130nci Sa\u00e7lar\u0131n\u0131 Y\u0131k\u0131yor (G\u00f6zya\u015f\u0131 Ak\u0131tmadan!)"},"content":{"rendered":"<p>\u0130nci k\u00fcvette oynamay\u0131 \u00e7ok seviyordu. Ama sa\u00e7lar\u0131n\u0131n y\u0131kanmas\u0131ndan hi\u00e7 mi hi\u00e7 ho\u015flanm\u0131yordu! Neyse ki \u0130nci\u2019nin ve annesinin o kadar harika fikirleri vard\u0131 ki, banyo yapmak ve sa\u00e7 y\u0131kamak e\u011flenceli bir hale geliyordu.Bu kitap \u00e7ocuklara banyo yapmakla ilgili sorunlar\u0131n\u0131 yenmeleri i\u00e7in yard\u0131mc\u0131 oluyor.<\/p>\n","protected":false},"excerpt":{"rendered":"<p>\u0130nci k\u00fcvette oynamay\u0131 \u00e7ok seviyordu. Ama sa\u00e7lar\u0131n\u0131n y\u0131kanmas\u0131ndan hi\u00e7 mi hi\u00e7 ho\u015flanm\u0131yordu! Neyse ki \u0130nci\u2019nin ve annesinin o kadar harika fikirleri vard\u0131 ki, banyo yapmak ve<span class=\"excerpt-hellip\"> [\u2026]<\/span><\/p>\n","protected":false},"featured_media":0,"template":"","meta":{"_monsterinsights_skip_tracking":false,"_monsterinsights_sitenote_active":false,"_monsterinsights_sitenote_note":"","_monsterinsights_sitenote_category":0},"product_brand":[],"product_cat":[12913,12274],"product_tag":[],"class_list":{"0":"post-709305","1":"product","2":"type-product","3":"status-publish","5":"product_cat-3-6-yas-kitaplari","6":"product_cat-cocuk-ve-genclik-kitaplari","7":"pa_cilt-ciltsiz","8":"pa_tur-kitap","9":"pa_yayinevi-is-bankasi-kultur-yayinlari","10":"pa_yazar-anna-wagenhoff","12":"first","13":"instock","14":"sale","15":"shipping-taxable","16":"purchasable","17":"product-type-simple"},"_links":{"self":[{"href":"https:\/\/roveyayinevi.com.tr\/index.php\/wp-json\/wp\/v2\/product\/709305","targetHints":{"allow":["GET"]}}],"collection":[{"href":"https:\/\/roveyayinevi.com.tr\/index.php\/wp-json\/wp\/v2\/product"}],"about":[{"href":"https:\/\/roveyayinevi.com.tr\/index.php\/wp-json\/wp\/v2\/types\/product"}],"wp:attachment":[{"href":"https:\/\/roveyayinevi.com.tr\/index.php\/wp-json\/wp\/v2\/media?parent=709305"}],"wp:term":[{"taxonomy":"product_brand","embeddable":true,"href":"https:\/\/roveyayinevi.com.tr\/index.php\/wp-json\/wp\/v2\/product_brand?post=709305"},{"taxonomy":"product_cat","embeddable":true,"href":"https:\/\/roveyayinevi.com.tr\/index.php\/wp-json\/wp\/v2\/product_cat?post=709305"},{"taxonomy":"product_tag","embeddable":true,"href":"https:\/\/roveyayinevi.com.tr\/index.php\/wp-json\/wp\/v2\/product_tag?post=709305"}],"curies":[{"name":"wp","href":"https:\/\/api.w.org\/{rel}","templated":true}]}}