{"id":709304,"date":"2025-08-27T16:23:45","date_gmt":"2025-08-27T13:23:45","guid":{"rendered":"https:\/\/roveyayinevi.com.tr\/index.php\/urun\/inci-odasini-topluyor-ilk-okuma-kitabim\/"},"modified":"2026-04-16T02:18:01","modified_gmt":"2026-04-15T23:18:01","slug":"inci-odasini-topluyor-ilk-okuma-kitabim","status":"publish","type":"product","link":"https:\/\/roveyayinevi.com.tr\/index.php\/urun\/inci-odasini-topluyor-ilk-okuma-kitabim\/","title":{"rendered":"\u0130nci Odas\u0131n\u0131 Topluyor &#8211; \u0130lk Okuma Kitab\u0131m"},"content":{"rendered":"<p>Oda toplamak m\u0131? \u0130nci\u2019nin can\u0131 odas\u0131n\u0131 toplamak istemiyordu. Ama da\u011f\u0131n\u0131kl\u0131ktan odas\u0131nda oyun oynamak i\u00e7in yer kalmayan \u0130nci, durumu kabullendi: Bazen oda toplamak zorunda kal\u0131n\u0131r! Neyse ki \u0130nci\u2019nin annesi oda toplamay\u0131 e\u011flenceli hale getirecek \u015feyi biliyordu. \ufffc<\/p>\n","protected":false},"excerpt":{"rendered":"<p>Oda toplamak m\u0131? \u0130nci\u2019nin can\u0131 odas\u0131n\u0131 toplamak istemiyordu. Ama da\u011f\u0131n\u0131kl\u0131ktan odas\u0131nda oyun oynamak i\u00e7in yer kalmayan \u0130nci, durumu kabullendi: Bazen oda toplamak zorunda kal\u0131n\u0131r! Neyse ki<span class=\"excerpt-hellip\"> [\u2026]<\/span><\/p>\n","protected":false},"featured_media":0,"template":"","meta":{"_monsterinsights_skip_tracking":false,"_monsterinsights_sitenote_active":false,"_monsterinsights_sitenote_note":"","_monsterinsights_sitenote_category":0},"product_brand":[],"product_cat":[12913,12274],"product_tag":[],"class_list":{"0":"post-709304","1":"product","2":"type-product","3":"status-publish","5":"product_cat-3-6-yas-kitaplari","6":"product_cat-cocuk-ve-genclik-kitaplari","7":"pa_cilt-ciltsiz","8":"pa_tur-kitap","9":"pa_yayinevi-is-bankasi-kultur-yayinlari","10":"pa_yazar-anna-wagenhoff","12":"first","13":"instock","14":"sale","15":"shipping-taxable","16":"purchasable","17":"product-type-simple"},"_links":{"self":[{"href":"https:\/\/roveyayinevi.com.tr\/index.php\/wp-json\/wp\/v2\/product\/709304","targetHints":{"allow":["GET"]}}],"collection":[{"href":"https:\/\/roveyayinevi.com.tr\/index.php\/wp-json\/wp\/v2\/product"}],"about":[{"href":"https:\/\/roveyayinevi.com.tr\/index.php\/wp-json\/wp\/v2\/types\/product"}],"wp:attachment":[{"href":"https:\/\/roveyayinevi.com.tr\/index.php\/wp-json\/wp\/v2\/media?parent=709304"}],"wp:term":[{"taxonomy":"product_brand","embeddable":true,"href":"https:\/\/roveyayinevi.com.tr\/index.php\/wp-json\/wp\/v2\/product_brand?post=709304"},{"taxonomy":"product_cat","embeddable":true,"href":"https:\/\/roveyayinevi.com.tr\/index.php\/wp-json\/wp\/v2\/product_cat?post=709304"},{"taxonomy":"product_tag","embeddable":true,"href":"https:\/\/roveyayinevi.com.tr\/index.php\/wp-json\/wp\/v2\/product_tag?post=709304"}],"curies":[{"name":"wp","href":"https:\/\/api.w.org\/{rel}","templated":true}]}}