{"id":709302,"date":"2025-08-27T16:23:44","date_gmt":"2025-08-27T13:23:44","guid":{"rendered":"https:\/\/roveyayinevi.com.tr\/index.php\/urun\/elif-asla-yabancilarla-gitmez\/"},"modified":"2026-04-16T02:18:01","modified_gmt":"2026-04-15T23:18:01","slug":"elif-asla-yabancilarla-gitmez","status":"publish","type":"product","link":"https:\/\/roveyayinevi.com.tr\/index.php\/urun\/elif-asla-yabancilarla-gitmez\/","title":{"rendered":"Elif Asla Yabanc\u0131larla Gitmez"},"content":{"rendered":"<p>Asl\u0131nda Elif okul yolunu \u00e7ok iyi biliyordu. Ancak o g\u00fcn ge\u00e7ti\u011fi sokaklardan biri kapat\u0131lm\u0131\u015ft\u0131. \u015eimdi ne yapacakt\u0131? Elif yolu g\u00f6sterece\u011fini s\u00f6yleyen adamla birlikte gitmeli miydi? Ama o adam bir yabanc\u0131yd\u0131\u2026 Ve Elif tan\u0131mad\u0131\u011f\u0131 insanlarla bir yere gitmemesi gerekti\u011fini biliyordu. <\/p>\n","protected":false},"excerpt":{"rendered":"<p>Asl\u0131nda Elif okul yolunu \u00e7ok iyi biliyordu. Ancak o g\u00fcn ge\u00e7ti\u011fi sokaklardan biri kapat\u0131lm\u0131\u015ft\u0131. \u015eimdi ne yapacakt\u0131? Elif yolu g\u00f6sterece\u011fini s\u00f6yleyen adamla birlikte gitmeli miydi? Ama<span class=\"excerpt-hellip\"> [\u2026]<\/span><\/p>\n","protected":false},"featured_media":0,"template":"","meta":{"_monsterinsights_skip_tracking":false,"_monsterinsights_sitenote_active":false,"_monsterinsights_sitenote_note":"","_monsterinsights_sitenote_category":0},"product_brand":[],"product_cat":[12913,12274],"product_tag":[],"class_list":{"0":"post-709302","1":"product","2":"type-product","3":"status-publish","5":"product_cat-3-6-yas-kitaplari","6":"product_cat-cocuk-ve-genclik-kitaplari","7":"pa_cilt-ciltsiz","8":"pa_tur-kitap","9":"pa_yayinevi-is-bankasi-kultur-yayinlari","10":"pa_yazar-liane-schneider","12":"first","13":"instock","14":"sale","15":"shipping-taxable","16":"purchasable","17":"product-type-simple"},"_links":{"self":[{"href":"https:\/\/roveyayinevi.com.tr\/index.php\/wp-json\/wp\/v2\/product\/709302","targetHints":{"allow":["GET"]}}],"collection":[{"href":"https:\/\/roveyayinevi.com.tr\/index.php\/wp-json\/wp\/v2\/product"}],"about":[{"href":"https:\/\/roveyayinevi.com.tr\/index.php\/wp-json\/wp\/v2\/types\/product"}],"wp:attachment":[{"href":"https:\/\/roveyayinevi.com.tr\/index.php\/wp-json\/wp\/v2\/media?parent=709302"}],"wp:term":[{"taxonomy":"product_brand","embeddable":true,"href":"https:\/\/roveyayinevi.com.tr\/index.php\/wp-json\/wp\/v2\/product_brand?post=709302"},{"taxonomy":"product_cat","embeddable":true,"href":"https:\/\/roveyayinevi.com.tr\/index.php\/wp-json\/wp\/v2\/product_cat?post=709302"},{"taxonomy":"product_tag","embeddable":true,"href":"https:\/\/roveyayinevi.com.tr\/index.php\/wp-json\/wp\/v2\/product_tag?post=709302"}],"curies":[{"name":"wp","href":"https:\/\/api.w.org\/{rel}","templated":true}]}}