{"id":709296,"date":"2025-08-27T16:23:41","date_gmt":"2025-08-27T13:23:41","guid":{"rendered":"https:\/\/roveyayinevi.com.tr\/index.php\/urun\/don-kisotun-seruvenleri-kisaltilmis-metin-100-temel-eser\/"},"modified":"2026-04-16T02:18:01","modified_gmt":"2026-04-15T23:18:01","slug":"don-kisotun-seruvenleri-kisaltilmis-metin-100-temel-eser","status":"publish","type":"product","link":"https:\/\/roveyayinevi.com.tr\/index.php\/urun\/don-kisotun-seruvenleri-kisaltilmis-metin-100-temel-eser\/","title":{"rendered":"Don Ki\u015fot\u2019un Ser\u00fcvenleri (K\u0131salt\u0131lm\u0131\u015f Metin) 100 Temel Eser"},"content":{"rendered":"<p>Belki de bug\u00fcne kadar yarat\u0131lm\u0131\u015f en \u00e7\u0131lg\u0131n roman kahraman\u0131 Don Ki\u015fot\u2019tur. Bu kahraman okudu\u011fu \u015f\u00f6valye romanlar\u0131ndan o kadar etkilenir ki, s\u0131rt\u0131na eski bir \u015f\u00f6valye z\u0131rh\u0131 ge\u00e7irdi\u011fi gibi macera aramak i\u00e7in yollara d\u00fc\u015fer. Birbirinden komik ve tuhaf ser\u00fcvenleri s\u0131ras\u0131nda g\u00fczel ama sahte prenseslerle, ger\u00e7ek ama \u015f\u0131mar\u0131k d\u00fc\u015feslerle, can\u0131ndan bezmi\u015f aslanlarla ve bir s\u00fcr\u00fc k\u00f6t\u00fc adamla kar\u015f\u0131la\u015f\u0131r. Don Ki\u015fot\u2018un birbirinden heyecanl\u0131 ser\u00fcvenlerini okurken kahkahalar\u0131n\u0131 tutamayacaks\u0131n. <\/p>\n","protected":false},"excerpt":{"rendered":"<p>Belki de bug\u00fcne kadar yarat\u0131lm\u0131\u015f en \u00e7\u0131lg\u0131n roman kahraman\u0131 Don Ki\u015fot\u2019tur. Bu kahraman okudu\u011fu \u015f\u00f6valye romanlar\u0131ndan o kadar etkilenir ki, s\u0131rt\u0131na eski bir \u015f\u00f6valye z\u0131rh\u0131 ge\u00e7irdi\u011fi<span class=\"excerpt-hellip\"> [\u2026]<\/span><\/p>\n","protected":false},"featured_media":0,"template":"","meta":{"_monsterinsights_skip_tracking":false,"_monsterinsights_sitenote_active":false,"_monsterinsights_sitenote_note":"","_monsterinsights_sitenote_category":0},"product_brand":[],"product_cat":[12274,12284],"product_tag":[],"class_list":{"0":"post-709296","1":"product","2":"type-product","3":"status-publish","5":"product_cat-cocuk-ve-genclik-kitaplari","6":"product_cat-hikayeler","7":"pa_cilt-ciltsiz","8":"pa_tur-kitap","9":"pa_yayinevi-is-bankasi-kultur-yayinlari","10":"pa_yazar-miguel-de-cervantes","12":"first","13":"instock","14":"sale","15":"shipping-taxable","16":"purchasable","17":"product-type-simple"},"_links":{"self":[{"href":"https:\/\/roveyayinevi.com.tr\/index.php\/wp-json\/wp\/v2\/product\/709296","targetHints":{"allow":["GET"]}}],"collection":[{"href":"https:\/\/roveyayinevi.com.tr\/index.php\/wp-json\/wp\/v2\/product"}],"about":[{"href":"https:\/\/roveyayinevi.com.tr\/index.php\/wp-json\/wp\/v2\/types\/product"}],"wp:attachment":[{"href":"https:\/\/roveyayinevi.com.tr\/index.php\/wp-json\/wp\/v2\/media?parent=709296"}],"wp:term":[{"taxonomy":"product_brand","embeddable":true,"href":"https:\/\/roveyayinevi.com.tr\/index.php\/wp-json\/wp\/v2\/product_brand?post=709296"},{"taxonomy":"product_cat","embeddable":true,"href":"https:\/\/roveyayinevi.com.tr\/index.php\/wp-json\/wp\/v2\/product_cat?post=709296"},{"taxonomy":"product_tag","embeddable":true,"href":"https:\/\/roveyayinevi.com.tr\/index.php\/wp-json\/wp\/v2\/product_tag?post=709296"}],"curies":[{"name":"wp","href":"https:\/\/api.w.org\/{rel}","templated":true}]}}