{"id":709294,"date":"2025-08-27T16:23:40","date_gmt":"2025-08-27T13:23:40","guid":{"rendered":"https:\/\/roveyayinevi.com.tr\/index.php\/urun\/tasradan-oykuler\/"},"modified":"2026-04-16T02:18:01","modified_gmt":"2026-04-15T23:18:01","slug":"tasradan-oykuler","status":"publish","type":"product","link":"https:\/\/roveyayinevi.com.tr\/index.php\/urun\/tasradan-oykuler\/","title":{"rendered":"Ta\u015fradan \u00d6yk\u00fcler"},"content":{"rendered":"<p>\u201cDo\u011frusu size ne kadar \u00e7ok \u015fey anlat\u0131rsam asl\u0131nda o kadar az anlayacaks\u0131n\u0131z. Hayattaki baz\u0131 \u015feyler b\u00f6yledir. Kendi ba\u015f\u0131n\u0131za \u00e7\u00f6zmeniz gerekir\u2026\u201dSoka\u011f\u0131m\u0131z\u0131n sonundaki bo\u015f arsada ya\u015fayan su bufalosunu hat\u0131rl\u0131yor musun?Peki ya, dalg\u0131\u00e7 k\u0131yafetiyle sokakta gezinen o adam\u0131?K\u00f6peklerin gecenin bir yar\u0131s\u0131 neden havlad\u0131\u011f\u0131n\u0131 biliyor musun?Ya da kimsenin okumad\u0131\u011f\u0131 \u015fiirlere ne oldu\u011funu? Uzak ve Asla Neden Diye Sorma kitaplar\u0131ndan tan\u0131d\u0131\u011f\u0131m\u0131z Oscar ve ALMA \u00f6d\u00fcll\u00fc Avustralyal\u0131 sanat\u00e7\u0131 Shaun Tan, on be\u015f \u00f6yk\u00fcn\u00fcn yer ald\u0131\u011f\u0131 Ta\u015fradan \u00d6yk\u00fcler\u2019de g\u00fcndelik ya\u015fam\u0131n ayr\u0131nt\u0131lar\u0131n\u0131, varolu\u015fumuzun nadide ve tuhaf y\u00f6nlerini, yer yer b\u00fcy\u00fcl\u00fc ger\u00e7ek\u00e7ili\u011fe yakla\u015fan bir dil ve ince bir mizah anlay\u0131\u015f\u0131yla ele al\u0131yor.\u00d6yk\u00fclere, sanat\u00e7\u0131n\u0131n muazzam d\u00fc\u015f g\u00fcc\u00fcne dair ipu\u00e7lar\u0131 sunan, farkl\u0131 tekniklerdeki \u00e7izimleri e\u015flik ediyor. Tan, ilk kez ressam ki\u015fili\u011finin yan\u0131 s\u0131ra edebi ki\u015fili\u011finden de bahsettirmeyi ba\u015far\u0131yor.  Haritan\u0131n bitti\u011fi yerde sahiden d\u00fcnyan\u0131n sona erip ermedi\u011fini ke\u015ffetmeye \u00e7al\u0131\u015fan iki karde\u015fin \u00e7\u0131kt\u0131\u011f\u0131 ke\u015fif yolculu\u011fu, \u00f6\u011frenci de\u011fi\u015fim program\u0131yla farkl\u0131 bir k\u00fclt\u00fcre konuk olan, uzayl\u0131dan hallice, sevimli misafir Eric, denizden olduk\u00e7a uzak bir bah\u00e7enin ortas\u0131nda beliriveren dev deniz hayvan\u0131&#8230; \u0130nsanlar\u0131n arka bah\u00e7elerine devlet taraf\u0131ndan yerle\u015ftirilen balistik f\u00fczelerin, yine insanlar taraf\u0131ndan \u00e7i\u00e7ek saks\u0131lar\u0131na, k\u00f6pek kul\u00fcbelerine ve hatta pizza f\u0131r\u0131n\u0131na d\u00f6n\u00fc\u015ft\u00fcr\u00fcl\u00fc\u015f\u00fc&#8230; Yabanc\u0131 bir yerde yabanc\u0131 olma durumu&#8230;\u0130\u00e7indeki merakl\u0131 \u00e7ocu\u011fu uyan\u0131k tutarak yery\u00fcz\u00fcndeki her t\u00fcrl\u00fc tuhafl\u0131\u011f\u0131 kendine has bir incelikle a\u00e7\u0131\u011fa \u00e7\u0131karan Shaun Tan, insana ait hallere, g\u00fcndelik hayata ve onun getirdi\u011fi binbir \u00e7e\u015fit duruma odaklan\u0131yor. &#8220;Hayran olmaktan kendinizi alamayacaks\u0131n\u0131z\u2026 Shaun Tan\u2019in bu eseri \u00e7ocuksu bir merak ve insana ili\u015fkin samimiyetle dolup ta\u015f\u0131yor.\u201dNew York Times <\/p>\n","protected":false},"excerpt":{"rendered":"<p>\u201cDo\u011frusu size ne kadar \u00e7ok \u015fey anlat\u0131rsam asl\u0131nda o kadar az anlayacaks\u0131n\u0131z. Hayattaki baz\u0131 \u015feyler b\u00f6yledir. Kendi ba\u015f\u0131n\u0131za \u00e7\u00f6zmeniz gerekir\u2026\u201dSoka\u011f\u0131m\u0131z\u0131n sonundaki bo\u015f arsada ya\u015fayan su bufalosunu<span class=\"excerpt-hellip\"> [\u2026]<\/span><\/p>\n","protected":false},"featured_media":0,"template":"","meta":{"_monsterinsights_skip_tracking":false,"_monsterinsights_sitenote_active":false,"_monsterinsights_sitenote_note":"","_monsterinsights_sitenote_category":0},"product_brand":[],"product_cat":[12312,12304],"product_tag":[],"class_list":{"0":"post-709294","1":"product","2":"type-product","3":"status-publish","5":"product_cat-diger","6":"product_cat-tarih","7":"pa_cilt-ciltli","8":"pa_tur-kitap","9":"pa_yayinevi-desen-yayinlari","10":"pa_yazar-shaun-tan","12":"first","13":"instock","14":"sale","15":"shipping-taxable","16":"purchasable","17":"product-type-simple"},"_links":{"self":[{"href":"https:\/\/roveyayinevi.com.tr\/index.php\/wp-json\/wp\/v2\/product\/709294","targetHints":{"allow":["GET"]}}],"collection":[{"href":"https:\/\/roveyayinevi.com.tr\/index.php\/wp-json\/wp\/v2\/product"}],"about":[{"href":"https:\/\/roveyayinevi.com.tr\/index.php\/wp-json\/wp\/v2\/types\/product"}],"wp:attachment":[{"href":"https:\/\/roveyayinevi.com.tr\/index.php\/wp-json\/wp\/v2\/media?parent=709294"}],"wp:term":[{"taxonomy":"product_brand","embeddable":true,"href":"https:\/\/roveyayinevi.com.tr\/index.php\/wp-json\/wp\/v2\/product_brand?post=709294"},{"taxonomy":"product_cat","embeddable":true,"href":"https:\/\/roveyayinevi.com.tr\/index.php\/wp-json\/wp\/v2\/product_cat?post=709294"},{"taxonomy":"product_tag","embeddable":true,"href":"https:\/\/roveyayinevi.com.tr\/index.php\/wp-json\/wp\/v2\/product_tag?post=709294"}],"curies":[{"name":"wp","href":"https:\/\/api.w.org\/{rel}","templated":true}]}}