{"id":709292,"date":"2025-08-27T16:23:39","date_gmt":"2025-08-27T13:23:39","guid":{"rendered":"https:\/\/roveyayinevi.com.tr\/index.php\/urun\/amazon-kaptan\/"},"modified":"2026-04-16T02:18:01","modified_gmt":"2026-04-15T23:18:01","slug":"amazon-kaptan","status":"publish","type":"product","link":"https:\/\/roveyayinevi.com.tr\/index.php\/urun\/amazon-kaptan\/","title":{"rendered":"Amazon Kaptan"},"content":{"rendered":"<p>\u201cYasemin ve Lavanta\u201d dizisinin \u00fc\u00e7\u00fcnc\u00fc kitab\u0131, deniz k\u0131y\u0131s\u0131ndaki bir tatil beldesinde ba\u015flay\u0131p, efsanevi Amazonlar\u2019a kadar uzan\u0131yor. H\u0131nz\u0131r oyunlar\u0131n, tatl\u0131 kap\u0131\u015fmalar\u0131n ya\u015fand\u0131\u011f\u0131 bu yaz maceras\u0131nda, mizah hi\u00e7 eksilmiyor. Yasemin, yaz tatili i\u00e7in gittikleri \u00e7ad\u0131r kamp\u0131nda, al\u0131\u015f\u0131k olmad\u0131\u011f\u0131 bir durumla kar\u015f\u0131la\u015f\u0131r. Y\u0131llard\u0131r oyun oynad\u0131klar\u0131 o\u011flanlar \u00e7ete kurmu\u015f, k\u0131zlar\u0131 k\u0131zd\u0131r\u0131yordur. \u00d6zenle yapt\u0131klar\u0131 kumdan kalenin y\u0131k\u0131lmas\u0131yla ba\u015flayan \u00e7eki\u015fme, dalga dalga b\u00fcy\u00fcr. Tatl\u0131-sert at\u0131\u015fmalara, eski zamanlardan \u00e7\u0131k\u0131p d\u00fc\u015flere giriveren Amazonlar\u2019\u0131n da eklenmesiyle i\u015fler iyice karma\u015f\u0131k bir hal al\u0131r&#8230; <\/p>\n","protected":false},"excerpt":{"rendered":"<p>\u201cYasemin ve Lavanta\u201d dizisinin \u00fc\u00e7\u00fcnc\u00fc kitab\u0131, deniz k\u0131y\u0131s\u0131ndaki bir tatil beldesinde ba\u015flay\u0131p, efsanevi Amazonlar\u2019a kadar uzan\u0131yor. H\u0131nz\u0131r oyunlar\u0131n, tatl\u0131 kap\u0131\u015fmalar\u0131n ya\u015fand\u0131\u011f\u0131 bu yaz maceras\u0131nda, mizah hi\u00e7<span class=\"excerpt-hellip\"> [\u2026]<\/span><\/p>\n","protected":false},"featured_media":0,"template":"","meta":{"_monsterinsights_skip_tracking":false,"_monsterinsights_sitenote_active":false,"_monsterinsights_sitenote_note":"","_monsterinsights_sitenote_category":0},"product_brand":[],"product_cat":[12274,12284],"product_tag":[],"class_list":{"0":"post-709292","1":"product","2":"type-product","3":"status-publish","5":"product_cat-cocuk-ve-genclik-kitaplari","6":"product_cat-hikayeler","7":"pa_cilt-ciltsiz","8":"pa_tur-kitap","9":"pa_yayinevi-gunisigi-kitapligi","10":"pa_yazar-sevgi-saygi","12":"first","13":"instock","14":"sale","15":"shipping-taxable","16":"purchasable","17":"product-type-simple"},"_links":{"self":[{"href":"https:\/\/roveyayinevi.com.tr\/index.php\/wp-json\/wp\/v2\/product\/709292","targetHints":{"allow":["GET"]}}],"collection":[{"href":"https:\/\/roveyayinevi.com.tr\/index.php\/wp-json\/wp\/v2\/product"}],"about":[{"href":"https:\/\/roveyayinevi.com.tr\/index.php\/wp-json\/wp\/v2\/types\/product"}],"wp:attachment":[{"href":"https:\/\/roveyayinevi.com.tr\/index.php\/wp-json\/wp\/v2\/media?parent=709292"}],"wp:term":[{"taxonomy":"product_brand","embeddable":true,"href":"https:\/\/roveyayinevi.com.tr\/index.php\/wp-json\/wp\/v2\/product_brand?post=709292"},{"taxonomy":"product_cat","embeddable":true,"href":"https:\/\/roveyayinevi.com.tr\/index.php\/wp-json\/wp\/v2\/product_cat?post=709292"},{"taxonomy":"product_tag","embeddable":true,"href":"https:\/\/roveyayinevi.com.tr\/index.php\/wp-json\/wp\/v2\/product_tag?post=709292"}],"curies":[{"name":"wp","href":"https:\/\/api.w.org\/{rel}","templated":true}]}}