{"id":709288,"date":"2025-08-27T16:23:37","date_gmt":"2025-08-27T13:23:37","guid":{"rendered":"https:\/\/roveyayinevi.com.tr\/index.php\/urun\/rodoslu-ahter\/"},"modified":"2026-04-16T02:18:01","modified_gmt":"2026-04-15T23:18:01","slug":"rodoslu-ahter","status":"publish","type":"product","link":"https:\/\/roveyayinevi.com.tr\/index.php\/urun\/rodoslu-ahter\/","title":{"rendered":"Rodoslu Ahter"},"content":{"rendered":"<p>\u201c\u00d6\u011fretmen ve idareci olarak \u00fclkeme k\u0131rk y\u0131l hizmet ettim. Elimden gelen \u00f6zveriyi g\u00f6sterdim, canla ba\u015fla \u00e7al\u0131\u015ft\u0131m. Bildi\u011fimi herkese \u00f6\u011fretip ba\u015far\u0131l\u0131 \u00f6\u011frenciler yeti\u015ftirmekle mutlu oldum, onur duydum. Benim de hayat\u0131m b\u00f6yle ge\u00e7ti i\u015fte&#8230; Olsun, bu k\u00fclt\u00fcr tortusu bana yeter. Hi\u00e7 olmazsa bo\u015fa ge\u00e7irilmi\u015f bir g\u00fcn\u00fcm bile yok. Deneyimlerle dolu dolu ge\u00e7irilmi\u015f bir ya\u015fam benimki&#8230;\u201d Rodoslu Ahter\u2019de vatan\u0131 i\u00e7in \u00e7al\u0131\u015fan, korkusuz, ciddi, ayn\u0131 zamanda muziplikten de vazge\u00e7meyen bir kad\u0131n\u0131n \u00f6yk\u00fcs\u00fc var&#8230; Ahter, \u0130kinci D\u00fcnya Sava\u015f\u0131\u2019n\u0131n ac\u0131lar\u0131n\u0131 ya\u015fam\u0131\u015f, her \u015feyin karneye ba\u011fland\u0131\u011f\u0131 g\u00fcnlerde, ekonomik s\u0131k\u0131nt\u0131yla yo\u011frulmu\u015f ama okumaktan vazge\u00e7memi\u015f bir kad\u0131n&#8230; Z\u00fchal ve Y\u00fccel \u0130zmirli\u2019nin ger\u00e7ek bir ya\u015fam\u00f6yk\u00fcs\u00fcnden yola \u00e7\u0131karak kaleme ald\u0131klar\u0131 roman, sizi 1920\u2019li y\u0131llardan itibaren Rodos\u2019un sokaklar\u0131nda, \u0130zmir\u2019in Kar\u015f\u0131yaka\u2019s\u0131nda, E\u015frefpa\u015fa\u2019s\u0131nda, \u0130stanbul\u2019un Bo\u011faz k\u0131y\u0131lar\u0131nda, Beyaz\u0131t Meydan\u0131\u2019nda ve Anadolu\u2019nun unutulmu\u015f k\u00f6\u015felerinde gezdirecek. <\/p>\n","protected":false},"excerpt":{"rendered":"<p>\u201c\u00d6\u011fretmen ve idareci olarak \u00fclkeme k\u0131rk y\u0131l hizmet ettim. Elimden gelen \u00f6zveriyi g\u00f6sterdim, canla ba\u015fla \u00e7al\u0131\u015ft\u0131m. Bildi\u011fimi herkese \u00f6\u011fretip ba\u015far\u0131l\u0131 \u00f6\u011frenciler yeti\u015ftirmekle mutlu oldum, onur duydum.<span class=\"excerpt-hellip\"> [\u2026]<\/span><\/p>\n","protected":false},"featured_media":0,"template":"","meta":{"_monsterinsights_skip_tracking":false,"_monsterinsights_sitenote_active":false,"_monsterinsights_sitenote_note":"","_monsterinsights_sitenote_category":0},"product_brand":[],"product_cat":[12291,12745],"product_tag":[],"class_list":{"0":"post-709288","1":"product","2":"type-product","3":"status-publish","5":"product_cat-edebiyat","6":"product_cat-tarihi-roman","7":"pa_cilt-ciltsiz","8":"pa_tur-kitap","9":"pa_yayinevi-cinar-yayinlari","10":"pa_yazar-zuhal-izmirli-yucel-izmirli","12":"first","13":"instock","14":"sale","15":"shipping-taxable","16":"purchasable","17":"product-type-simple"},"_links":{"self":[{"href":"https:\/\/roveyayinevi.com.tr\/index.php\/wp-json\/wp\/v2\/product\/709288","targetHints":{"allow":["GET"]}}],"collection":[{"href":"https:\/\/roveyayinevi.com.tr\/index.php\/wp-json\/wp\/v2\/product"}],"about":[{"href":"https:\/\/roveyayinevi.com.tr\/index.php\/wp-json\/wp\/v2\/types\/product"}],"wp:attachment":[{"href":"https:\/\/roveyayinevi.com.tr\/index.php\/wp-json\/wp\/v2\/media?parent=709288"}],"wp:term":[{"taxonomy":"product_brand","embeddable":true,"href":"https:\/\/roveyayinevi.com.tr\/index.php\/wp-json\/wp\/v2\/product_brand?post=709288"},{"taxonomy":"product_cat","embeddable":true,"href":"https:\/\/roveyayinevi.com.tr\/index.php\/wp-json\/wp\/v2\/product_cat?post=709288"},{"taxonomy":"product_tag","embeddable":true,"href":"https:\/\/roveyayinevi.com.tr\/index.php\/wp-json\/wp\/v2\/product_tag?post=709288"}],"curies":[{"name":"wp","href":"https:\/\/api.w.org\/{rel}","templated":true}]}}