{"id":709286,"date":"2025-08-27T16:23:36","date_gmt":"2025-08-27T13:23:36","guid":{"rendered":"https:\/\/roveyayinevi.com.tr\/index.php\/urun\/batman-dedektif-hikayeleri-cilt-4-gazap\/"},"modified":"2026-04-16T02:18:01","modified_gmt":"2026-04-15T23:18:01","slug":"batman-dedektif-hikayeleri-cilt-4-gazap","status":"publish","type":"product","link":"https:\/\/roveyayinevi.com.tr\/index.php\/urun\/batman-dedektif-hikayeleri-cilt-4-gazap\/","title":{"rendered":"Batman Dedektif Hikayeleri Cilt 4-Gazap"},"content":{"rendered":"<p>Gazap olarak bilinen cani bir katil Gotham\u2019\u0131 istila eder, GCPD\u2019na topyek\u00fbn sava\u015f ilan eder ve her seferinde \u015fehrin pelerinli s\u00fcvarisi Batman\u2019in akl\u0131n\u0131 kar\u0131\u015ft\u0131r\u0131r. Man-Bat tehlikesi, \u0130mparator Penguin\u2019in a\u00e7g\u00f6zl\u00fcl\u00fc\u011f\u00fc ve bu \u00e7\u0131lg\u0131n polis katilinin sald\u0131r\u0131lar\u0131 aras\u0131nda kalan Gotham ve koruyucular\u0131 hem \u00fcniformal\u0131 hem de kost\u00fcml\u00fc bir daha asla eskisi gibi olmayabilir\u2026 <\/p>\n","protected":false},"excerpt":{"rendered":"<p>Gazap olarak bilinen cani bir katil Gotham\u2019\u0131 istila eder, GCPD\u2019na topyek\u00fbn sava\u015f ilan eder ve her seferinde \u015fehrin pelerinli s\u00fcvarisi Batman\u2019in akl\u0131n\u0131 kar\u0131\u015ft\u0131r\u0131r. Man-Bat tehlikesi, \u0130mparator<span class=\"excerpt-hellip\"> [\u2026]<\/span><\/p>\n","protected":false},"featured_media":0,"template":"","meta":{"_monsterinsights_skip_tracking":false,"_monsterinsights_sitenote_active":false,"_monsterinsights_sitenote_note":"","_monsterinsights_sitenote_category":0},"product_brand":[],"product_cat":[12689,12274],"product_tag":[],"class_list":{"0":"post-709286","1":"product","2":"type-product","3":"status-publish","5":"product_cat-cizgi-roman-cocuk-ve-genclik-kitaplari","6":"product_cat-cocuk-ve-genclik-kitaplari","7":"pa_cilt-ciltsiz","8":"pa_tur-kitap","9":"pa_yayinevi-jbc-yayincilik","10":"pa_yazar-john-layman-james-tynion-iv","12":"first","13":"instock","14":"sale","15":"shipping-taxable","16":"purchasable","17":"product-type-simple"},"_links":{"self":[{"href":"https:\/\/roveyayinevi.com.tr\/index.php\/wp-json\/wp\/v2\/product\/709286","targetHints":{"allow":["GET"]}}],"collection":[{"href":"https:\/\/roveyayinevi.com.tr\/index.php\/wp-json\/wp\/v2\/product"}],"about":[{"href":"https:\/\/roveyayinevi.com.tr\/index.php\/wp-json\/wp\/v2\/types\/product"}],"wp:attachment":[{"href":"https:\/\/roveyayinevi.com.tr\/index.php\/wp-json\/wp\/v2\/media?parent=709286"}],"wp:term":[{"taxonomy":"product_brand","embeddable":true,"href":"https:\/\/roveyayinevi.com.tr\/index.php\/wp-json\/wp\/v2\/product_brand?post=709286"},{"taxonomy":"product_cat","embeddable":true,"href":"https:\/\/roveyayinevi.com.tr\/index.php\/wp-json\/wp\/v2\/product_cat?post=709286"},{"taxonomy":"product_tag","embeddable":true,"href":"https:\/\/roveyayinevi.com.tr\/index.php\/wp-json\/wp\/v2\/product_tag?post=709286"}],"curies":[{"name":"wp","href":"https:\/\/api.w.org\/{rel}","templated":true}]}}