{"id":709284,"date":"2025-08-27T16:23:35","date_gmt":"2025-08-27T13:23:35","guid":{"rendered":"https:\/\/roveyayinevi.com.tr\/index.php\/urun\/oyun-oynama-sanati\/"},"modified":"2026-04-16T02:18:01","modified_gmt":"2026-04-15T23:18:01","slug":"oyun-oynama-sanati","status":"publish","type":"product","link":"https:\/\/roveyayinevi.com.tr\/index.php\/urun\/oyun-oynama-sanati\/","title":{"rendered":"Oyun Oynama Sanat\u0131"},"content":{"rendered":"<p>\u00c7ocu\u011funuzun davran\u0131\u015f sorunlar\u0131n\u0131 oyun arac\u0131l\u0131\u011f\u0131yla nas\u0131l \u00e7\u00f6zersiniz?Hangi t\u00fcr oyunlar ebeveyn-\u00e7ocuk ba\u011f\u0131n\u0131 g\u00fc\u00e7lendirir?Travmayla ba\u015fa \u00e7\u0131kmakta oyundan nas\u0131l yararlan\u0131rs\u0131n\u0131z? Ev \u00f6devlerini oyunla nas\u0131l keyifli hale getirirsiniz? \u00c7ocuklar anne babalar\u0131yla mutlu ve uyumlu bir ili\u015fki kuramad\u0131klar\u0131nda ya da herhangi bir travma ya\u015fad\u0131klar\u0131nda, aralar\u0131ndaki ba\u011f zay\u0131flar; bu da davran\u0131\u015f sorunlar\u0131na ve duygusal s\u0131k\u0131nt\u0131lara yol a\u00e7abilir. Ama unutmay\u0131n ki, \u00e7ocuklar oyun oynamay\u0131 severler ve kendilerini \u00e7o\u011fu zaman oyunlarla ifade ederler. Siz de \u00e7ocu\u011funuzun sorunlar\u0131n\u0131 oyunun iyile\u015ftirici g\u00fcc\u00fcyle \u00e7\u00f6zebilirsiniz. Peki bunu nas\u0131l yapacaks\u0131n\u0131z? Do\u011fal ebeveynlik ak\u0131m\u0131n\u0131n \u00f6nc\u00fcs\u00fc Aletha J. Solter Oyun Oynama Sanat\u0131\u2019nda \u00e7ocu\u011funuzun stresini azaltacak, aran\u0131zdaki ba\u011f\u0131 g\u00fc\u00e7lendirecek ve davran\u0131\u015f sorunlar\u0131n\u0131 \u00e7\u00f6zecek oyunlar \u00f6neriyor ve bunlar\u0131 nas\u0131l uygulayaca\u011f\u0131n\u0131z\u0131 anlat\u0131yor. Bu kitap evinize ne\u015fe ve kahkaha getirecek! Yazar Hakk\u0131nda: Aletha J. Solter, bilin\u00e7li ebeveynlik konusunda d\u00fcnya \u00e7ap\u0131nda tan\u0131nm\u0131\u015f bir uzmand\u0131r. \u0130svi\u00e7re Cenevre \u00dcniversitesi\u2019nde insan biyolojisi mast\u0131r\u0131, Kaliforniya \u00dcniversitesi\u2019nde (Santa Barbara) psikoloji doktoras\u0131 yapan Solter, Aware Parenting Institute\u2019un (Bilin\u00e7li Ebeveynlik Enstit\u00fcs\u00fc) kurucusudur. \u0130ki \u00e7ocuk annesi olan Solter, d\u00fcnyan\u0131n pek \u00e7ok \u00fclkesindeki anne babalar ve profesyoneller i\u00e7in bilin\u00e7li ebeveynlik workshop\u2019lar\u0131 d\u00fczenlemektedir. Solter\u2019\u0131n Bilin\u00e7li Bebek ve \u00c7ocu\u011funuza Kulak Verin adl\u0131 kitaplar\u0131 da Do\u011fan Kitap taraf\u0131ndan yay\u0131mlanm\u0131\u015ft\u0131r. <\/p>\n","protected":false},"excerpt":{"rendered":"<p>\u00c7ocu\u011funuzun davran\u0131\u015f sorunlar\u0131n\u0131 oyun arac\u0131l\u0131\u011f\u0131yla nas\u0131l \u00e7\u00f6zersiniz?Hangi t\u00fcr oyunlar ebeveyn-\u00e7ocuk ba\u011f\u0131n\u0131 g\u00fc\u00e7lendirir?Travmayla ba\u015fa \u00e7\u0131kmakta oyundan nas\u0131l yararlan\u0131rs\u0131n\u0131z? Ev \u00f6devlerini oyunla nas\u0131l keyifli hale getirirsiniz? \u00c7ocuklar anne<span class=\"excerpt-hellip\"> [\u2026]<\/span><\/p>\n","protected":false},"featured_media":0,"template":"","meta":{"_monsterinsights_skip_tracking":false,"_monsterinsights_sitenote_active":false,"_monsterinsights_sitenote_note":"","_monsterinsights_sitenote_category":0},"product_brand":[],"product_cat":[26509,13365],"product_tag":[],"class_list":{"0":"post-709284","1":"product","2":"type-product","3":"status-publish","5":"product_cat-cocuk-gelisimi","6":"product_cat-saglik","7":"pa_cilt-ciltsiz","8":"pa_tur-kitap","9":"pa_yayinevi-dogan-kitap","10":"pa_yazar-aletha-solter","12":"first","13":"instock","14":"sale","15":"shipping-taxable","16":"purchasable","17":"product-type-simple"},"_links":{"self":[{"href":"https:\/\/roveyayinevi.com.tr\/index.php\/wp-json\/wp\/v2\/product\/709284","targetHints":{"allow":["GET"]}}],"collection":[{"href":"https:\/\/roveyayinevi.com.tr\/index.php\/wp-json\/wp\/v2\/product"}],"about":[{"href":"https:\/\/roveyayinevi.com.tr\/index.php\/wp-json\/wp\/v2\/types\/product"}],"wp:attachment":[{"href":"https:\/\/roveyayinevi.com.tr\/index.php\/wp-json\/wp\/v2\/media?parent=709284"}],"wp:term":[{"taxonomy":"product_brand","embeddable":true,"href":"https:\/\/roveyayinevi.com.tr\/index.php\/wp-json\/wp\/v2\/product_brand?post=709284"},{"taxonomy":"product_cat","embeddable":true,"href":"https:\/\/roveyayinevi.com.tr\/index.php\/wp-json\/wp\/v2\/product_cat?post=709284"},{"taxonomy":"product_tag","embeddable":true,"href":"https:\/\/roveyayinevi.com.tr\/index.php\/wp-json\/wp\/v2\/product_tag?post=709284"}],"curies":[{"name":"wp","href":"https:\/\/api.w.org\/{rel}","templated":true}]}}