{"id":709283,"date":"2025-08-27T16:23:35","date_gmt":"2025-08-27T13:23:35","guid":{"rendered":"https:\/\/roveyayinevi.com.tr\/index.php\/urun\/ayilarin-meshur-sicilya-baskini\/"},"modified":"2026-04-16T02:18:01","modified_gmt":"2026-04-15T23:18:01","slug":"ayilarin-meshur-sicilya-baskini","status":"publish","type":"product","link":"https:\/\/roveyayinevi.com.tr\/index.php\/urun\/ayilarin-meshur-sicilya-baskini\/","title":{"rendered":"Ay\u0131lar\u0131n Me\u015fhur Sicilya Bask\u0131n\u0131"},"content":{"rendered":"<p>\u0130talya\u2019n\u0131n en \u00f6nemli yazarlar\u0131ndan Dino Buzzati mizahla hayalin harmanland\u0131\u011f\u0131 ola\u011fan\u00fcst\u00fc bir sava\u015f hik\u00e2yesini, destans\u0131 bir masal\u0131 okurlara sunuyor. Uzun y\u0131llar \u00f6nce Sicilya\u2019n\u0131n en ya\u015fl\u0131 da\u011flar\u0131nda, Ay\u0131lar Kral\u0131 Aslanay\u0131\u2019n\u0131n o\u011flu Tombik iki avc\u0131 taraf\u0131ndan ka\u00e7\u0131r\u0131l\u0131r ve vadinin a\u015fa\u011f\u0131s\u0131na g\u00f6t\u00fcr\u00fcl\u00fcr. O g\u00fcnden sonra da kendisinden bir daha haber al\u0131namaz. Hi\u00e7 g\u00f6r\u00fclmedik korkun\u00e7 so\u011fuk bir k\u0131\u015f gelir ve ay\u0131 halk\u0131n\u0131 a\u00e7l\u0131kla kar\u015f\u0131 kar\u015f\u0131ya b\u0131rak\u0131r. Yavru ay\u0131lar\u0131 geceler boyu a\u011flatan, a\u00e7l\u0131kla halsiz b\u0131rakan \u015fiddetli k\u0131\u015f\u0131 f\u0131rsat bilen Kral, insanlar\u0131n ya\u015fad\u0131\u011f\u0131 vadiyi i\u015fgal etmeye karar verir. Ordusu ve b\u00fcy\u00fcc\u00fcs\u00fcn\u00fcn yard\u0131m\u0131yla zafer kazanan Kral, o\u011flu Tombik\u2019e kavu\u015fur. Ay\u0131lar Kral\u0131 Aslanay\u0131 \u00e7ok ge\u00e7meden insanlar d\u00fcnyas\u0131n\u0131n ay\u0131 halk\u0131n\u0131n ya\u015famas\u0131na elveri\u015fli olmad\u0131\u011f\u0131n\u0131 anlayacakt\u0131r&#8230;<\/p>\n","protected":false},"excerpt":{"rendered":"<p>\u0130talya\u2019n\u0131n en \u00f6nemli yazarlar\u0131ndan Dino Buzzati mizahla hayalin harmanland\u0131\u011f\u0131 ola\u011fan\u00fcst\u00fc bir sava\u015f hik\u00e2yesini, destans\u0131 bir masal\u0131 okurlara sunuyor. Uzun y\u0131llar \u00f6nce Sicilya\u2019n\u0131n en ya\u015fl\u0131 da\u011flar\u0131nda, Ay\u0131lar<span class=\"excerpt-hellip\"> [\u2026]<\/span><\/p>\n","protected":false},"featured_media":0,"template":"","meta":{"_monsterinsights_skip_tracking":false,"_monsterinsights_sitenote_active":false,"_monsterinsights_sitenote_note":"","_monsterinsights_sitenote_category":0},"product_brand":[],"product_cat":[12275,12274],"product_tag":[],"class_list":{"0":"post-709283","1":"product","2":"type-product","3":"status-publish","5":"product_cat-6-12-yas-kitaplari","6":"product_cat-cocuk-ve-genclik-kitaplari","7":"pa_cilt-ciltsiz","8":"pa_tur-kitap","9":"pa_yayinevi-yapi-kredi-yayinlari","10":"pa_yazar-dino-buzzati","12":"first","13":"instock","14":"sale","15":"shipping-taxable","16":"purchasable","17":"product-type-simple"},"_links":{"self":[{"href":"https:\/\/roveyayinevi.com.tr\/index.php\/wp-json\/wp\/v2\/product\/709283","targetHints":{"allow":["GET"]}}],"collection":[{"href":"https:\/\/roveyayinevi.com.tr\/index.php\/wp-json\/wp\/v2\/product"}],"about":[{"href":"https:\/\/roveyayinevi.com.tr\/index.php\/wp-json\/wp\/v2\/types\/product"}],"wp:attachment":[{"href":"https:\/\/roveyayinevi.com.tr\/index.php\/wp-json\/wp\/v2\/media?parent=709283"}],"wp:term":[{"taxonomy":"product_brand","embeddable":true,"href":"https:\/\/roveyayinevi.com.tr\/index.php\/wp-json\/wp\/v2\/product_brand?post=709283"},{"taxonomy":"product_cat","embeddable":true,"href":"https:\/\/roveyayinevi.com.tr\/index.php\/wp-json\/wp\/v2\/product_cat?post=709283"},{"taxonomy":"product_tag","embeddable":true,"href":"https:\/\/roveyayinevi.com.tr\/index.php\/wp-json\/wp\/v2\/product_tag?post=709283"}],"curies":[{"name":"wp","href":"https:\/\/api.w.org\/{rel}","templated":true}]}}