{"id":709281,"date":"2025-08-27T16:23:34","date_gmt":"2025-08-27T13:23:34","guid":{"rendered":"https:\/\/roveyayinevi.com.tr\/index.php\/urun\/dalgin-dis-perisi\/"},"modified":"2026-04-16T02:18:00","modified_gmt":"2026-04-15T23:18:00","slug":"dalgin-dis-perisi","status":"publish","type":"product","link":"https:\/\/roveyayinevi.com.tr\/index.php\/urun\/dalgin-dis-perisi\/","title":{"rendered":"Dalg\u0131n Di\u015f Perisi"},"content":{"rendered":"<p>Pedagog Sibel \u015eeng\u00fcl\u2019den bir ilk kitap: Dalg\u0131n Di\u015f Perisi. Herkesin \u00e7ok sa\u011fl\u0131kl\u0131 di\u015flere sahip oldu\u011fu \u00fclkenin di\u015f perileri \u00e7ok \u00e7al\u0131\u015fkanm\u0131\u015f. Y\u0131lmadan usanmadan, \u00e7ocuklara di\u015f bak\u0131m\u0131yla ilgili k\u0131lavuzlar da\u011f\u0131t\u0131p onlar\u0131 bilin\u00e7lendiriyorlarm\u0131\u015f. Ama bir g\u00fcn, bir \u00e7ocu\u011fun di\u015finin a\u011fr\u0131d\u0131\u011f\u0131 haberi yay\u0131l\u0131nca herkes \u00e7ok \u015fa\u015f\u0131rm\u0131\u015f. Dalg\u0131n di\u015f perisinin y\u00fcz\u00fcndenmi\u015f her \u015fey\u2026 \u00d6yk\u00fc G\u00f6lemen\u2019in yaratt\u0131\u011f\u0131 dalg\u0131n periyle tan\u0131\u015fmaya haz\u0131r m\u0131s\u0131n\u0131z? \u201cDi\u015f perisi, \u00e7ocuklar i\u00e7in yaz\u0131lm\u0131\u015f masal kitaplar\u0131n\u0131n aralar\u0131na birer k\u0131lavuz yerle\u015ftirdi. Masal kitaplar\u0131n\u0131 \u00e7ok seven \u00e7ocuklar, k\u0131lavuzlar\u0131 da bulup okusunlar diye. Hi\u00e7 \u015fa\u015f\u0131rma, dalg\u0131n ve unutkan bir di\u015f perisi bile \u00e7ocuklar\u0131n masal kitaplar\u0131n\u0131 \u00e7ok sevdi\u011fini bilir. Sepeti bo\u015fald\u0131k\u00e7a yeni k\u0131lavuzlar getirerek b\u00fct\u00fcn kitap\u00e7\u0131lar\u0131 dola\u015ft\u0131. O gece yata\u011f\u0131ndan kalk\u0131p g\u00f6ky\u00fcz\u00fcne bakabilseydin, dalg\u0131n ve unutkan di\u015f perisinin sabaha kadar \u00e7al\u0131\u015ft\u0131\u011f\u0131n\u0131 kendi g\u00f6zlerinle g\u00f6rebilirdin!\u201c \ufffcTan\u0131t\u0131m Metni<\/p>\n","protected":false},"excerpt":{"rendered":"<p>Pedagog Sibel \u015eeng\u00fcl\u2019den bir ilk kitap: Dalg\u0131n Di\u015f Perisi. Herkesin \u00e7ok sa\u011fl\u0131kl\u0131 di\u015flere sahip oldu\u011fu \u00fclkenin di\u015f perileri \u00e7ok \u00e7al\u0131\u015fkanm\u0131\u015f. Y\u0131lmadan usanmadan, \u00e7ocuklara di\u015f bak\u0131m\u0131yla ilgili<span class=\"excerpt-hellip\"> [\u2026]<\/span><\/p>\n","protected":false},"featured_media":0,"template":"","meta":{"_monsterinsights_skip_tracking":false,"_monsterinsights_sitenote_active":false,"_monsterinsights_sitenote_note":"","_monsterinsights_sitenote_category":0},"product_brand":[],"product_cat":[12275,12274],"product_tag":[],"class_list":{"0":"post-709281","1":"product","2":"type-product","3":"status-publish","5":"product_cat-6-12-yas-kitaplari","6":"product_cat-cocuk-ve-genclik-kitaplari","7":"pa_cilt-ciltsiz","8":"pa_tur-kitap","9":"pa_yayinevi-yapi-kredi-yayinlari","10":"pa_yazar-sibel-sengul","12":"first","13":"instock","14":"sale","15":"shipping-taxable","16":"purchasable","17":"product-type-simple"},"_links":{"self":[{"href":"https:\/\/roveyayinevi.com.tr\/index.php\/wp-json\/wp\/v2\/product\/709281","targetHints":{"allow":["GET"]}}],"collection":[{"href":"https:\/\/roveyayinevi.com.tr\/index.php\/wp-json\/wp\/v2\/product"}],"about":[{"href":"https:\/\/roveyayinevi.com.tr\/index.php\/wp-json\/wp\/v2\/types\/product"}],"wp:attachment":[{"href":"https:\/\/roveyayinevi.com.tr\/index.php\/wp-json\/wp\/v2\/media?parent=709281"}],"wp:term":[{"taxonomy":"product_brand","embeddable":true,"href":"https:\/\/roveyayinevi.com.tr\/index.php\/wp-json\/wp\/v2\/product_brand?post=709281"},{"taxonomy":"product_cat","embeddable":true,"href":"https:\/\/roveyayinevi.com.tr\/index.php\/wp-json\/wp\/v2\/product_cat?post=709281"},{"taxonomy":"product_tag","embeddable":true,"href":"https:\/\/roveyayinevi.com.tr\/index.php\/wp-json\/wp\/v2\/product_tag?post=709281"}],"curies":[{"name":"wp","href":"https:\/\/api.w.org\/{rel}","templated":true}]}}