{"id":709280,"date":"2025-08-27T16:23:33","date_gmt":"2025-08-27T13:23:33","guid":{"rendered":"https:\/\/roveyayinevi.com.tr\/index.php\/urun\/sevecen-ile-tomurcuk-etkinlik-kitabi-serisi-2-sevecenin-dogum-gunu-cikartmali\/"},"modified":"2026-04-16T02:18:00","modified_gmt":"2026-04-15T23:18:00","slug":"sevecen-ile-tomurcuk-etkinlik-kitabi-serisi-2-sevecenin-dogum-gunu-cikartmali","status":"publish","type":"product","link":"https:\/\/roveyayinevi.com.tr\/index.php\/urun\/sevecen-ile-tomurcuk-etkinlik-kitabi-serisi-2-sevecenin-dogum-gunu-cikartmali\/","title":{"rendered":"Sevecen ile Tomurcuk Etkinlik Kitab\u0131 Serisi 2 &#8211; Sevecen\u2019in Do\u011fum G\u00fcn\u00fc (\u00c7\u0131kartmal\u0131)"},"content":{"rendered":"<p>U\u011furb\u00f6ce\u011fi Sevecen ve Salyangoz Tomurcuk ile rengarenk bir macera! Sevecen\u2019in Do\u011fum G\u00fcn\u00fc, \u00e7ocuklar\u0131 boya kalemleriyle birlikte U\u011furb\u00f6ce\u011fi Sevecen ile Salyangoz Tomurcuk\u2019un renkli d\u00fcnyas\u0131na \u00e7a\u011f\u0131r\u0131yor: Masallar, e\u011flenceli bilmeceler, boyama, \u00e7izimler, ak\u0131l y\u00fcr\u00fctme ve matematik&#8230; Okurken e\u011flenmek, \u00e7\u00f6zerken \u00f6\u011frenmek, boyarken d\u00fc\u015f\u00fcnmek i\u00e7in \ufffcTan\u0131t\u0131m Metni<\/p>\n","protected":false},"excerpt":{"rendered":"<p>U\u011furb\u00f6ce\u011fi Sevecen ve Salyangoz Tomurcuk ile rengarenk bir macera! Sevecen\u2019in Do\u011fum G\u00fcn\u00fc, \u00e7ocuklar\u0131 boya kalemleriyle birlikte U\u011furb\u00f6ce\u011fi Sevecen ile Salyangoz Tomurcuk\u2019un renkli d\u00fcnyas\u0131na \u00e7a\u011f\u0131r\u0131yor: Masallar, e\u011flenceli<span class=\"excerpt-hellip\"> [\u2026]<\/span><\/p>\n","protected":false},"featured_media":0,"template":"","meta":{"_monsterinsights_skip_tracking":false,"_monsterinsights_sitenote_active":false,"_monsterinsights_sitenote_note":"","_monsterinsights_sitenote_category":0},"product_brand":[],"product_cat":[12644,12274],"product_tag":[],"class_list":{"0":"post-709280","1":"product","2":"type-product","3":"status-publish","5":"product_cat-boyama-kitaplari","6":"product_cat-cocuk-ve-genclik-kitaplari","7":"pa_cilt-ciltsiz","8":"pa_tur-kitap","9":"pa_yayinevi-yapi-kredi-yayinlari","10":"pa_yazar-erika-bartos","12":"first","13":"instock","14":"sale","15":"shipping-taxable","16":"purchasable","17":"product-type-simple"},"_links":{"self":[{"href":"https:\/\/roveyayinevi.com.tr\/index.php\/wp-json\/wp\/v2\/product\/709280","targetHints":{"allow":["GET"]}}],"collection":[{"href":"https:\/\/roveyayinevi.com.tr\/index.php\/wp-json\/wp\/v2\/product"}],"about":[{"href":"https:\/\/roveyayinevi.com.tr\/index.php\/wp-json\/wp\/v2\/types\/product"}],"wp:attachment":[{"href":"https:\/\/roveyayinevi.com.tr\/index.php\/wp-json\/wp\/v2\/media?parent=709280"}],"wp:term":[{"taxonomy":"product_brand","embeddable":true,"href":"https:\/\/roveyayinevi.com.tr\/index.php\/wp-json\/wp\/v2\/product_brand?post=709280"},{"taxonomy":"product_cat","embeddable":true,"href":"https:\/\/roveyayinevi.com.tr\/index.php\/wp-json\/wp\/v2\/product_cat?post=709280"},{"taxonomy":"product_tag","embeddable":true,"href":"https:\/\/roveyayinevi.com.tr\/index.php\/wp-json\/wp\/v2\/product_tag?post=709280"}],"curies":[{"name":"wp","href":"https:\/\/api.w.org\/{rel}","templated":true}]}}