{"id":709278,"date":"2025-08-27T16:23:32","date_gmt":"2025-08-27T13:23:32","guid":{"rendered":"https:\/\/roveyayinevi.com.tr\/index.php\/urun\/sir-gawain-ve-yesil-sovalye\/"},"modified":"2026-04-16T02:18:00","modified_gmt":"2026-04-15T23:18:00","slug":"sir-gawain-ve-yesil-sovalye","status":"publish","type":"product","link":"https:\/\/roveyayinevi.com.tr\/index.php\/urun\/sir-gawain-ve-yesil-sovalye\/","title":{"rendered":"Sir Gawain ve Ye\u015fil \u015e\u00f6valye"},"content":{"rendered":"<p>On d\u00f6rd\u00fcnc\u00fc y\u00fczy\u0131l sonlar\u0131nda kimli\u011fi bilinmeyen bir \u015fairin yazd\u0131\u011f\u0131 Sir Gawain ve Ye\u015fil \u015e\u00f6valye dolayl\u0131 bir ahlak dersi olmas\u0131n\u0131n yan\u0131 s\u0131ra ayn\u0131 zamanda bir b\u00fcy\u00fc, korku, ba\u015ftan \u00e7\u0131karma ve macera hik\u00e2yesidir. Noel ak\u015fam\u0131, elinde koca bir baltayla Arthur\u2019un \u015f\u00f6lenine dalan, at\u0131 da kendisi gibi yemye\u015fil bir \u015f\u00f6valye, kral\u0131 bir oyuna davet eder. Kral\u0131n yerine bu meydan okumay\u0131 kabul eden Gawain adl\u0131 \u015f\u00f6valye hik\u00e2yenin devam\u0131nda hem fiziksel, hem ahlaki a\u00e7\u0131dan s\u0131nanacakt\u0131r. \u015eiirde standart \u0130ngilizceyle g\u00fcnl\u00fck dil, Platonik a\u015fkla cinsellik, zarif davran\u0131\u015flarla kan ve vah\u015fet, zengin do\u011fa g\u00f6r\u00fcn\u00fcmleriyle \u015fa\u015faal\u0131 kapal\u0131 mek\u00e2n tasvirleri i\u00e7 i\u00e7e ge\u00e7er. \u015e\u00f6valye hik\u00e2yelerinin klasik d\u00fczeni Sir Gawain ve Ye\u015fil \u015e\u00f6valye i\u00e7in de ge\u00e7erlidir: Temeli \u0130sa\u2019n\u0131n Kutsal K\u00e2sesi\u2019ni aramak olan bir yolculuk, ba\u015f edilmesi gereken do\u011fa\u00fcst\u00fc bir d\u00fc\u015fman, \u00f6l\u00fcmle y\u00fczle\u015fme ve bu deneyim sonunda \u015f\u00f6valyenin daha olgun bir insana d\u00f6n\u00fc\u015fmesi&#8230; \ufffcTan\u0131t\u0131m Metni<\/p>\n","protected":false},"excerpt":{"rendered":"<p>On d\u00f6rd\u00fcnc\u00fc y\u00fczy\u0131l sonlar\u0131nda kimli\u011fi bilinmeyen bir \u015fairin yazd\u0131\u011f\u0131 Sir Gawain ve Ye\u015fil \u015e\u00f6valye dolayl\u0131 bir ahlak dersi olmas\u0131n\u0131n yan\u0131 s\u0131ra ayn\u0131 zamanda bir b\u00fcy\u00fc, korku,<span class=\"excerpt-hellip\"> [\u2026]<\/span><\/p>\n","protected":false},"featured_media":0,"template":"","meta":{"_monsterinsights_skip_tracking":false,"_monsterinsights_sitenote_active":false,"_monsterinsights_sitenote_note":"","_monsterinsights_sitenote_category":0},"product_brand":[],"product_cat":[12291,12509],"product_tag":[],"class_list":{"0":"post-709278","1":"product","2":"type-product","3":"status-publish","5":"product_cat-edebiyat","6":"product_cat-siir","7":"pa_cilt-ciltsiz","8":"pa_tur-kitap","9":"pa_yayinevi-yapi-kredi-yayinlari","10":"pa_yazar-anonim","12":"first","13":"instock","14":"sale","15":"shipping-taxable","16":"purchasable","17":"product-type-simple"},"_links":{"self":[{"href":"https:\/\/roveyayinevi.com.tr\/index.php\/wp-json\/wp\/v2\/product\/709278","targetHints":{"allow":["GET"]}}],"collection":[{"href":"https:\/\/roveyayinevi.com.tr\/index.php\/wp-json\/wp\/v2\/product"}],"about":[{"href":"https:\/\/roveyayinevi.com.tr\/index.php\/wp-json\/wp\/v2\/types\/product"}],"wp:attachment":[{"href":"https:\/\/roveyayinevi.com.tr\/index.php\/wp-json\/wp\/v2\/media?parent=709278"}],"wp:term":[{"taxonomy":"product_brand","embeddable":true,"href":"https:\/\/roveyayinevi.com.tr\/index.php\/wp-json\/wp\/v2\/product_brand?post=709278"},{"taxonomy":"product_cat","embeddable":true,"href":"https:\/\/roveyayinevi.com.tr\/index.php\/wp-json\/wp\/v2\/product_cat?post=709278"},{"taxonomy":"product_tag","embeddable":true,"href":"https:\/\/roveyayinevi.com.tr\/index.php\/wp-json\/wp\/v2\/product_tag?post=709278"}],"curies":[{"name":"wp","href":"https:\/\/api.w.org\/{rel}","templated":true}]}}