{"id":709277,"date":"2025-08-27T16:23:31","date_gmt":"2025-08-27T13:23:31","guid":{"rendered":"https:\/\/roveyayinevi.com.tr\/index.php\/urun\/yercekimli-karanfil\/"},"modified":"2026-04-16T02:18:00","modified_gmt":"2026-04-15T23:18:00","slug":"yercekimli-karanfil","status":"publish","type":"product","link":"https:\/\/roveyayinevi.com.tr\/index.php\/urun\/yercekimli-karanfil\/","title":{"rendered":"Yer\u00e7ekimli Karanfil"},"content":{"rendered":"<p>Yap\u0131 Kredi Yay\u0131nlar\u0131 toplu \u015fiirlerini yay\u0131mlad\u0131\u011f\u0131 \u015fairlerin kitaplar\u0131n\u0131n tekil bask\u0131lar\u0131n\u0131 yapmaya devam ediyor. Ben Ruhi Bey Nas\u0131l\u0131m\u2019\u0131n ard\u0131ndan Edip Cansever\u2019in 1958 Yeditepe \u015eiir Arma\u011fan\u0131\u2019na lay\u0131k g\u00f6r\u00fclen kitab\u0131 Yer\u00e7ekimli Karanfil 1957 y\u0131l\u0131nda yap\u0131lan ilk bask\u0131s\u0131ndaki Orhan Peker\u2019e ait \u00f6zg\u00fcn kapak tasar\u0131m\u0131yla okurla yeniden bulu\u015fuyor.Sen o karanfile e\u011filimlisin, al\u0131p sana veriyorum i\u015fte Sen de bir ba\u015fkas\u0131na veriyorsun daha g\u00fczel O ba\u015fkas\u0131 yok mu? bir yan\u0131ndakine veriyor Derken karanfil elden ele..G\u00f6r\u00fcyorsun ya bir sevday\u0131 b\u00fcy\u00fct\u00fcyoruz seninle Sana de\u011finiyorum, sana \u0131s\u0131n\u0131yorum, bu o de\u011fil Bak nas\u0131l, beyaza keser gibisine yedi renk Birle\u015fiyoruz sessizce. <\/p>\n","protected":false},"excerpt":{"rendered":"<p>Yap\u0131 Kredi Yay\u0131nlar\u0131 toplu \u015fiirlerini yay\u0131mlad\u0131\u011f\u0131 \u015fairlerin kitaplar\u0131n\u0131n tekil bask\u0131lar\u0131n\u0131 yapmaya devam ediyor. Ben Ruhi Bey Nas\u0131l\u0131m\u2019\u0131n ard\u0131ndan Edip Cansever\u2019in 1958 Yeditepe \u015eiir Arma\u011fan\u0131\u2019na lay\u0131k g\u00f6r\u00fclen<span class=\"excerpt-hellip\"> [\u2026]<\/span><\/p>\n","protected":false},"featured_media":0,"template":"","meta":{"_monsterinsights_skip_tracking":false,"_monsterinsights_sitenote_active":false,"_monsterinsights_sitenote_note":"","_monsterinsights_sitenote_category":0},"product_brand":[],"product_cat":[12291,12509],"product_tag":[],"class_list":{"0":"post-709277","1":"product","2":"type-product","3":"status-publish","5":"product_cat-edebiyat","6":"product_cat-siir","7":"pa_cilt-ciltsiz","8":"pa_tur-kitap","9":"pa_yayinevi-yapi-kredi-yayinlari","10":"pa_yazar-edip-cansever","12":"first","13":"instock","14":"sale","15":"shipping-taxable","16":"purchasable","17":"product-type-simple"},"_links":{"self":[{"href":"https:\/\/roveyayinevi.com.tr\/index.php\/wp-json\/wp\/v2\/product\/709277","targetHints":{"allow":["GET"]}}],"collection":[{"href":"https:\/\/roveyayinevi.com.tr\/index.php\/wp-json\/wp\/v2\/product"}],"about":[{"href":"https:\/\/roveyayinevi.com.tr\/index.php\/wp-json\/wp\/v2\/types\/product"}],"wp:attachment":[{"href":"https:\/\/roveyayinevi.com.tr\/index.php\/wp-json\/wp\/v2\/media?parent=709277"}],"wp:term":[{"taxonomy":"product_brand","embeddable":true,"href":"https:\/\/roveyayinevi.com.tr\/index.php\/wp-json\/wp\/v2\/product_brand?post=709277"},{"taxonomy":"product_cat","embeddable":true,"href":"https:\/\/roveyayinevi.com.tr\/index.php\/wp-json\/wp\/v2\/product_cat?post=709277"},{"taxonomy":"product_tag","embeddable":true,"href":"https:\/\/roveyayinevi.com.tr\/index.php\/wp-json\/wp\/v2\/product_tag?post=709277"}],"curies":[{"name":"wp","href":"https:\/\/api.w.org\/{rel}","templated":true}]}}