{"id":709276,"date":"2025-08-27T16:23:31","date_gmt":"2025-08-27T13:23:31","guid":{"rendered":"https:\/\/roveyayinevi.com.tr\/index.php\/urun\/arayis-tarih-ve-dinde-anlam\/"},"modified":"2026-04-16T02:18:00","modified_gmt":"2026-04-15T23:18:00","slug":"arayis-tarih-ve-dinde-anlam","status":"publish","type":"product","link":"https:\/\/roveyayinevi.com.tr\/index.php\/urun\/arayis-tarih-ve-dinde-anlam\/","title":{"rendered":"Aray\u0131\u015f &#8211; Tarih ve Dinde Anlam"},"content":{"rendered":"<p>Ger\u00e7ek ve anlaml\u0131 bir d\u00fcnya, kutsal\u0131n izd\u00fc\u015f\u00fcm\u00fcnde sakl\u0131d\u0131r. \u0130nsan b\u00fcy\u00fck bir kaosun ortas\u0131nda anlama ancak kutsala ili\u015fkin deneyim arac\u0131l\u0131\u011f\u0131yla ula\u015f\u0131r. Kutsal\u0131n anlam\u0131 zaman\u0131n ak\u0131\u015f\u0131nda \u00e7a\u011f- lar boyunca farkl\u0131 k\u00fclt\u00fcrlerde farkl\u0131 niteliklere b\u00fcr\u00fcnm\u00fc\u015f olsa da, \u00f6z\u00fcnde insan\u0131n iki \u00f6nemli \u00f6zelli\u011fi yatar: yarat\u0131c\u0131l\u0131k ve dinsellik. \u0130kisi birlikte mitleri, \u00e2yinleri, imgeleri, simgeleri, k\u0131saca \u201cdinsel yarat\u0131lar\u0131\u201d \u00fcreterek insan\u0131n deneyimlerine ifade kazand\u0131r\u0131r, anlam d\u00fcnyalar\u0131n\u0131 yarat\u0131r, evrendeki benzersiz varolu\u015funu gerek\u00e7elendirirler. Tam da bu noktada, Eliade \u00f6nemli bir noktay\u0131 i\u015faret eder: \u0130nsan\u0131n yeni, bilmedi\u011fi, az bildi\u011fi anlam d\u00fcnyalar\u0131yla kar\u015f\u0131la\u015fmas\u0131 varolu\u015funun (paradoksal) anlam\u0131na da yeni boyutlar kazand\u0131racakt\u0131r. Bunun i\u00e7inse yeni bir be\u015feri bilime, farkl\u0131 ve yarat\u0131c\u0131 bir yorumbilgisine ihtiya\u00e7 vard\u0131r. Eliade\u2019nin s\u00f6z\u00fcn\u00fc etti\u011fi \u201cyarat\u0131c\u0131 yorumbilgisi\u201d yeni olanaklar\u0131n kap\u0131s\u0131n\u0131 aralayarak bilginin s\u0131n\u0131rlar\u0131n\u0131 zorlayan, aksi takdirde eski metinlerde \u201csakl\u0131\u201d kalacak anlamlar\u0131 kavramaya \u00e7al\u0131\u015fan bir y\u00f6ntemdir. Hem akl\u0131, hem de hayal g\u00fcc\u00fcn\u00fc kullanarak belgelerin, kaynaklar\u0131n arkas\u0131ndaki tinsel mesaj\u0131 kavramaya \u00e7al\u0131\u015fan bir yakla\u015f\u0131md\u0131r. \u0130nsan\u0131n d\u00fcnyadaki benzersiz varolu\u015fu kutsala ili\u015fkin deneyimi arac\u0131l\u0131\u011f\u0131yla \u015fekillendi\u011fi i\u00e7in de dinsel fikirlerin ve fenomenlerin zaman\u0131n ak\u0131- \u015f\u0131nda b\u00fcr\u00fcnd\u00fc\u011f\u00fc anlamlar\u0131n aray\u0131\u015f\u0131 insanda yeni bir fark\u0131ndal\u0131\u011fa, bir uyan\u0131\u015fa yol a\u00e7acakt\u0131r. Eliade bu nedenle tarih a\u015f\u0131r\u0131, k\u00fclt\u00fcrler aras\u0131, b\u00fct\u00fcnc\u00fcl bir be\u015feribilimsel yakla\u015f\u0131m\u0131n \u00f6nemini vurgular. \u0130nsanl\u0131\u011f\u0131n dinsel yarat\u0131c\u0131l\u0131\u011f\u0131 ve d\u00fc\u015f\u00fcnme bi\u00e7iminin tarih boyunca kar\u015f\u0131m\u0131za \u00e7\u0131kard\u0131\u011f\u0131 ifade ve bi\u00e7im \u00e7e\u015fitlili\u011fine insanl\u0131\u011f\u0131 ay\u0131ran farkl\u0131l\u0131klardansa, yak\u0131nla\u015ft\u0131ran tarih a\u015f\u0131r\u0131 ortak \u00f6r\u00fcnt\u00fclerin saptan\u0131p incelenmesinin \u00f6nemine dikkat \u00e7eker. \ufffcTan\u0131t\u0131m Metni<\/p>\n","protected":false},"excerpt":{"rendered":"<p>Ger\u00e7ek ve anlaml\u0131 bir d\u00fcnya, kutsal\u0131n izd\u00fc\u015f\u00fcm\u00fcnde sakl\u0131d\u0131r. \u0130nsan b\u00fcy\u00fck bir kaosun ortas\u0131nda anlama ancak kutsala ili\u015fkin deneyim arac\u0131l\u0131\u011f\u0131yla ula\u015f\u0131r. Kutsal\u0131n anlam\u0131 zaman\u0131n ak\u0131\u015f\u0131nda \u00e7a\u011f- lar<span class=\"excerpt-hellip\"> [\u2026]<\/span><\/p>\n","protected":false},"featured_media":0,"template":"","meta":{"_monsterinsights_skip_tracking":false,"_monsterinsights_sitenote_active":false,"_monsterinsights_sitenote_note":"","_monsterinsights_sitenote_category":0},"product_brand":[],"product_cat":[15499,13488],"product_tag":[],"class_list":{"0":"post-709276","1":"product","2":"type-product","3":"status-publish","5":"product_cat-antropoloji","6":"product_cat-toplum-ve-insan","7":"pa_cilt-ciltsiz","8":"pa_tur-kitap","9":"pa_yayinevi-dogu-bati-yayinlari","10":"pa_yazar-mircea-eliade","12":"first","13":"instock","14":"sale","15":"shipping-taxable","16":"purchasable","17":"product-type-simple"},"_links":{"self":[{"href":"https:\/\/roveyayinevi.com.tr\/index.php\/wp-json\/wp\/v2\/product\/709276","targetHints":{"allow":["GET"]}}],"collection":[{"href":"https:\/\/roveyayinevi.com.tr\/index.php\/wp-json\/wp\/v2\/product"}],"about":[{"href":"https:\/\/roveyayinevi.com.tr\/index.php\/wp-json\/wp\/v2\/types\/product"}],"wp:attachment":[{"href":"https:\/\/roveyayinevi.com.tr\/index.php\/wp-json\/wp\/v2\/media?parent=709276"}],"wp:term":[{"taxonomy":"product_brand","embeddable":true,"href":"https:\/\/roveyayinevi.com.tr\/index.php\/wp-json\/wp\/v2\/product_brand?post=709276"},{"taxonomy":"product_cat","embeddable":true,"href":"https:\/\/roveyayinevi.com.tr\/index.php\/wp-json\/wp\/v2\/product_cat?post=709276"},{"taxonomy":"product_tag","embeddable":true,"href":"https:\/\/roveyayinevi.com.tr\/index.php\/wp-json\/wp\/v2\/product_tag?post=709276"}],"curies":[{"name":"wp","href":"https:\/\/api.w.org\/{rel}","templated":true}]}}