{"id":709274,"date":"2025-08-27T16:23:30","date_gmt":"2025-08-27T13:23:30","guid":{"rendered":"https:\/\/roveyayinevi.com.tr\/index.php\/urun\/siyah-lale-7\/"},"modified":"2026-04-16T02:18:00","modified_gmt":"2026-04-15T23:18:00","slug":"siyah-lale-7","status":"publish","type":"product","link":"https:\/\/roveyayinevi.com.tr\/index.php\/urun\/siyah-lale-7\/","title":{"rendered":"Siyah Lale"},"content":{"rendered":"<p>Hollanda \u00c7i\u00e7ek Yeti\u015ftiricileri Derne\u011fi kusursuz bir siyah lale yeti\u015ftiren ki\u015fiye b\u00fcy\u00fck bir \u00f6d\u00fcl vadeder. Bu haber \u00fclkedeki t\u00fcm \u00e7i\u00e7ek merakl\u0131lar\u0131n\u0131 harekete ge\u00e7irir. Siyah laleyi yeti\u015ftirmek i\u00e7in u\u011fra\u015fanlardan biri de Cornelius Van Baerle\u2019dir. Van Baerle, kendisine b\u00fcy\u00fck bir servet b\u0131rakarak hayata veda eden babas\u0131n\u0131n \u201csakin bir ya\u015fam kur ve huzuru, mutlulu\u011fu ara\u201d \u00f6\u011f\u00fcd\u00fcn\u00fc tutarak doktorluk mesle\u011fini b\u0131rak\u0131p lale yeti\u015ftiricili\u011fiyle ilgilenmeye ba\u015flam\u0131\u015ft\u0131r.Van Baerle uzun s\u00fcren u\u011fra\u015flardan sonra \u00fc\u00e7 tane siyah lale so\u011fan\u0131 yeti\u015ftirmeyi ba\u015far\u0131r. Ancak k\u0131skan\u00e7 kom\u015fusu Isaac Boxtel\u2019in kendisini izlemekte oldu\u011fundan habersizdir. Boxel, siyah laleyi ve \u00f6d\u00fcl\u00fc elde etmek i\u00e7in Van Baerle\u2019yi i\u015flemedi\u011fi bir su\u00e7la itham ederek ihbar eder. Bunun \u00fczerine Van Baerle tutuklan\u0131r ve hapsedilir. Hapishanedeki gardiyanlardan birinin k\u0131z\u0131 olan Rosa\u2019ya a\u015f\u0131k olur. Van Baerle, Rosa\u2019n\u0131n yard\u0131m\u0131yla hem siyah laleyi yeti\u015ftirmeyi ba\u015far\u0131p hem de su\u00e7suzlu\u011funu kan\u0131tlayabilecek mi?<\/p>\n","protected":false},"excerpt":{"rendered":"<p>Hollanda \u00c7i\u00e7ek Yeti\u015ftiricileri Derne\u011fi kusursuz bir siyah lale yeti\u015ftiren ki\u015fiye b\u00fcy\u00fck bir \u00f6d\u00fcl vadeder. Bu haber \u00fclkedeki t\u00fcm \u00e7i\u00e7ek merakl\u0131lar\u0131n\u0131 harekete ge\u00e7irir. Siyah laleyi yeti\u015ftirmek i\u00e7in<span class=\"excerpt-hellip\"> [\u2026]<\/span><\/p>\n","protected":false},"featured_media":0,"template":"","meta":{"_monsterinsights_skip_tracking":false,"_monsterinsights_sitenote_active":false,"_monsterinsights_sitenote_note":"","_monsterinsights_sitenote_category":0},"product_brand":[],"product_cat":[12274,12467],"product_tag":[],"class_list":{"0":"post-709274","1":"product","2":"type-product","3":"status-publish","5":"product_cat-cocuk-ve-genclik-kitaplari","6":"product_cat-dunya-klasikleri","7":"pa_cilt-ciltsiz","8":"pa_tur-kitap","9":"pa_yayinevi-arkadas-yayinlari","10":"pa_yazar-alexandre-dumas","12":"first","13":"instock","14":"sale","15":"shipping-taxable","16":"purchasable","17":"product-type-simple"},"_links":{"self":[{"href":"https:\/\/roveyayinevi.com.tr\/index.php\/wp-json\/wp\/v2\/product\/709274","targetHints":{"allow":["GET"]}}],"collection":[{"href":"https:\/\/roveyayinevi.com.tr\/index.php\/wp-json\/wp\/v2\/product"}],"about":[{"href":"https:\/\/roveyayinevi.com.tr\/index.php\/wp-json\/wp\/v2\/types\/product"}],"wp:attachment":[{"href":"https:\/\/roveyayinevi.com.tr\/index.php\/wp-json\/wp\/v2\/media?parent=709274"}],"wp:term":[{"taxonomy":"product_brand","embeddable":true,"href":"https:\/\/roveyayinevi.com.tr\/index.php\/wp-json\/wp\/v2\/product_brand?post=709274"},{"taxonomy":"product_cat","embeddable":true,"href":"https:\/\/roveyayinevi.com.tr\/index.php\/wp-json\/wp\/v2\/product_cat?post=709274"},{"taxonomy":"product_tag","embeddable":true,"href":"https:\/\/roveyayinevi.com.tr\/index.php\/wp-json\/wp\/v2\/product_tag?post=709274"}],"curies":[{"name":"wp","href":"https:\/\/api.w.org\/{rel}","templated":true}]}}