{"id":709271,"date":"2025-08-27T16:23:28","date_gmt":"2025-08-27T13:23:28","guid":{"rendered":"https:\/\/roveyayinevi.com.tr\/index.php\/urun\/ataturk-belgeler-elyazisiyla-notlar-yazismalar\/"},"modified":"2026-04-16T02:18:00","modified_gmt":"2026-04-15T23:18:00","slug":"ataturk-belgeler-elyazisiyla-notlar-yazismalar","status":"publish","type":"product","link":"https:\/\/roveyayinevi.com.tr\/index.php\/urun\/ataturk-belgeler-elyazisiyla-notlar-yazismalar\/","title":{"rendered":"Atat\u00fcrk: Belgeler, Elyaz\u0131s\u0131yla Notlar, Yaz\u0131\u015fmalar"},"content":{"rendered":"<p>Bu kitap, b\u00fcy\u00fck bir b\u00f6l\u00fcm\u00fc Atat\u00fcrk\u2019\u00fcn kendi elyaz\u0131s\u0131yla yazd\u0131\u011f\u0131, Yap\u0131 ve Kredi Ban\u00ackas\u0131 Ar\u015fivi\u2019nde bulunan Atat\u00fcrk\u2019le ilgili belgelerden derlenmi\u015ftir: Mustafa Kemal Pa\u015fa\u2019n\u0131n yaveri taraf\u0131ndan tutulmu\u015f k\u00fc\u00e7\u00fck bir defterdeki Birinci D\u00fcnya Sava\u015f\u0131 s\u0131ra\u00acs\u0131ndaki yaz\u0131\u015fmalar\u0131, Birinci Meclis\u2019e milletvekili yollamak istemeyen Yozgat e\u015fraf\u0131\u00acn\u0131n mektubu, Mustafa Kemal Pa\u015fa\u2019n\u0131n Meclis Ba\u015fkan\u0131 se\u00e7ilmesinden sonra yapt\u0131\u011f\u0131 konu\u015fman\u0131n metni ve Arif Oru\u00e7\u2019la mektupla\u015fmas\u0131, \u015eehzade \u00d6mer Faruk Efendi\u2019nin Anadolu\u2019ya ge\u00e7mesiyle ilgili yaz\u0131\u015fmalar, Londra Konferans\u0131 hakk\u0131nda Mustafa Ke\u00acmal Pa\u015fa\u2019n\u0131n yaz\u0131s\u0131, Anadolu\u2019daki sava\u015f\u0131n olumsuz sonu\u00e7lanma ihtimali kar\u015f\u0131s\u0131nda Meclis\u2019in Kayseri\u2019ye ta\u015f\u0131nmas\u0131yla ilgili yaz\u0131\u015fmalar, Cemal Pa\u015fa\u2019n\u0131n Paris\u2019teki temas\u00aclar\u0131yla ilgili Mustafa Kemal Pa\u015fa\u2019ya mektuplar\u0131, Ba\u015fkumandanl\u0131k tart\u0131\u015fmalar\u0131yla ilgili muhaliflerin ele\u015ftirilerine cevaplar, 30 A\u011fustos Zaferi\u2019nden sonra Mustafa Ke\u00acmal Pa\u015fa\u2019n\u0131n bildirisi, Saltanat\u0131n Kald\u0131r\u0131lmas\u0131 hakk\u0131nda Meclis\u2019te yapt\u0131\u011f\u0131 konu\u015fma\u00acn\u0131n kendi elyaz\u0131s\u0131yla notlar\u0131 ve \u0130smet \u0130n\u00f6n\u00fc\u2019n\u00fcn ba\u015fbakanl\u0131ktan ayr\u0131ld\u0131ktan sonra CHP grubunda yapt\u0131\u011f\u0131 konu\u015fma metni orijinalleriyle birlikte yer almaktad\u0131r. <\/p>\n","protected":false},"excerpt":{"rendered":"<p>Bu kitap, b\u00fcy\u00fck bir b\u00f6l\u00fcm\u00fc Atat\u00fcrk\u2019\u00fcn kendi elyaz\u0131s\u0131yla yazd\u0131\u011f\u0131, Yap\u0131 ve Kredi Ban\u00ackas\u0131 Ar\u015fivi\u2019nde bulunan Atat\u00fcrk\u2019le ilgili belgelerden derlenmi\u015ftir: Mustafa Kemal Pa\u015fa\u2019n\u0131n yaveri taraf\u0131ndan tutulmu\u015f k\u00fc\u00e7\u00fck<span class=\"excerpt-hellip\"> [\u2026]<\/span><\/p>\n","protected":false},"featured_media":0,"template":"","meta":{"_monsterinsights_skip_tracking":false,"_monsterinsights_sitenote_active":false,"_monsterinsights_sitenote_note":"","_monsterinsights_sitenote_category":0},"product_brand":[],"product_cat":[12530,12304],"product_tag":[],"class_list":{"0":"post-709271","1":"product","2":"type-product","3":"status-publish","5":"product_cat-mustafa-kemal-ataturk","6":"product_cat-tarih","7":"pa_cilt-ciltsiz","8":"pa_tur-kitap","9":"pa_yayinevi-yapi-kredi-yayinlari","10":"pa_yazar-kollektif","12":"first","13":"instock","14":"sale","15":"shipping-taxable","16":"purchasable","17":"product-type-simple"},"_links":{"self":[{"href":"https:\/\/roveyayinevi.com.tr\/index.php\/wp-json\/wp\/v2\/product\/709271","targetHints":{"allow":["GET"]}}],"collection":[{"href":"https:\/\/roveyayinevi.com.tr\/index.php\/wp-json\/wp\/v2\/product"}],"about":[{"href":"https:\/\/roveyayinevi.com.tr\/index.php\/wp-json\/wp\/v2\/types\/product"}],"wp:attachment":[{"href":"https:\/\/roveyayinevi.com.tr\/index.php\/wp-json\/wp\/v2\/media?parent=709271"}],"wp:term":[{"taxonomy":"product_brand","embeddable":true,"href":"https:\/\/roveyayinevi.com.tr\/index.php\/wp-json\/wp\/v2\/product_brand?post=709271"},{"taxonomy":"product_cat","embeddable":true,"href":"https:\/\/roveyayinevi.com.tr\/index.php\/wp-json\/wp\/v2\/product_cat?post=709271"},{"taxonomy":"product_tag","embeddable":true,"href":"https:\/\/roveyayinevi.com.tr\/index.php\/wp-json\/wp\/v2\/product_tag?post=709271"}],"curies":[{"name":"wp","href":"https:\/\/api.w.org\/{rel}","templated":true}]}}