{"id":709269,"date":"2025-08-27T16:23:27","date_gmt":"2025-08-27T13:23:27","guid":{"rendered":"https:\/\/roveyayinevi.com.tr\/index.php\/urun\/baloncuklar-25-ugurbocegi-serisi-cikartmali\/"},"modified":"2026-04-16T02:18:00","modified_gmt":"2026-04-15T23:18:00","slug":"baloncuklar-25-ugurbocegi-serisi-cikartmali","status":"publish","type":"product","link":"https:\/\/roveyayinevi.com.tr\/index.php\/urun\/baloncuklar-25-ugurbocegi-serisi-cikartmali\/","title":{"rendered":"Baloncuklar 25 &#8211; U\u011furb\u00f6ce\u011fi Serisi (\u00c7\u0131kartmal\u0131)"},"content":{"rendered":"<p>Zipi, kocaman baloncuklar\u0131yla arkada\u015flar\u0131n\u0131n \u00f6vg\u00fcs\u00fcn\u00fc kazan\u0131yordu ama sonradan yar\u0131\u015fa dahil olan ve onunkilerden daha b\u00fcy\u00fck baloncuklar yapan Sar\u0131c\u0131k her \u015feyi de\u011fi\u015ftirdi: Sar\u0131c\u0131k\u2019\u0131n ba\u015far\u0131s\u0131n\u0131 k\u0131skanan Zipi, istemeden arkada\u015f\u0131n\u0131n kalbini k\u0131rd\u0131! Sar\u0131c\u0131k\u2019\u0131n g\u00f6nl\u00fcn\u00fc almak kolay olmayacak&#8230; \ufffcTan\u0131t\u0131m Metni<\/p>\n","protected":false},"excerpt":{"rendered":"<p>Zipi, kocaman baloncuklar\u0131yla arkada\u015flar\u0131n\u0131n \u00f6vg\u00fcs\u00fcn\u00fc kazan\u0131yordu ama sonradan yar\u0131\u015fa dahil olan ve onunkilerden daha b\u00fcy\u00fck baloncuklar yapan Sar\u0131c\u0131k her \u015feyi de\u011fi\u015ftirdi: Sar\u0131c\u0131k\u2019\u0131n ba\u015far\u0131s\u0131n\u0131 k\u0131skanan Zipi, istemeden<span class=\"excerpt-hellip\"> [\u2026]<\/span><\/p>\n","protected":false},"featured_media":0,"template":"","meta":{"_monsterinsights_skip_tracking":false,"_monsterinsights_sitenote_active":false,"_monsterinsights_sitenote_note":"","_monsterinsights_sitenote_category":0},"product_brand":[],"product_cat":[12913,12274],"product_tag":[],"class_list":{"0":"post-709269","1":"product","2":"type-product","3":"status-publish","5":"product_cat-3-6-yas-kitaplari","6":"product_cat-cocuk-ve-genclik-kitaplari","7":"pa_cilt-ciltsiz","8":"pa_tur-kitap","9":"pa_yayinevi-yapi-kredi-yayinlari","10":"pa_yazar-erika-bartos","12":"first","13":"instock","14":"sale","15":"shipping-taxable","16":"purchasable","17":"product-type-simple"},"_links":{"self":[{"href":"https:\/\/roveyayinevi.com.tr\/index.php\/wp-json\/wp\/v2\/product\/709269","targetHints":{"allow":["GET"]}}],"collection":[{"href":"https:\/\/roveyayinevi.com.tr\/index.php\/wp-json\/wp\/v2\/product"}],"about":[{"href":"https:\/\/roveyayinevi.com.tr\/index.php\/wp-json\/wp\/v2\/types\/product"}],"wp:attachment":[{"href":"https:\/\/roveyayinevi.com.tr\/index.php\/wp-json\/wp\/v2\/media?parent=709269"}],"wp:term":[{"taxonomy":"product_brand","embeddable":true,"href":"https:\/\/roveyayinevi.com.tr\/index.php\/wp-json\/wp\/v2\/product_brand?post=709269"},{"taxonomy":"product_cat","embeddable":true,"href":"https:\/\/roveyayinevi.com.tr\/index.php\/wp-json\/wp\/v2\/product_cat?post=709269"},{"taxonomy":"product_tag","embeddable":true,"href":"https:\/\/roveyayinevi.com.tr\/index.php\/wp-json\/wp\/v2\/product_tag?post=709269"}],"curies":[{"name":"wp","href":"https:\/\/api.w.org\/{rel}","templated":true}]}}