{"id":709268,"date":"2025-08-27T16:23:27","date_gmt":"2025-08-27T13:23:27","guid":{"rendered":"https:\/\/roveyayinevi.com.tr\/index.php\/urun\/fransiz-akademisine-kabul-konusmasi\/"},"modified":"2026-04-16T02:18:00","modified_gmt":"2026-04-15T23:18:00","slug":"fransiz-akademisine-kabul-konusmasi","status":"publish","type":"product","link":"https:\/\/roveyayinevi.com.tr\/index.php\/urun\/fransiz-akademisine-kabul-konusmasi\/","title":{"rendered":"Frans\u0131z Akademisine Kabul Konu\u015fmas\u0131"},"content":{"rendered":"<p>\u2018\u2018Akademi \u00dcyesi Sayg\u0131de\u011fer Han\u0131mefendiler, Beyefendiler, \u0130nsan sizinki gibi bir aileye kabul edilme ayr\u0131cal\u0131\u011f\u0131na eri\u015fti\u011finde, eli bo\u015f gelemez. Hele benim gibi Levanten bir konuk oldu\u011funda, eli kolu dolu gelir. Gerek Fransa\u2019ya, gerek L\u00fcbnan\u2019a kar\u015f\u0131 duydu\u011fum minnetle, iki yurdumun bana verdi\u011fi her \u015feyi de yan\u0131mda getirece\u011fim: K\u00f6kenlerimi, dillerimi, aksan\u0131m\u0131, inan\u00e7lar\u0131m\u0131, ku\u015fkular\u0131m\u0131 ve her \u015feyden \u00e7ok uyum, ilerleme ve bir arada ya\u015fama d\u00fc\u015flerimi. Bu d\u00fc\u015fler bug\u00fcn suya d\u00fc\u015fm\u00fc\u015f g\u00f6r\u00fcn\u00fcyor. \u00d6v\u00fcn\u00e7 duydu\u011fum k\u00fclt\u00fcr evrenleri aras\u0131nda bir duvar y\u00fckseliyor Akdeniz\u2019de. Benim iste\u011fim bir yakadan \u00f6tekine ge\u00e7mek i\u00e7in bu duvar\u0131 a\u015fmak de\u011fil. Bu \u2013Avrupal\u0131lar ile Afrikal\u0131lar, Bat\u0131 ile M\u00fcsl\u00fcman \u00e2lemi, Yahudiler ile Araplar aras\u0131ndaki\u2013 tiksinti duvar\u0131n\u0131 \u00e7\u00f6kertmek, yerle bir etmeye katk\u0131 sa\u011flamak istiyorum ben. Ya\u015fama nedenim, yazma nedenim her zaman bu oldu&#8230;\u2019\u2019 1635 y\u0131l\u0131nda Kardinal Richelieu taraf\u0131ndan kurulan ve Fransa\u2019n\u0131n en k\u00f6kl\u00fc k\u00fclt\u00fcr kurumlar\u0131n\u0131n ba\u015f\u0131nda gelen Frans\u0131z Akademisi 40 koltu\u011fa sahiptir ve ya\u015fam boyu se\u00e7ilen 40 \u00fcyeden olu\u015fur. Ancak bir \u00fcye \u00f6ld\u00fc\u011f\u00fcnde yerine yenisi se\u00e7ilir. Bu kuraldan dolay\u0131 Akademi \u00fcyeleri \u2018\u2018\u00f6l\u00fcms\u00fcz\u2019\u2019 (\u2018\u2018immortel\u2019\u2019) olarak adland\u0131r\u0131l\u0131r. Amin Maalouf 2011 y\u0131l\u0131nda, 29. Koltuk\u2019un sahibi Claude L\u00e9vi-Strauss\u2019un yerine Frans\u0131z Akademisi\u2019ne se\u00e7ildi. Gelenek gere\u011fi yeni se\u00e7ilen \u00fcye, koltu\u011funu devam ettirdi\u011fi eski \u00fcyeye dair bir anma konu\u015fmas\u0131, bir ba\u015fka \u00fcye de se\u00e7ilen yeni \u00fcyeyi takdim konu\u015fmas\u0131 yapmak zorundayd\u0131. Amin Maalouf Claude L\u00e9vi-Strauss\u2019tan, Jean-Christophe Rufin de Amin Maalouf\u2019dan bahsetti. B\u00f6ylelikle antropoloji, tarih, Do\u011fu-Bat\u0131 etkile\u015fimi, Frans\u0131z k\u00fclt\u00fcr\u00fc vb. pek \u00e7ok konu Frans\u0131z Akademisi\u2019nin \u2018\u2018Kubbe\u2019\u2019sinde yank\u0131land\u0131. D\u00fcnyaca \u00fcnl\u00fc bir yazar: Maalouf, D\u00fcnyaca \u00fcnl\u00fc bir antropolog: L\u00e9vi-Strauss. K\u0131sacas\u0131 bir ta\u015fla iki ku\u015f&#8230; <\/p>\n","protected":false},"excerpt":{"rendered":"<p>\u2018\u2018Akademi \u00dcyesi Sayg\u0131de\u011fer Han\u0131mefendiler, Beyefendiler, \u0130nsan sizinki gibi bir aileye kabul edilme ayr\u0131cal\u0131\u011f\u0131na eri\u015fti\u011finde, eli bo\u015f gelemez. Hele benim gibi Levanten bir konuk oldu\u011funda, eli kolu<span class=\"excerpt-hellip\"> [\u2026]<\/span><\/p>\n","protected":false},"featured_media":0,"template":"","meta":{"_monsterinsights_skip_tracking":false,"_monsterinsights_sitenote_active":false,"_monsterinsights_sitenote_note":"","_monsterinsights_sitenote_category":0},"product_brand":[],"product_cat":[27157,12291],"product_tag":[],"class_list":{"0":"post-709268","1":"product","2":"type-product","3":"status-publish","5":"product_cat-derleme","6":"product_cat-edebiyat","7":"pa_cilt-ciltsiz","8":"pa_tur-kitap","9":"pa_yayinevi-yapi-kredi-yayinlari","10":"pa_yazar-amin-maalouf","12":"first","13":"instock","14":"sale","15":"shipping-taxable","16":"purchasable","17":"product-type-simple"},"_links":{"self":[{"href":"https:\/\/roveyayinevi.com.tr\/index.php\/wp-json\/wp\/v2\/product\/709268","targetHints":{"allow":["GET"]}}],"collection":[{"href":"https:\/\/roveyayinevi.com.tr\/index.php\/wp-json\/wp\/v2\/product"}],"about":[{"href":"https:\/\/roveyayinevi.com.tr\/index.php\/wp-json\/wp\/v2\/types\/product"}],"wp:attachment":[{"href":"https:\/\/roveyayinevi.com.tr\/index.php\/wp-json\/wp\/v2\/media?parent=709268"}],"wp:term":[{"taxonomy":"product_brand","embeddable":true,"href":"https:\/\/roveyayinevi.com.tr\/index.php\/wp-json\/wp\/v2\/product_brand?post=709268"},{"taxonomy":"product_cat","embeddable":true,"href":"https:\/\/roveyayinevi.com.tr\/index.php\/wp-json\/wp\/v2\/product_cat?post=709268"},{"taxonomy":"product_tag","embeddable":true,"href":"https:\/\/roveyayinevi.com.tr\/index.php\/wp-json\/wp\/v2\/product_tag?post=709268"}],"curies":[{"name":"wp","href":"https:\/\/api.w.org\/{rel}","templated":true}]}}