{"id":709266,"date":"2025-08-27T16:23:25","date_gmt":"2025-08-27T13:23:25","guid":{"rendered":"https:\/\/roveyayinevi.com.tr\/index.php\/urun\/kim-nasil-oluyor\/"},"modified":"2026-04-16T02:18:00","modified_gmt":"2026-04-15T23:18:00","slug":"kim-nasil-oluyor","status":"publish","type":"product","link":"https:\/\/roveyayinevi.com.tr\/index.php\/urun\/kim-nasil-oluyor\/","title":{"rendered":"Kim Nas\u0131l \u00d6l\u00fcyor"},"content":{"rendered":"<p>Zola\u2019n\u0131n keskin kaleminden, paran\u0131n ve g\u00fcc\u00fcn egemen oldu\u011fu bir d\u00fcnyada aristokrat, burjuva, esnaf, i\u015f\u00e7i ve k\u00f6yl\u00fc ailelerin \u00f6l\u00fcm d\u00f6\u015fe\u011fi, cenaze t\u00f6reni ve yas sahneleri\u2026 E\u015fitsizli\u011fin son nefeste bile hissedildi\u011fi 1883 tarihli be\u015f \u00f6zl\u00fc tablo, be\u015f k\u0131sa \u00f6yk\u00fc\u2026 \u201cPara \u00f6l\u00fcm\u00fc zehirledi\u011finde, \u00f6l\u00fcmden ancak \u00f6fke do\u011far. Tabutlar\u0131n \u00fczerinde d\u00f6v\u00fc\u015f\u00fcl\u00fcr.\u201d <\/p>\n","protected":false},"excerpt":{"rendered":"<p>Zola\u2019n\u0131n keskin kaleminden, paran\u0131n ve g\u00fcc\u00fcn egemen oldu\u011fu bir d\u00fcnyada aristokrat, burjuva, esnaf, i\u015f\u00e7i ve k\u00f6yl\u00fc ailelerin \u00f6l\u00fcm d\u00f6\u015fe\u011fi, cenaze t\u00f6reni ve yas sahneleri\u2026 E\u015fitsizli\u011fin son<span class=\"excerpt-hellip\"> [\u2026]<\/span><\/p>\n","protected":false},"featured_media":0,"template":"","meta":{"_monsterinsights_skip_tracking":false,"_monsterinsights_sitenote_active":false,"_monsterinsights_sitenote_note":"","_monsterinsights_sitenote_category":0},"product_brand":[],"product_cat":[12291,12711],"product_tag":[],"class_list":{"0":"post-709266","1":"product","2":"type-product","3":"status-publish","5":"product_cat-edebiyat","6":"product_cat-roman-oyku","7":"pa_cilt-ciltsiz","8":"pa_tur-kitap","9":"pa_yayinevi-sel-yayincilik","10":"pa_yazar-emile-zola","12":"first","13":"instock","14":"sale","15":"shipping-taxable","16":"purchasable","17":"product-type-simple"},"_links":{"self":[{"href":"https:\/\/roveyayinevi.com.tr\/index.php\/wp-json\/wp\/v2\/product\/709266","targetHints":{"allow":["GET"]}}],"collection":[{"href":"https:\/\/roveyayinevi.com.tr\/index.php\/wp-json\/wp\/v2\/product"}],"about":[{"href":"https:\/\/roveyayinevi.com.tr\/index.php\/wp-json\/wp\/v2\/types\/product"}],"wp:attachment":[{"href":"https:\/\/roveyayinevi.com.tr\/index.php\/wp-json\/wp\/v2\/media?parent=709266"}],"wp:term":[{"taxonomy":"product_brand","embeddable":true,"href":"https:\/\/roveyayinevi.com.tr\/index.php\/wp-json\/wp\/v2\/product_brand?post=709266"},{"taxonomy":"product_cat","embeddable":true,"href":"https:\/\/roveyayinevi.com.tr\/index.php\/wp-json\/wp\/v2\/product_cat?post=709266"},{"taxonomy":"product_tag","embeddable":true,"href":"https:\/\/roveyayinevi.com.tr\/index.php\/wp-json\/wp\/v2\/product_tag?post=709266"}],"curies":[{"name":"wp","href":"https:\/\/api.w.org\/{rel}","templated":true}]}}