{"id":709265,"date":"2025-08-27T16:23:25","date_gmt":"2025-08-27T13:23:25","guid":{"rendered":"https:\/\/roveyayinevi.com.tr\/index.php\/urun\/ademin-laneti-erkeklerin-olmadigi-bir-gelecek\/"},"modified":"2026-04-16T02:18:00","modified_gmt":"2026-04-15T23:18:00","slug":"ademin-laneti-erkeklerin-olmadigi-bir-gelecek","status":"publish","type":"product","link":"https:\/\/roveyayinevi.com.tr\/index.php\/urun\/ademin-laneti-erkeklerin-olmadigi-bir-gelecek\/","title":{"rendered":"Adem&#8217;in Laneti &#8211; Erkeklerin Olmad\u0131\u011f\u0131 Bir Gelecek"},"content":{"rendered":"<p>\u0130nsanda cinsiyetleri ayr\u0131\u015ft\u0131rmaya yarayan Y-kromozomu e\u015feyli \u00fcremeyi tehdit etmeye nas\u0131l ba\u015flad\u0131? Erkeklerin sald\u0131rganl\u0131\u011f\u0131n\u0131n, a\u00e7g\u00f6zl\u00fcl\u00fc\u011f\u00fcn\u00fcn ve \u00e7oke\u015flili\u011finin genetik bir nedeni var m\u0131? Baz\u0131 ailelerde genetik olarak sadece bir cinsiyetten \u00e7ocuk sahibi olma e\u011filimi var m\u0131d\u0131r? E\u015fcinsellik geni olabilir mi, cinsel y\u00f6nelim ne zaman belirlenir? Brtan Sykes, Adem\u2019in Laneti\u2019nde evrim teorisi ve genetik bilimindeki son geli\u015fmelerin \u0131\u015f\u0131\u011f\u0131nda t\u00fcm bu sorulara cevaplar \u00f6neriyor ve yeni sorular ekliyor. Sykes, DNA ve kromozomlar d\u00fczeyindeki bilimsel ara\u015ft\u0131rmalar\u0131 b\u00fcy\u00fck resmi g\u00f6rmemizi sa\u011flayacak \u015fekilde anlat\u0131yor. Genetik biliminin s\u00fcrekli geni\u015fleyen s\u0131n\u0131rlar\u0131nda dolanan bir polisiye roman ak\u0131c\u0131l\u0131\u011f\u0131nda kurgulanm\u0131\u015f Adem\u2019in Laneti\u2019nde kad\u0131nl\u0131k genleri erkeklerin soyunu kurutmaya kararl\u0131 g\u00f6r\u00fcn\u00fcyor ve insanl\u0131k i\u00e7in bamba\u015fka bir gelecek \u00e7iziliyor. <\/p>\n","protected":false},"excerpt":{"rendered":"<p>\u0130nsanda cinsiyetleri ayr\u0131\u015ft\u0131rmaya yarayan Y-kromozomu e\u015feyli \u00fcremeyi tehdit etmeye nas\u0131l ba\u015flad\u0131? Erkeklerin sald\u0131rganl\u0131\u011f\u0131n\u0131n, a\u00e7g\u00f6zl\u00fcl\u00fc\u011f\u00fcn\u00fcn ve \u00e7oke\u015flili\u011finin genetik bir nedeni var m\u0131? Baz\u0131 ailelerde genetik olarak sadece<span class=\"excerpt-hellip\"> [\u2026]<\/span><\/p>\n","protected":false},"featured_media":0,"template":"","meta":{"_monsterinsights_skip_tracking":false,"_monsterinsights_sitenote_active":false,"_monsterinsights_sitenote_note":"","_monsterinsights_sitenote_category":0},"product_brand":[],"product_cat":[22249,13527],"product_tag":[],"class_list":{"0":"post-709265","1":"product","2":"type-product","3":"status-publish","5":"product_cat-bilim","6":"product_cat-sureli-yayinlar","7":"pa_cilt-ciltsiz","8":"pa_tur-kitap","9":"pa_yayinevi-koc-universitesi-yayinlari","10":"pa_yazar-bryan-sykes","12":"first","13":"instock","14":"sale","15":"shipping-taxable","16":"purchasable","17":"product-type-simple"},"_links":{"self":[{"href":"https:\/\/roveyayinevi.com.tr\/index.php\/wp-json\/wp\/v2\/product\/709265","targetHints":{"allow":["GET"]}}],"collection":[{"href":"https:\/\/roveyayinevi.com.tr\/index.php\/wp-json\/wp\/v2\/product"}],"about":[{"href":"https:\/\/roveyayinevi.com.tr\/index.php\/wp-json\/wp\/v2\/types\/product"}],"wp:attachment":[{"href":"https:\/\/roveyayinevi.com.tr\/index.php\/wp-json\/wp\/v2\/media?parent=709265"}],"wp:term":[{"taxonomy":"product_brand","embeddable":true,"href":"https:\/\/roveyayinevi.com.tr\/index.php\/wp-json\/wp\/v2\/product_brand?post=709265"},{"taxonomy":"product_cat","embeddable":true,"href":"https:\/\/roveyayinevi.com.tr\/index.php\/wp-json\/wp\/v2\/product_cat?post=709265"},{"taxonomy":"product_tag","embeddable":true,"href":"https:\/\/roveyayinevi.com.tr\/index.php\/wp-json\/wp\/v2\/product_tag?post=709265"}],"curies":[{"name":"wp","href":"https:\/\/api.w.org\/{rel}","templated":true}]}}