{"id":709264,"date":"2025-08-27T16:23:24","date_gmt":"2025-08-27T13:23:24","guid":{"rendered":"https:\/\/roveyayinevi.com.tr\/index.php\/urun\/babam-ve-ben-2\/"},"modified":"2026-04-16T02:18:00","modified_gmt":"2026-04-15T23:18:00","slug":"babam-ve-ben-2","status":"publish","type":"product","link":"https:\/\/roveyayinevi.com.tr\/index.php\/urun\/babam-ve-ben-2\/","title":{"rendered":"Babam ve Ben"},"content":{"rendered":"<p>Hayalperest bir baba ve k\u0131z\u0131n\u0131n nostaljik Paris sokaklar\u0131nda ge\u00e7en s\u0131ms\u0131cak \u00f6yk\u00fcs\u00fc.Nobel \u00d6d\u00fcll\u00fc yazar Patrick Modiano\u2019nun kaleme ald\u0131\u011f\u0131 ve \u00fcnl\u00fc \u00e7izer Jean-Jacques Semp\u00e9\u2019nin resimledi\u011fi Babam ve Ben, Tudem Modern Klasikler koleksiyonunda yeniden okurlar\u0131yla bulu\u015fuyor&#8230;Biraz yaramazl\u0131k, renkli hayaller ve bolca dans\u2026 D\u00fcnyaya bir \u00e7ift g\u00f6zl\u00fc\u011f\u00fcn ard\u0131ndan bakan kahraman\u0131m\u0131z Catherine, bu \u00f6zelli\u011finden \u00f6t\u00fcr\u00fc kendini bir hayli ayr\u0131cal\u0131kl\u0131 hissediyor. \u0130ki ayr\u0131 d\u00fcnyay\u0131 ke\u015ffetmenin mucizesini ya\u015fayan \u015fansl\u0131 ki\u015filerden o. G\u00f6zl\u00fcklerini takt\u0131\u011f\u0131nda alg\u0131lad\u0131\u011f\u0131 ger\u00e7ek d\u00fcnya ile \u00e7\u0131kard\u0131\u011f\u0131nda g\u00f6rd\u00fc\u011f\u00fc tatl\u0131, bulan\u0131k ve p\u00fcr\u00fczs\u00fcz d\u00fcnya onu u\u00e7suz bucaks\u0131z hayallere s\u00fcr\u00fckl\u00fcyor. \u00dcst\u00fcne \u00fcstl\u00fck bir r\u00fcyadaym\u0131\u015f\u00e7as\u0131na dans etti\u011fi bu hayal d\u00fcnyas\u0131n\u0131 babas\u0131yla payla\u015fmak Catherine\u2019i her \u015feyden, hatta ileride annesi kadar iyi bir dans\u00e7\u0131 olma arzusundan bile daha \u00e7ok mutlu ediyor. Amerika\u2019da ya\u015fayan annesinden uzaktaki k\u00fc\u00e7\u00fck bir k\u0131z \u00e7ocu\u011funun \u201ckahraman\u201d babas\u0131yla Paris\u2019te ge\u00e7irdi\u011fi \u00e7ocukluk g\u00fcnleri, kimi zaman komik kimi zaman duygu y\u00fckl\u00fc an\u0131lara d\u00f6n\u00fc\u015f\u00fcyor&#8230;Ger\u00e7ek d\u00fcnya bir par\u00e7a s\u0131k\u0131c\u0131 m\u0131?Catherine&#8217;in pe\u015fine tak\u0131l\u0131n, siz de d\u00fcnyaya ba\u015fka bir g\u00f6zle bak\u0131n.\u201cSemp\u00e9\u2019nin capcanl\u0131, zarif \u00e7izimleri Modiano\u2019nun s\u0131cak ve dingin metnini ileriye ta\u015f\u0131yor.\u201dBooklist <\/p>\n","protected":false},"excerpt":{"rendered":"<p>Hayalperest bir baba ve k\u0131z\u0131n\u0131n nostaljik Paris sokaklar\u0131nda ge\u00e7en s\u0131ms\u0131cak \u00f6yk\u00fcs\u00fc.Nobel \u00d6d\u00fcll\u00fc yazar Patrick Modiano\u2019nun kaleme ald\u0131\u011f\u0131 ve \u00fcnl\u00fc \u00e7izer Jean-Jacques Semp\u00e9\u2019nin resimledi\u011fi Babam ve Ben,<span class=\"excerpt-hellip\"> [\u2026]<\/span><\/p>\n","protected":false},"featured_media":0,"template":"","meta":{"_monsterinsights_skip_tracking":false,"_monsterinsights_sitenote_active":false,"_monsterinsights_sitenote_note":"","_monsterinsights_sitenote_category":0},"product_brand":[],"product_cat":[12275,12274],"product_tag":[],"class_list":{"0":"post-709264","1":"product","2":"type-product","3":"status-publish","5":"product_cat-6-12-yas-kitaplari","6":"product_cat-cocuk-ve-genclik-kitaplari","7":"pa_cilt-ciltli","8":"pa_tur-kitap","9":"pa_yayinevi-tudem-yayinlari","10":"pa_yazar-patrick-modiano","12":"first","13":"instock","14":"sale","15":"shipping-taxable","16":"purchasable","17":"product-type-simple"},"_links":{"self":[{"href":"https:\/\/roveyayinevi.com.tr\/index.php\/wp-json\/wp\/v2\/product\/709264","targetHints":{"allow":["GET"]}}],"collection":[{"href":"https:\/\/roveyayinevi.com.tr\/index.php\/wp-json\/wp\/v2\/product"}],"about":[{"href":"https:\/\/roveyayinevi.com.tr\/index.php\/wp-json\/wp\/v2\/types\/product"}],"wp:attachment":[{"href":"https:\/\/roveyayinevi.com.tr\/index.php\/wp-json\/wp\/v2\/media?parent=709264"}],"wp:term":[{"taxonomy":"product_brand","embeddable":true,"href":"https:\/\/roveyayinevi.com.tr\/index.php\/wp-json\/wp\/v2\/product_brand?post=709264"},{"taxonomy":"product_cat","embeddable":true,"href":"https:\/\/roveyayinevi.com.tr\/index.php\/wp-json\/wp\/v2\/product_cat?post=709264"},{"taxonomy":"product_tag","embeddable":true,"href":"https:\/\/roveyayinevi.com.tr\/index.php\/wp-json\/wp\/v2\/product_tag?post=709264"}],"curies":[{"name":"wp","href":"https:\/\/api.w.org\/{rel}","templated":true}]}}