{"id":709262,"date":"2025-08-27T16:23:23","date_gmt":"2025-08-27T13:23:23","guid":{"rendered":"https:\/\/roveyayinevi.com.tr\/index.php\/urun\/mevsim-apartmani\/"},"modified":"2025-10-05T16:51:25","modified_gmt":"2025-10-05T13:51:25","slug":"mevsim-apartmani","status":"publish","type":"product","link":"https:\/\/roveyayinevi.com.tr\/index.php\/urun\/mevsim-apartmani\/","title":{"rendered":"Mevsim Apartman\u0131"},"content":{"rendered":"<p>Mevsim Apartman\u0131, on iki farkl\u0131 \u00f6yk\u00fc, bu \u00f6yk\u00fclere renk katan birbirinden farkl\u0131 objeler ve karakterlerle okura kap\u0131s\u0131n\u0131 aral\u0131yor. Her \u00f6yk\u00fcn\u00fcn temelinde iyili\u011fi, umudu ve hayat\u0131n g\u00fczelliklerini hat\u0131rlatan minik ipu\u00e7lar\u0131 var. Farkl\u0131 \u00f6yk\u00fcler ve karakterlerle insanlar\u0131n ya\u015fanm\u0131\u015fl\u0131klar\u0131na, an\u0131lar\u0131na ve y\u00fcreklerine dokunacak bir kitap. \u201cL\u00fctfen kemerlerinizi ba\u011flay\u0131n\u0131z ve koltu\u011funuzu dik duruma getiriniz. Mevsim Apartman\u0131\u2019nda duygusal bir yolculu\u011fa ba\u015fl\u0131yoruz.\u201d <\/p>\n","protected":false},"excerpt":{"rendered":"<p>Mevsim Apartman\u0131, on iki farkl\u0131 \u00f6yk\u00fc, bu \u00f6yk\u00fclere renk katan birbirinden farkl\u0131 objeler ve karakterlerle okura kap\u0131s\u0131n\u0131 aral\u0131yor. Her \u00f6yk\u00fcn\u00fcn temelinde iyili\u011fi, umudu ve hayat\u0131n g\u00fczelliklerini<span class=\"excerpt-hellip\"> [\u2026]<\/span><\/p>\n","protected":false},"featured_media":0,"template":"","meta":{"_monsterinsights_skip_tracking":false,"_monsterinsights_sitenote_active":false,"_monsterinsights_sitenote_note":"","_monsterinsights_sitenote_category":0},"product_brand":[],"product_cat":[12291,12711],"product_tag":[],"class_list":{"0":"post-709262","1":"product","2":"type-product","3":"status-publish","5":"product_cat-edebiyat","6":"product_cat-roman-oyku","7":"pa_cilt-ciltsiz","8":"pa_tur-kitap","9":"pa_yayinevi-bilgi-yayinevi","10":"pa_yazar-sumru-uzun","12":"first","13":"instock","14":"sale","15":"shipping-taxable","16":"purchasable","17":"product-type-simple"},"_links":{"self":[{"href":"https:\/\/roveyayinevi.com.tr\/index.php\/wp-json\/wp\/v2\/product\/709262","targetHints":{"allow":["GET"]}}],"collection":[{"href":"https:\/\/roveyayinevi.com.tr\/index.php\/wp-json\/wp\/v2\/product"}],"about":[{"href":"https:\/\/roveyayinevi.com.tr\/index.php\/wp-json\/wp\/v2\/types\/product"}],"wp:attachment":[{"href":"https:\/\/roveyayinevi.com.tr\/index.php\/wp-json\/wp\/v2\/media?parent=709262"}],"wp:term":[{"taxonomy":"product_brand","embeddable":true,"href":"https:\/\/roveyayinevi.com.tr\/index.php\/wp-json\/wp\/v2\/product_brand?post=709262"},{"taxonomy":"product_cat","embeddable":true,"href":"https:\/\/roveyayinevi.com.tr\/index.php\/wp-json\/wp\/v2\/product_cat?post=709262"},{"taxonomy":"product_tag","embeddable":true,"href":"https:\/\/roveyayinevi.com.tr\/index.php\/wp-json\/wp\/v2\/product_tag?post=709262"}],"curies":[{"name":"wp","href":"https:\/\/api.w.org\/{rel}","templated":true}]}}