{"id":709261,"date":"2025-08-27T16:23:23","date_gmt":"2025-08-27T13:23:23","guid":{"rendered":"https:\/\/roveyayinevi.com.tr\/index.php\/urun\/anilarla-balikciya-merhaba\/"},"modified":"2026-04-16T02:18:00","modified_gmt":"2026-04-15T23:18:00","slug":"anilarla-balikciya-merhaba","status":"publish","type":"product","link":"https:\/\/roveyayinevi.com.tr\/index.php\/urun\/anilarla-balikciya-merhaba\/","title":{"rendered":"An\u0131larla Bal\u0131k\u00e7\u0131ya Merhaba"},"content":{"rendered":"<p>&#8221;Yoku\u015f ba\u015f\u0131na geldi\u011finde Bodrum&#8217;u g\u00f6recesin,sanma ki sen geldi\u011fin gibi gideceksin.Senden \u00f6ncekiler de  b\u00f6yleydiler,ak\u0131llar\u0131n\u0131 hep Bodrum&#8217;da b\u0131rak\u0131p gittiler&#8230;&#8221;Halikarnas Bal\u0131k\u00e7\u0131s\u0131 <\/p>\n","protected":false},"excerpt":{"rendered":"<p>&#8221;Yoku\u015f ba\u015f\u0131na geldi\u011finde Bodrum&#8217;u g\u00f6recesin,sanma ki sen geldi\u011fin gibi gideceksin.Senden \u00f6ncekiler de b\u00f6yleydiler,ak\u0131llar\u0131n\u0131 hep Bodrum&#8217;da b\u0131rak\u0131p gittiler&#8230;&#8221;Halikarnas Bal\u0131k\u00e7\u0131s\u0131<\/p>\n","protected":false},"featured_media":0,"template":"","meta":{"_monsterinsights_skip_tracking":false,"_monsterinsights_sitenote_active":false,"_monsterinsights_sitenote_note":"","_monsterinsights_sitenote_category":0},"product_brand":[],"product_cat":[13701,12291],"product_tag":[],"class_list":{"0":"post-709261","1":"product","2":"type-product","3":"status-publish","5":"product_cat-ani-mektup-gunluk","6":"product_cat-edebiyat","7":"pa_cilt-ciltsiz","8":"pa_tur-kitap","9":"pa_yayinevi-bilgi-yayinevi","10":"pa_yazar-demircan-turkdogan","12":"first","13":"instock","14":"sale","15":"shipping-taxable","16":"purchasable","17":"product-type-simple"},"_links":{"self":[{"href":"https:\/\/roveyayinevi.com.tr\/index.php\/wp-json\/wp\/v2\/product\/709261","targetHints":{"allow":["GET"]}}],"collection":[{"href":"https:\/\/roveyayinevi.com.tr\/index.php\/wp-json\/wp\/v2\/product"}],"about":[{"href":"https:\/\/roveyayinevi.com.tr\/index.php\/wp-json\/wp\/v2\/types\/product"}],"wp:attachment":[{"href":"https:\/\/roveyayinevi.com.tr\/index.php\/wp-json\/wp\/v2\/media?parent=709261"}],"wp:term":[{"taxonomy":"product_brand","embeddable":true,"href":"https:\/\/roveyayinevi.com.tr\/index.php\/wp-json\/wp\/v2\/product_brand?post=709261"},{"taxonomy":"product_cat","embeddable":true,"href":"https:\/\/roveyayinevi.com.tr\/index.php\/wp-json\/wp\/v2\/product_cat?post=709261"},{"taxonomy":"product_tag","embeddable":true,"href":"https:\/\/roveyayinevi.com.tr\/index.php\/wp-json\/wp\/v2\/product_tag?post=709261"}],"curies":[{"name":"wp","href":"https:\/\/api.w.org\/{rel}","templated":true}]}}