{"id":709259,"date":"2025-08-27T16:23:22","date_gmt":"2025-08-27T13:23:22","guid":{"rendered":"https:\/\/roveyayinevi.com.tr\/index.php\/urun\/yeniden-basla-2\/"},"modified":"2026-04-16T02:18:00","modified_gmt":"2026-04-15T23:18:00","slug":"yeniden-basla-2","status":"publish","type":"product","link":"https:\/\/roveyayinevi.com.tr\/index.php\/urun\/yeniden-basla-2\/","title":{"rendered":"Yeniden Ba\u015fla"},"content":{"rendered":"<p>Annenizin, baban\u0131z\u0131n, e\u015finizin ve \u00e7ocuklar\u0131n\u0131z\u0131n her hizmetine ko\u015fuyorsunuz; dertleriyle dertlenip onlara yard\u0131mc\u0131 oluyorsunuz&#8230; Arkada\u015flar\u0131n\u0131za; zaman, emek ve para harc\u0131yorsunuz&#8230; \u0130\u015f yeriniz i\u00e7in sa\u011fl\u0131\u011f\u0131n\u0131z\u0131 kaybetme pahas\u0131na da olsa \u00e7al\u0131\u015f\u0131yorsunuz&#8230; T\u00fcm bunlar\u0131n kar\u015f\u0131l\u0131\u011f\u0131nda tek bekledi\u011finiz bazen s\u0131cak bir sar\u0131lma, bazen i\u00e7ten bir te\u015fekk\u00fcr bazen de samimi bir takdir. Ama alamazs\u0131n\u0131z o bekledi\u011finiz k\u00fc\u00e7\u00fcc\u00fck kar\u015f\u0131l\u0131\u011f\u0131! G\u00f6nl\u00fcn\u00fcz k\u0131r\u0131l\u0131r, omuzlar\u0131n\u0131z \u00e7\u00f6ker. Derman\u0131 kalmaz dizlerinizin ve ezilip kal\u0131rs\u0131n\u0131z onca y\u00fck\u00fcn alt\u0131nda. Yapt\u0131\u011f\u0131n\u0131z ve ya\u015fad\u0131\u011f\u0131n\u0131z her \u015fey anlams\u0131zla\u015fmaya ba\u015flar g\u00f6z\u00fcn\u00fczde&#8230; \u0130\u015fte tam da o an yeniden dirili\u015f zaman\u0131d\u0131r asl\u0131nda! Kendinizi ve \u00e7evrenizdekileri tan\u0131ma; ya\u015fama gayenizi anlay\u0131p tekrar aya\u011fa kalkma zaman\u0131d\u0131r. Sizi sizden al\u0131koyan her \u015feyden s\u0131yr\u0131l\u0131p yeniden ba\u015flama zaman\u0131\u2026 <\/p>\n","protected":false},"excerpt":{"rendered":"<p>Annenizin, baban\u0131z\u0131n, e\u015finizin ve \u00e7ocuklar\u0131n\u0131z\u0131n her hizmetine ko\u015fuyorsunuz; dertleriyle dertlenip onlara yard\u0131mc\u0131 oluyorsunuz&#8230; Arkada\u015flar\u0131n\u0131za; zaman, emek ve para harc\u0131yorsunuz&#8230; \u0130\u015f yeriniz i\u00e7in sa\u011fl\u0131\u011f\u0131n\u0131z\u0131 kaybetme pahas\u0131na da<span class=\"excerpt-hellip\"> [\u2026]<\/span><\/p>\n","protected":false},"featured_media":0,"template":"","meta":{"_monsterinsights_skip_tracking":false,"_monsterinsights_sitenote_active":false,"_monsterinsights_sitenote_note":"","_monsterinsights_sitenote_category":0},"product_brand":[],"product_cat":[12777,12291],"product_tag":[],"class_list":{"0":"post-709259","1":"product","2":"type-product","3":"status-publish","5":"product_cat-deneme","6":"product_cat-edebiyat","7":"pa_cilt-ciltsiz","8":"pa_tur-kitap","9":"pa_yayinevi-yediveren-yayinlari","10":"pa_yazar-ikbal-gurpinar-karagozlu","12":"first","13":"instock","14":"sale","15":"shipping-taxable","16":"purchasable","17":"product-type-simple"},"_links":{"self":[{"href":"https:\/\/roveyayinevi.com.tr\/index.php\/wp-json\/wp\/v2\/product\/709259","targetHints":{"allow":["GET"]}}],"collection":[{"href":"https:\/\/roveyayinevi.com.tr\/index.php\/wp-json\/wp\/v2\/product"}],"about":[{"href":"https:\/\/roveyayinevi.com.tr\/index.php\/wp-json\/wp\/v2\/types\/product"}],"wp:attachment":[{"href":"https:\/\/roveyayinevi.com.tr\/index.php\/wp-json\/wp\/v2\/media?parent=709259"}],"wp:term":[{"taxonomy":"product_brand","embeddable":true,"href":"https:\/\/roveyayinevi.com.tr\/index.php\/wp-json\/wp\/v2\/product_brand?post=709259"},{"taxonomy":"product_cat","embeddable":true,"href":"https:\/\/roveyayinevi.com.tr\/index.php\/wp-json\/wp\/v2\/product_cat?post=709259"},{"taxonomy":"product_tag","embeddable":true,"href":"https:\/\/roveyayinevi.com.tr\/index.php\/wp-json\/wp\/v2\/product_tag?post=709259"}],"curies":[{"name":"wp","href":"https:\/\/api.w.org\/{rel}","templated":true}]}}