{"id":709258,"date":"2025-08-27T16:23:21","date_gmt":"2025-08-27T13:23:21","guid":{"rendered":"https:\/\/roveyayinevi.com.tr\/index.php\/urun\/bocek-cocuk\/"},"modified":"2026-04-03T02:23:27","modified_gmt":"2026-04-02T23:23:27","slug":"bocek-cocuk","status":"publish","type":"product","link":"https:\/\/roveyayinevi.com.tr\/index.php\/urun\/bocek-cocuk\/","title":{"rendered":"B\u00f6cek \u00c7ocuk"},"content":{"rendered":"<p>\u201cD\u00fcnya ola\u011fan\u00fcst\u00fc bir yerdi. Delirtilecek say\u0131s\u0131z insan onu bekliyordu.\u201d Krali\u00e7eyi Kurtarmak ve Haritada Kaybolmak kitaplar\u0131yla okurlar\u0131n g\u00f6nl\u00fcn\u00fc fetheden Vladimir Tumanov, ele avuca s\u0131\u011fmayan bir \u00e7ocu\u011fun ola\u011fan\u00fcst\u00fc \u00f6yk\u00fcs\u00fcn\u00fc anlat\u0131yor B\u00f6cek \u00c7ocuk\u2019ta. K\u00fc\u00e7\u00fck Gregor, bir sabah uyand\u0131\u011f\u0131nda kendini hamamb\u00f6ce\u011fine d\u00f6n\u00fc\u015fm\u00fc\u015f bulur. Ha\u015far\u0131l\u0131klar\u0131yla \u00fcnl\u00fc Gregor, b\u00f6ce\u011fe d\u00f6n\u00fc\u015ft\u00fckten sonra ya\u015fad\u0131\u011f\u0131 \u015fehrin kaderini de\u011fi\u015ftirmek i\u00e7in ak\u0131lalmaz maceralara at\u0131l\u0131r. \u0130lk i\u015f olarak halk\u0131 haraca ba\u011flayan Ba\u015fkan Bo\u015fkan\u2019\u0131n kar\u015f\u0131s\u0131na dikilir. Neredeyse bir silgi b\u00fcy\u00fckl\u00fc\u011f\u00fcndeki kahraman\u0131m\u0131z, ac\u0131mas\u0131zlarla e\u011flenerek m\u00fccadele ederken, yak\u0131n arkada\u015flar\u0131 Tarakanow karde\u015fler her h\u0131nz\u0131rl\u0131kta onunla birliktedir elbette. Kahkahan\u0131n ve heyecan\u0131n eksik olmad\u0131\u011f\u0131 bu kitab\u0131n s\u0131rr\u0131 karakterlerinde sakl\u0131.  Joseph Kaa, Siggi Smund, Franz Samsa\u2026 Bakal\u0131m bu karakterlerin s\u0131rr\u0131n\u0131 kim \u00e7\u00f6zecek? <\/p>\n","protected":false},"excerpt":{"rendered":"<p>\u201cD\u00fcnya ola\u011fan\u00fcst\u00fc bir yerdi. Delirtilecek say\u0131s\u0131z insan onu bekliyordu.\u201d Krali\u00e7eyi Kurtarmak ve Haritada Kaybolmak kitaplar\u0131yla okurlar\u0131n g\u00f6nl\u00fcn\u00fc fetheden Vladimir Tumanov, ele avuca s\u0131\u011fmayan bir \u00e7ocu\u011fun ola\u011fan\u00fcst\u00fc<span class=\"excerpt-hellip\"> [\u2026]<\/span><\/p>\n","protected":false},"featured_media":0,"template":"","meta":{"_monsterinsights_skip_tracking":false,"_monsterinsights_sitenote_active":false,"_monsterinsights_sitenote_note":"","_monsterinsights_sitenote_category":0},"product_brand":[],"product_cat":[12275,12274],"product_tag":[],"class_list":{"0":"post-709258","1":"product","2":"type-product","3":"status-publish","5":"product_cat-6-12-yas-kitaplari","6":"product_cat-cocuk-ve-genclik-kitaplari","7":"pa_cilt-ciltsiz","8":"pa_tur-kitap","9":"pa_yayinevi-cinar-yayinlari","10":"pa_yazar-vladimir-tumanov","12":"first","13":"instock","14":"sale","15":"shipping-taxable","16":"purchasable","17":"product-type-simple"},"_links":{"self":[{"href":"https:\/\/roveyayinevi.com.tr\/index.php\/wp-json\/wp\/v2\/product\/709258","targetHints":{"allow":["GET"]}}],"collection":[{"href":"https:\/\/roveyayinevi.com.tr\/index.php\/wp-json\/wp\/v2\/product"}],"about":[{"href":"https:\/\/roveyayinevi.com.tr\/index.php\/wp-json\/wp\/v2\/types\/product"}],"wp:attachment":[{"href":"https:\/\/roveyayinevi.com.tr\/index.php\/wp-json\/wp\/v2\/media?parent=709258"}],"wp:term":[{"taxonomy":"product_brand","embeddable":true,"href":"https:\/\/roveyayinevi.com.tr\/index.php\/wp-json\/wp\/v2\/product_brand?post=709258"},{"taxonomy":"product_cat","embeddable":true,"href":"https:\/\/roveyayinevi.com.tr\/index.php\/wp-json\/wp\/v2\/product_cat?post=709258"},{"taxonomy":"product_tag","embeddable":true,"href":"https:\/\/roveyayinevi.com.tr\/index.php\/wp-json\/wp\/v2\/product_tag?post=709258"}],"curies":[{"name":"wp","href":"https:\/\/api.w.org\/{rel}","templated":true}]}}