{"id":709257,"date":"2025-08-27T16:23:21","date_gmt":"2025-08-27T13:23:21","guid":{"rendered":"https:\/\/roveyayinevi.com.tr\/index.php\/urun\/kibrisin-mucahit-hemsireleri\/"},"modified":"2026-04-16T02:18:00","modified_gmt":"2026-04-15T23:18:00","slug":"kibrisin-mucahit-hemsireleri","status":"publish","type":"product","link":"https:\/\/roveyayinevi.com.tr\/index.php\/urun\/kibrisin-mucahit-hemsireleri\/","title":{"rendered":"K\u0131br\u0131s&#8217;\u0131n M\u00fccahit Hem\u015fireleri"},"content":{"rendered":"<p>Sava\u015f\u0131n g\u00f6lgesinde bir avu\u00e7 sihirli elin dokunu\u015fuyla yeniden canlanan hayatlar. Umut a\u015f\u0131layan, y\u00fcre\u011fini ortaya koyan vatan sevdal\u0131lar\u0131\u2026 Yitip giden gen\u00e7lik, yar\u0131m kalan hayaller\u2026 Esaretin g\u00f6lgesinde ya\u015famaya \u00e7al\u0131\u015fmak\u2026 Vatans\u0131z kalma korkusu\u2026. Avu\u00e7lar\u0131n\u0131n aras\u0131ndan kay\u0131p giden hayatlar\u2026 Kuruyan g\u00f6z p\u0131narlar\u0131, \u0131slanan duvar dipleri\u2026 Y\u00fcreklere kaz\u0131nm\u0131\u015f, de\u015fildil\u00e7e kanayan derin yaralar\u2026 Kendi yaralar\u0131n\u0131 unutup ba\u015fkalar\u0131n\u0131n yaralar\u0131na merhem olan, \u015fifa da\u011f\u0131tan hem\u015fireler\u2026 Karanl\u0131\u011f\u0131 ayd\u0131nlatan ate\u015f b\u00f6ceklerinin hikayesi\u2026 <\/p>\n","protected":false},"excerpt":{"rendered":"<p>Sava\u015f\u0131n g\u00f6lgesinde bir avu\u00e7 sihirli elin dokunu\u015fuyla yeniden canlanan hayatlar. Umut a\u015f\u0131layan, y\u00fcre\u011fini ortaya koyan vatan sevdal\u0131lar\u0131\u2026 Yitip giden gen\u00e7lik, yar\u0131m kalan hayaller\u2026 Esaretin g\u00f6lgesinde ya\u015famaya<span class=\"excerpt-hellip\"> [\u2026]<\/span><\/p>\n","protected":false},"featured_media":0,"template":"","meta":{"_monsterinsights_skip_tracking":false,"_monsterinsights_sitenote_active":false,"_monsterinsights_sitenote_note":"","_monsterinsights_sitenote_category":0},"product_brand":[],"product_cat":[13590,12337],"product_tag":[],"class_list":{"0":"post-709257","1":"product","2":"type-product","3":"status-publish","5":"product_cat-arastirma-inceleme-politika-siyaset","6":"product_cat-politika-siyaset","7":"pa_cilt-ciltsiz","8":"pa_tur-kitap","9":"pa_yayinevi-kalkedon-yayincilik","10":"pa_yazar-fatma-ceki","12":"first","13":"instock","14":"sale","15":"shipping-taxable","16":"purchasable","17":"product-type-simple"},"_links":{"self":[{"href":"https:\/\/roveyayinevi.com.tr\/index.php\/wp-json\/wp\/v2\/product\/709257","targetHints":{"allow":["GET"]}}],"collection":[{"href":"https:\/\/roveyayinevi.com.tr\/index.php\/wp-json\/wp\/v2\/product"}],"about":[{"href":"https:\/\/roveyayinevi.com.tr\/index.php\/wp-json\/wp\/v2\/types\/product"}],"wp:attachment":[{"href":"https:\/\/roveyayinevi.com.tr\/index.php\/wp-json\/wp\/v2\/media?parent=709257"}],"wp:term":[{"taxonomy":"product_brand","embeddable":true,"href":"https:\/\/roveyayinevi.com.tr\/index.php\/wp-json\/wp\/v2\/product_brand?post=709257"},{"taxonomy":"product_cat","embeddable":true,"href":"https:\/\/roveyayinevi.com.tr\/index.php\/wp-json\/wp\/v2\/product_cat?post=709257"},{"taxonomy":"product_tag","embeddable":true,"href":"https:\/\/roveyayinevi.com.tr\/index.php\/wp-json\/wp\/v2\/product_tag?post=709257"}],"curies":[{"name":"wp","href":"https:\/\/api.w.org\/{rel}","templated":true}]}}