{"id":709256,"date":"2025-08-27T16:23:20","date_gmt":"2025-08-27T13:23:20","guid":{"rendered":"https:\/\/roveyayinevi.com.tr\/index.php\/urun\/kedi-hissi-kedilerin-sirlari-cozuluyor\/"},"modified":"2026-04-16T02:18:00","modified_gmt":"2026-04-15T23:18:00","slug":"kedi-hissi-kedilerin-sirlari-cozuluyor","status":"publish","type":"product","link":"https:\/\/roveyayinevi.com.tr\/index.php\/urun\/kedi-hissi-kedilerin-sirlari-cozuluyor\/","title":{"rendered":"Kedi Hissi &#8211; Kedilerin S\u0131rlar\u0131 \u00c7\u00f6z\u00fcl\u00fcyor"},"content":{"rendered":"<p>Her ne kadar \u015fehir hayat\u0131na al\u0131\u015fm\u0131\u015f g\u00f6r\u00fcnseler de, kedilerin d\u00f6rt aya\u011f\u0131ndan \u00fc\u00e7\u00fc h\u00e2l\u00e2 vah\u015fi k\u00f6klerinden ayr\u0131lmam\u0131\u015ft\u0131r. K\u00f6peklerin d\u00fc\u015f\u00fcnce bi\u00e7imi atalar\u0131 gri kurtlar\u0131nkinden bir hayli farkl\u0131d\u0131r art\u0131k. Kediler ise halen vah\u015fi avc\u0131lar gibi d\u00fc\u015f\u00fcn\u00fcr. Bir iki ku\u015fak i\u00e7inde kolayca 10.000 y\u0131l \u00f6nceki, evcille\u015ftirilmemi\u015f durumlar\u0131n\u0131n temel \u00f6zelli\u011fi olan ba\u011f\u0131ms\u0131z ya\u015famlar\u0131na d\u00f6nebilir. Bug\u00fcn bile milyonlarca kedi, ev hayvan\u0131 olarak de\u011fil yabani le\u015f\u00e7iler ve avc\u0131lar olarak, insanlarla yan yana ama onlara hi\u00e7 g\u00fcvenmeyerek ya\u015famaktad\u0131r. Kedi yavrular\u0131 ak\u0131l almaz bir h\u0131zla dostu d\u00fc\u015fmandan ay\u0131rmay\u0131 \u00f6\u011frendi\u011finden, kediler birbirinden son derece farkl\u0131 olan bu iki ya\u015fam bi\u00e7imine tek bir ku\u015fak i\u00e7inde uyum sa\u011flayabilir. Kediler i\u00e7lerinde insan sevgisi ile do\u011fmaz. Bu, yavru iken \u00f6\u011frendikleri bir duygudur. Ayr\u0131 \u015fekilde, di\u011fer kedileri de kendili\u011finden sevmez. Tersine, i\u00e7g\u00fcd\u00fcleri, kar\u015f\u0131la\u015ft\u0131klar\u0131 her kediden \u015f\u00fcphe duymalar\u0131n\u0131, hatta ona korku ile yakla\u015fmalar\u0131n\u0131 \u00f6ng\u00f6r\u00fcr. K\u00f6peklerin atas\u0131 olan son derece sosyal kurtlar\u0131n aksine, kedilerin atalar\u0131 yaln\u0131z ya\u015famay\u0131 seven, b\u00f6lgelerine ba\u011fl\u0131 hayvanlard\u0131.Kediler, vah\u015fi davran\u0131\u015flar\u0131n\u0131n bir\u00e7o\u011funu koruyarak, insanlarla beraber ya\u015famay\u0131 \u00f6\u011frenmi\u015ftir. Cins kedilerin olu\u015fturdu\u011fu bir az\u0131nl\u0131k d\u0131\u015f\u0131nda kalan kediler, k\u00f6peklerin aksine insanlar taraf\u0131ndan \u201cyarat\u0131lm\u0131\u015f\u201d de\u011fildir. Daha \u00e7ok, bizimle beraber evrilerek, onlara fark\u0131nda olmadan sundu\u011fumuz rollere uyum sa\u011flamay\u0131 \u00f6\u011frenmi\u015ftir. <\/p>\n","protected":false},"excerpt":{"rendered":"<p>Her ne kadar \u015fehir hayat\u0131na al\u0131\u015fm\u0131\u015f g\u00f6r\u00fcnseler de, kedilerin d\u00f6rt aya\u011f\u0131ndan \u00fc\u00e7\u00fc h\u00e2l\u00e2 vah\u015fi k\u00f6klerinden ayr\u0131lmam\u0131\u015ft\u0131r. K\u00f6peklerin d\u00fc\u015f\u00fcnce bi\u00e7imi atalar\u0131 gri kurtlar\u0131nkinden bir hayli farkl\u0131d\u0131r art\u0131k.<span class=\"excerpt-hellip\"> [\u2026]<\/span><\/p>\n","protected":false},"featured_media":0,"template":"","meta":{"_monsterinsights_skip_tracking":false,"_monsterinsights_sitenote_active":false,"_monsterinsights_sitenote_note":"","_monsterinsights_sitenote_category":0},"product_brand":[],"product_cat":[12777,12291],"product_tag":[],"class_list":{"0":"post-709256","1":"product","2":"type-product","3":"status-publish","5":"product_cat-deneme","6":"product_cat-edebiyat","7":"pa_cilt-ciltsiz","8":"pa_tur-kitap","9":"pa_yayinevi-kalkedon-yayincilik","10":"pa_yazar-john-bradshaw","12":"first","13":"instock","14":"sale","15":"shipping-taxable","16":"purchasable","17":"product-type-simple"},"_links":{"self":[{"href":"https:\/\/roveyayinevi.com.tr\/index.php\/wp-json\/wp\/v2\/product\/709256","targetHints":{"allow":["GET"]}}],"collection":[{"href":"https:\/\/roveyayinevi.com.tr\/index.php\/wp-json\/wp\/v2\/product"}],"about":[{"href":"https:\/\/roveyayinevi.com.tr\/index.php\/wp-json\/wp\/v2\/types\/product"}],"wp:attachment":[{"href":"https:\/\/roveyayinevi.com.tr\/index.php\/wp-json\/wp\/v2\/media?parent=709256"}],"wp:term":[{"taxonomy":"product_brand","embeddable":true,"href":"https:\/\/roveyayinevi.com.tr\/index.php\/wp-json\/wp\/v2\/product_brand?post=709256"},{"taxonomy":"product_cat","embeddable":true,"href":"https:\/\/roveyayinevi.com.tr\/index.php\/wp-json\/wp\/v2\/product_cat?post=709256"},{"taxonomy":"product_tag","embeddable":true,"href":"https:\/\/roveyayinevi.com.tr\/index.php\/wp-json\/wp\/v2\/product_tag?post=709256"}],"curies":[{"name":"wp","href":"https:\/\/api.w.org\/{rel}","templated":true}]}}