{"id":709255,"date":"2025-08-27T16:23:20","date_gmt":"2025-08-27T13:23:20","guid":{"rendered":"https:\/\/roveyayinevi.com.tr\/index.php\/urun\/yikarak-yapmak\/"},"modified":"2026-04-16T02:18:00","modified_gmt":"2026-04-15T23:18:00","slug":"yikarak-yapmak","status":"publish","type":"product","link":"https:\/\/roveyayinevi.com.tr\/index.php\/urun\/yikarak-yapmak\/","title":{"rendered":"Y\u0131karak Yapmak"},"content":{"rendered":"<p>\u201cY\u0131karak yapmaktan s\u00f6z ediyorum, \u00e7\u00fcnk\u00fc genelde \u2018ilerici\u2019, \u2018\u00f6nc\u00fc\u2019, \u2018avangart\u2019 gibi s\u0131fatlarla an\u0131lan pek \u00e7ok ki\u015fi ve y\u00f6nelim, eskileri g\u00f6zden \u00e7\u0131karamayan, hatta onlar\u0131 \u00e7a\u011fda\u015f olan\u0131 gerek\u00e7elendirmek i\u00e7in hikmet deposu gibi kullanan arg\u00fcmanlar dile getirdiler. Sonu\u00e7ta bunlar\u0131n t\u00fcm\u00fc bir t\u00fcr zombi \u00fcretimi. Bu kitap i\u015fte o zombileri, o ya\u015fayan \u00f6l\u00fcleri te\u015fhis etmeye ve tart\u0131\u015fmaya y\u00f6nelik bir \u00e7aba. \u201cAnar\u015fi terimini kullan\u0131yorum, \u00e7\u00fcnk\u00fc mimarl\u0131k bilgi alan\u0131nda egemen iktidar yap\u0131lar\u0131n\u0131 \u2013s\u00f6ylemleri, \u00f6nyarg\u0131lar\u0131, stereotipleri, inan\u00e7lar\u0131\u2013 sorunla\u015ft\u0131rmak istiyorum. Onlar\u0131n \u00e7ok zay\u0131f d\u00fc\u015f\u00fcnce konstr\u00fcksiyonlar\u0131 olu\u015fturdu\u011funa inan\u0131yorum. \u0130ktidarlar\u0131n\u0131 da paradoksal olarak o zafiyetlerine bor\u00e7lular. Bunlara inan\u0131l\u0131r, ikna olunur ve s\u00f6ylemsel ve\/veya tasar\u0131msal pratiklerde bulunmaya f\u00fctursuzca devam edilir. \u0130man edilmekten vazge\u00e7ilseydi t\u00fcm bir d\u00fc\u015f\u00fcnsel konstr\u00fcksiyonun alt\u0131 oyulacak, zeminsiz kal\u0131nacakt\u0131. \u201c\u00c7ok daha \u00f6nemli hedefim ise mimarl\u0131k s\u00f6ylemlerinde gizli totalitarizm. Mimarl\u0131k d\u00fc\u015f\u00fcncesinin \u00e7o\u011fu metninde d\u00fcnyan\u0131n mimar\u0131n ki\u015fisel becerisiyle cennet k\u0131l\u0131nabilece\u011fi gibi totalitaryen bir beklentiden s\u00f6z edilir ve \u00e7o\u011fu zaman bundan hi\u00e7 rahats\u0131zl\u0131k duyulmaz. B\u00f6yle bir inan\u00e7 asl\u0131nda, tasarlayan \u00f6znenin vehmedilmi\u015f iktidar\u0131ndan \u00e7ok, siyasal otoritenin denetimsiz ger\u00e7ek iktidar\u0131na uzanan kanala su ta\u015f\u0131yor. Diktatoryel iddialar\u0131n me\u015frula\u015ft\u0131r\u0131lmas\u0131 imk\u00e2nlar\u0131n\u0131 ortaya koyuyor. \u015e\u00f6yle de diyebilirim: Mimar\u0131n tasar\u0131msal iktidar\u0131 ile siyasal y\u00f6neticinin toplum m\u00fchendisli\u011fi yapma iktidar\u0131 aras\u0131ndaki mesafe \u00e7ok k\u0131sa. Her ikisi de toplumsall\u0131k \u00fczerinde kurulmas\u0131 ama\u00e7lanan bir diktaya \u00f6zlem duyuyor.\u201d \u2014 U\u011fur Tanyeli \ufffc<\/p>\n","protected":false},"excerpt":{"rendered":"<p>\u201cY\u0131karak yapmaktan s\u00f6z ediyorum, \u00e7\u00fcnk\u00fc genelde \u2018ilerici\u2019, \u2018\u00f6nc\u00fc\u2019, \u2018avangart\u2019 gibi s\u0131fatlarla an\u0131lan pek \u00e7ok ki\u015fi ve y\u00f6nelim, eskileri g\u00f6zden \u00e7\u0131karamayan, hatta onlar\u0131 \u00e7a\u011fda\u015f olan\u0131 gerek\u00e7elendirmek i\u00e7in<span class=\"excerpt-hellip\"> [\u2026]<\/span><\/p>\n","protected":false},"featured_media":0,"template":"","meta":{"_monsterinsights_skip_tracking":false,"_monsterinsights_sitenote_active":false,"_monsterinsights_sitenote_note":"","_monsterinsights_sitenote_category":0},"product_brand":[],"product_cat":[13512,12408],"product_tag":[],"class_list":{"0":"post-709255","1":"product","2":"type-product","3":"status-publish","5":"product_cat-mimarlik","6":"product_cat-sanat","7":"pa_cilt-ciltsiz","8":"pa_tur-kitap","9":"pa_yayinevi-metis-yayinlari","10":"pa_yazar-ugur-tanyeli","12":"first","13":"instock","14":"sale","15":"shipping-taxable","16":"purchasable","17":"product-type-simple"},"_links":{"self":[{"href":"https:\/\/roveyayinevi.com.tr\/index.php\/wp-json\/wp\/v2\/product\/709255","targetHints":{"allow":["GET"]}}],"collection":[{"href":"https:\/\/roveyayinevi.com.tr\/index.php\/wp-json\/wp\/v2\/product"}],"about":[{"href":"https:\/\/roveyayinevi.com.tr\/index.php\/wp-json\/wp\/v2\/types\/product"}],"wp:attachment":[{"href":"https:\/\/roveyayinevi.com.tr\/index.php\/wp-json\/wp\/v2\/media?parent=709255"}],"wp:term":[{"taxonomy":"product_brand","embeddable":true,"href":"https:\/\/roveyayinevi.com.tr\/index.php\/wp-json\/wp\/v2\/product_brand?post=709255"},{"taxonomy":"product_cat","embeddable":true,"href":"https:\/\/roveyayinevi.com.tr\/index.php\/wp-json\/wp\/v2\/product_cat?post=709255"},{"taxonomy":"product_tag","embeddable":true,"href":"https:\/\/roveyayinevi.com.tr\/index.php\/wp-json\/wp\/v2\/product_tag?post=709255"}],"curies":[{"name":"wp","href":"https:\/\/api.w.org\/{rel}","templated":true}]}}