{"id":709248,"date":"2025-08-27T16:23:16","date_gmt":"2025-08-27T13:23:16","guid":{"rendered":"https:\/\/roveyayinevi.com.tr\/index.php\/urun\/alice-harikalar-diyarinda-kisaltilmis-metin-100-temel-eser\/"},"modified":"2026-04-16T02:18:00","modified_gmt":"2026-04-15T23:18:00","slug":"alice-harikalar-diyarinda-kisaltilmis-metin-100-temel-eser","status":"publish","type":"product","link":"https:\/\/roveyayinevi.com.tr\/index.php\/urun\/alice-harikalar-diyarinda-kisaltilmis-metin-100-temel-eser\/","title":{"rendered":"Alice Harikalar Diyar\u0131nda (K\u0131salt\u0131lm\u0131\u015f Metin) 100 Temel Eser"},"content":{"rendered":"<p>Her \u015fey elindeki saate bak\u0131p h\u0131zl\u0131 h\u0131zl\u0131 y\u00fcr\u00fcyen tuhaf giyimli bir tav\u015fanla ba\u015flad\u0131. Tav\u015fan\u0131n pe\u015fine tak\u0131lan Alice, bir anda kendini fizik kurallar\u0131n\u0131n \u00e7ok da ge\u00e7erli olmad\u0131\u011f\u0131 garip bir d\u00fcnyada buldu. Yedi\u011fi ya da i\u00e7ti\u011fi her \u015fey k\u0131zca\u011f\u0131z\u0131 ya k\u00fc\u00e7\u00fcc\u00fck yap\u0131yor ya da dev gibi b\u00fcy\u00fct\u00fcyordu. Kendi g\u00f6zya\u015flar\u0131ndan olu\u015fan kocaman bir denizde bo\u011fulmaktan g\u00fc\u00e7 bela kurtulup, komik bir \u00e7ay partisine kat\u0131lan Alice\u2019i daha bir s\u00fcr\u00fc acayip macera bekliyordu. Yakla\u015f\u0131k 140 y\u0131l \u00f6nce, asl\u0131nda bir matematik\u00e7i olan Lewis Carroll, bir dostunun Alice ad\u0131ndaki k\u0131z\u0131n\u0131 oyalamak amac\u0131yla anlatt\u0131\u011f\u0131 \u00f6yk\u00fcleri bir kitapta toplamay\u0131 d\u00fc\u015f\u00fcnd\u00fc ve ortaya d\u00fcnya tarihinin en ilgin\u00e7 \u00e7ocuk roman\u0131 \u00e7\u0131kt\u0131. \ufffcTan\u0131t\u0131m Metni<\/p>\n","protected":false},"excerpt":{"rendered":"<p>Her \u015fey elindeki saate bak\u0131p h\u0131zl\u0131 h\u0131zl\u0131 y\u00fcr\u00fcyen tuhaf giyimli bir tav\u015fanla ba\u015flad\u0131. Tav\u015fan\u0131n pe\u015fine tak\u0131lan Alice, bir anda kendini fizik kurallar\u0131n\u0131n \u00e7ok da ge\u00e7erli olmad\u0131\u011f\u0131<span class=\"excerpt-hellip\"> [\u2026]<\/span><\/p>\n","protected":false},"featured_media":0,"template":"","meta":{"_monsterinsights_skip_tracking":false,"_monsterinsights_sitenote_active":false,"_monsterinsights_sitenote_note":"","_monsterinsights_sitenote_category":0},"product_brand":[],"product_cat":[12274,12284],"product_tag":[],"class_list":{"0":"post-709248","1":"product","2":"type-product","3":"status-publish","5":"product_cat-cocuk-ve-genclik-kitaplari","6":"product_cat-hikayeler","7":"pa_cilt-ciltsiz","8":"pa_tur-kitap","9":"pa_yayinevi-is-bankasi-kultur-yayinlari","10":"pa_yazar-lewis-carroll","12":"first","13":"instock","14":"sale","15":"shipping-taxable","16":"purchasable","17":"product-type-simple"},"_links":{"self":[{"href":"https:\/\/roveyayinevi.com.tr\/index.php\/wp-json\/wp\/v2\/product\/709248","targetHints":{"allow":["GET"]}}],"collection":[{"href":"https:\/\/roveyayinevi.com.tr\/index.php\/wp-json\/wp\/v2\/product"}],"about":[{"href":"https:\/\/roveyayinevi.com.tr\/index.php\/wp-json\/wp\/v2\/types\/product"}],"wp:attachment":[{"href":"https:\/\/roveyayinevi.com.tr\/index.php\/wp-json\/wp\/v2\/media?parent=709248"}],"wp:term":[{"taxonomy":"product_brand","embeddable":true,"href":"https:\/\/roveyayinevi.com.tr\/index.php\/wp-json\/wp\/v2\/product_brand?post=709248"},{"taxonomy":"product_cat","embeddable":true,"href":"https:\/\/roveyayinevi.com.tr\/index.php\/wp-json\/wp\/v2\/product_cat?post=709248"},{"taxonomy":"product_tag","embeddable":true,"href":"https:\/\/roveyayinevi.com.tr\/index.php\/wp-json\/wp\/v2\/product_tag?post=709248"}],"curies":[{"name":"wp","href":"https:\/\/api.w.org\/{rel}","templated":true}]}}