{"id":709247,"date":"2025-08-27T16:23:15","date_gmt":"2025-08-27T13:23:15","guid":{"rendered":"https:\/\/roveyayinevi.com.tr\/index.php\/urun\/yildizlara-sarili-kralice\/"},"modified":"2026-04-16T02:18:00","modified_gmt":"2026-04-15T23:18:00","slug":"yildizlara-sarili-kralice","status":"publish","type":"product","link":"https:\/\/roveyayinevi.com.tr\/index.php\/urun\/yildizlara-sarili-kralice\/","title":{"rendered":"Y\u0131ld\u0131zlara Sar\u0131l\u0131 Krali\u00e7e"},"content":{"rendered":"<p>Kader ve k\u0131smet. G\u00fc\u00e7 ve tutku. Y\u0131ld\u0131zlar gelece\u011finizde y\u0131k\u0131mdan ba\u015fka bir \u015fey olmad\u0131\u011f\u0131n\u0131 s\u00f6yl\u00fcyorsa, bir krall\u0131\u011f\u0131 nas\u0131l y\u00f6netirsiniz?Maya lanetliydi. \u00d6l\u00fcm ve y\u0131k\u0131m getirece\u011fini \u00f6ng\u00f6ren bir y\u0131ld\u0131z haritas\u0131na sahip oldu\u011fundan, babas\u0131n\u0131n krall\u0131\u011f\u0131 ondan nefret ediyor ve korkuyordu. Kitaplar\u0131n aras\u0131na g\u00f6m\u00fcl\u00fcp kaybolmak isterken, Maya\u2019n\u0131n babas\u0131 olan Raca, krall\u0131\u011fa kar\u015f\u0131 ayaklanmalar\u0131 bast\u0131rmak i\u00e7in k\u0131z\u0131n\u0131 evlendirmeye karar vermi\u015fti. \u00c7ok ge\u00e7meden Maya, Akaran\u2019\u0131n krali\u00e7esi ve Amar\u2019\u0131n e\u015fi oldu. Kendini i\u00e7inde buldu\u011fu iki role de haz\u0131rl\u0131kl\u0131 de\u011fildi: Akaran\u2019\u0131n krali\u00e7esi olarak g\u00fcc\u00fcn\u00fc ve kendi sesini, Amar\u2019\u0131n e\u015fi olarak ise \u015fefkat, koruma ve tutku buldu.Fakat Akaran\u2019\u0131n kendi s\u0131rlar\u0131 vard\u0131. Binlerce kilitli kap\u0131, camdan bah\u00e7eler ve meyve yerine dallar\u0131ndan an\u0131lar\u0131n sarkt\u0131\u011f\u0131 bir a\u011fa\u00e7. \u00c7ok ge\u00e7meden Maya hayat\u0131n\u0131n tehlikede oldu\u011funu anlayacakt\u0131. Fakat Akaran\u2019\u0131n Raca\u2019s\u0131 d\u0131\u015f\u0131nda kime g\u00fcvenebilirdi ki? \u0130nsanlar\u0131n ve Di\u011ferd\u00fcnya\u2019n\u0131n kaderi tehlikedeyken, sevdiklerinin hayat\u0131n\u0131 kurtarmak i\u00e7in, Maya\u2019n\u0131n reenkarne hayatlar boyunca s\u00fcregelmi\u015f kadim bir s\u0131rr\u0131 \u00e7\u00f6zmesi gerekiyordu.Y\u0131ld\u0131zlara Sar\u0131l\u0131 Krali\u00e7e\u2019ye \u00d6vg\u00fc New York Times \u00c7oksatan\u0131 Amazon\u2019un Ay\u0131n En \u0130yi Kitab\u0131 Goodreads\u2019in Ay\u0131n En \u0130yi Kitab\u0131 <\/p>\n","protected":false},"excerpt":{"rendered":"<p>Kader ve k\u0131smet. G\u00fc\u00e7 ve tutku. Y\u0131ld\u0131zlar gelece\u011finizde y\u0131k\u0131mdan ba\u015fka bir \u015fey olmad\u0131\u011f\u0131n\u0131 s\u00f6yl\u00fcyorsa, bir krall\u0131\u011f\u0131 nas\u0131l y\u00f6netirsiniz?Maya lanetliydi. \u00d6l\u00fcm ve y\u0131k\u0131m getirece\u011fini \u00f6ng\u00f6ren bir y\u0131ld\u0131z<span class=\"excerpt-hellip\"> [\u2026]<\/span><\/p>\n","protected":false},"featured_media":0,"template":"","meta":{"_monsterinsights_skip_tracking":false,"_monsterinsights_sitenote_active":false,"_monsterinsights_sitenote_note":"","_monsterinsights_sitenote_category":0},"product_brand":[],"product_cat":[12291,14777],"product_tag":[],"class_list":{"0":"post-709247","1":"product","2":"type-product","3":"status-publish","5":"product_cat-edebiyat","6":"product_cat-fantastik","7":"pa_cilt-ciltli","8":"pa_tur-kitap","9":"pa_yayinevi-yabanci-yayinevi","10":"pa_yazar-roshani-chokshi","12":"first","13":"instock","14":"sale","15":"shipping-taxable","16":"purchasable","17":"product-type-simple"},"_links":{"self":[{"href":"https:\/\/roveyayinevi.com.tr\/index.php\/wp-json\/wp\/v2\/product\/709247","targetHints":{"allow":["GET"]}}],"collection":[{"href":"https:\/\/roveyayinevi.com.tr\/index.php\/wp-json\/wp\/v2\/product"}],"about":[{"href":"https:\/\/roveyayinevi.com.tr\/index.php\/wp-json\/wp\/v2\/types\/product"}],"wp:attachment":[{"href":"https:\/\/roveyayinevi.com.tr\/index.php\/wp-json\/wp\/v2\/media?parent=709247"}],"wp:term":[{"taxonomy":"product_brand","embeddable":true,"href":"https:\/\/roveyayinevi.com.tr\/index.php\/wp-json\/wp\/v2\/product_brand?post=709247"},{"taxonomy":"product_cat","embeddable":true,"href":"https:\/\/roveyayinevi.com.tr\/index.php\/wp-json\/wp\/v2\/product_cat?post=709247"},{"taxonomy":"product_tag","embeddable":true,"href":"https:\/\/roveyayinevi.com.tr\/index.php\/wp-json\/wp\/v2\/product_tag?post=709247"}],"curies":[{"name":"wp","href":"https:\/\/api.w.org\/{rel}","templated":true}]}}