{"id":709246,"date":"2025-08-27T16:23:14","date_gmt":"2025-08-27T13:23:14","guid":{"rendered":"https:\/\/roveyayinevi.com.tr\/index.php\/urun\/siir-kucugun\/"},"modified":"2026-04-16T02:18:00","modified_gmt":"2026-04-15T23:18:00","slug":"siir-kucugun","status":"publish","type":"product","link":"https:\/\/roveyayinevi.com.tr\/index.php\/urun\/siir-kucugun\/","title":{"rendered":"\u015eiir K\u00fc\u00e7\u00fc\u011f\u00fcn"},"content":{"rendered":"<p>S\u00f6z b\u00fcy\u00fc\u011f\u00fcnse\u015eiir k\u00fc\u00e7\u00fc\u011f\u00fcn olmal\u0131Biliyorum daha k\u00fc\u00e7\u00fc\u011f\u00fcmBir dizenin dibindeyimYolumu erken se\u00e7tim benO dizenin dibindeS\u00f6zc\u00fcklerle b\u00fcy\u00fcyece\u011fimYazarl\u0131k ser\u00fcvenine uzun y\u0131llar \u00f6nce \u015fiirle ba\u015flayan mizah ustas\u0131 Cihan Demirci\u2019nin \u015eiir K\u00fc\u00e7\u00fc\u011f\u00fcn adl\u0131 bu kitab\u0131 \u00e7ocuklar i\u00e7inkaleme ald\u0131\u011f\u0131 zek\u00e2 y\u00fckl\u00fc, e\u011flenceli, vurucu, esprili, g\u00fcncel \u015fiirlerinden olu\u015fuyor. Hani bir solukta okunacak, \u00e7ocuklar kadar samimive i\u00e7ten \u015fiirler bunlar&#8230; <\/p>\n","protected":false},"excerpt":{"rendered":"<p>S\u00f6z b\u00fcy\u00fc\u011f\u00fcnse\u015eiir k\u00fc\u00e7\u00fc\u011f\u00fcn olmal\u0131Biliyorum daha k\u00fc\u00e7\u00fc\u011f\u00fcmBir dizenin dibindeyimYolumu erken se\u00e7tim benO dizenin dibindeS\u00f6zc\u00fcklerle b\u00fcy\u00fcyece\u011fimYazarl\u0131k ser\u00fcvenine uzun y\u0131llar \u00f6nce \u015fiirle ba\u015flayan mizah ustas\u0131 Cihan Demirci\u2019nin \u015eiir K\u00fc\u00e7\u00fc\u011f\u00fcn<span class=\"excerpt-hellip\"> [\u2026]<\/span><\/p>\n","protected":false},"featured_media":0,"template":"","meta":{"_monsterinsights_skip_tracking":false,"_monsterinsights_sitenote_active":false,"_monsterinsights_sitenote_note":"","_monsterinsights_sitenote_category":0},"product_brand":[],"product_cat":[12275,12274],"product_tag":[],"class_list":{"0":"post-709246","1":"product","2":"type-product","3":"status-publish","5":"product_cat-6-12-yas-kitaplari","6":"product_cat-cocuk-ve-genclik-kitaplari","7":"pa_cilt-ciltsiz","8":"pa_tur-kitap","9":"pa_yayinevi-kirmizi-kedi-yayinevi","10":"pa_yazar-cihan-demirci","12":"first","13":"instock","14":"sale","15":"shipping-taxable","16":"purchasable","17":"product-type-simple"},"_links":{"self":[{"href":"https:\/\/roveyayinevi.com.tr\/index.php\/wp-json\/wp\/v2\/product\/709246","targetHints":{"allow":["GET"]}}],"collection":[{"href":"https:\/\/roveyayinevi.com.tr\/index.php\/wp-json\/wp\/v2\/product"}],"about":[{"href":"https:\/\/roveyayinevi.com.tr\/index.php\/wp-json\/wp\/v2\/types\/product"}],"wp:attachment":[{"href":"https:\/\/roveyayinevi.com.tr\/index.php\/wp-json\/wp\/v2\/media?parent=709246"}],"wp:term":[{"taxonomy":"product_brand","embeddable":true,"href":"https:\/\/roveyayinevi.com.tr\/index.php\/wp-json\/wp\/v2\/product_brand?post=709246"},{"taxonomy":"product_cat","embeddable":true,"href":"https:\/\/roveyayinevi.com.tr\/index.php\/wp-json\/wp\/v2\/product_cat?post=709246"},{"taxonomy":"product_tag","embeddable":true,"href":"https:\/\/roveyayinevi.com.tr\/index.php\/wp-json\/wp\/v2\/product_tag?post=709246"}],"curies":[{"name":"wp","href":"https:\/\/api.w.org\/{rel}","templated":true}]}}