{"id":709245,"date":"2025-08-27T16:23:14","date_gmt":"2025-08-27T13:23:14","guid":{"rendered":"https:\/\/roveyayinevi.com.tr\/index.php\/urun\/felsefenin-tanrisi\/"},"modified":"2026-04-16T02:18:00","modified_gmt":"2026-04-15T23:18:00","slug":"felsefenin-tanrisi","status":"publish","type":"product","link":"https:\/\/roveyayinevi.com.tr\/index.php\/urun\/felsefenin-tanrisi\/","title":{"rendered":"Felsefenin Tanr\u0131s\u0131"},"content":{"rendered":"<p>Vahiy d\u0131\u015f\u0131nda Tanr\u0131 hakk\u0131nda konu\u015fabilmeyi sorun edinen felsef\u00ee teolojiye teorik bir giri\u015f olarak haz\u0131rlad\u0131\u011f\u0131m\u0131z bu \u00e7al\u0131\u015fman\u0131n, din\u00ee teolojiden \u00e7ok felsefede ilgi uyand\u0131rmas\u0131 ve tart\u0131\u015fmalara yol a\u00e7mas\u0131n\u0131 beklemekteyiz. Dini, bir ya\u015fam bi\u00e7imi ve im\u00e2n deneyimi olarak kendine sorun edinmeyen, dinin niha\u00ee ger\u00e7eklik diye ortaya koydu\u011fu en temel kavram\u0131 \u201cTanr\u0131\u201d hakk\u0131nda ak\u0131l d\u0131\u015f\u0131nda vahiy de d\u00e2hil olmak \u00fczere hi\u00e7bir otoriteyi kabul etmeksizin d\u00fc\u015f\u00fcnmeyi ve konu\u015fmay\u0131 kendi \u00f6zel alan\u0131 yapan, y\u00f6ntem olarak felsefenin radikal soru sorma bi\u00e7imini s\u00fcrd\u00fcren, yani felsefe olarak devam eden felsef\u00ee teoloji konulu bu k\u0131sa giri\u015f, umar\u0131z din\u2013felsefe ili\u015fkisi, din bilimleri, din felsefesi ve din\u00ee teoloji ba\u011flam\u0131nda soru sorma bi\u00e7imlerinin yeniden ele al\u0131n\u0131p sorgulanmas\u0131na, dini konu ve sorun edinen b\u00fct\u00fcn alanlar\u0131n birbirleriyle olan ili\u015fkilerini yeniden sorgulamalar\u0131na katk\u0131 sa\u011flar. \ufffcTan\u0131t\u0131m Metni<\/p>\n","protected":false},"excerpt":{"rendered":"<p>Vahiy d\u0131\u015f\u0131nda Tanr\u0131 hakk\u0131nda konu\u015fabilmeyi sorun edinen felsef\u00ee teolojiye teorik bir giri\u015f olarak haz\u0131rlad\u0131\u011f\u0131m\u0131z bu \u00e7al\u0131\u015fman\u0131n, din\u00ee teolojiden \u00e7ok felsefede ilgi uyand\u0131rmas\u0131 ve tart\u0131\u015fmalara yol a\u00e7mas\u0131n\u0131<span class=\"excerpt-hellip\"> [\u2026]<\/span><\/p>\n","protected":false},"featured_media":0,"template":"","meta":{"_monsterinsights_skip_tracking":false,"_monsterinsights_sitenote_active":false,"_monsterinsights_sitenote_note":"","_monsterinsights_sitenote_category":0},"product_brand":[],"product_cat":[12388,13555],"product_tag":[],"class_list":{"0":"post-709245","1":"product","2":"type-product","3":"status-publish","5":"product_cat-felsefe","6":"product_cat-genel-felsefe","7":"pa_cilt-ciltsiz","8":"pa_tur-kitap","9":"pa_yayinevi-pinhan-yayincilik","10":"pa_yazar-abdurrahman-aliy","12":"first","13":"instock","14":"sale","15":"shipping-taxable","16":"purchasable","17":"product-type-simple"},"_links":{"self":[{"href":"https:\/\/roveyayinevi.com.tr\/index.php\/wp-json\/wp\/v2\/product\/709245","targetHints":{"allow":["GET"]}}],"collection":[{"href":"https:\/\/roveyayinevi.com.tr\/index.php\/wp-json\/wp\/v2\/product"}],"about":[{"href":"https:\/\/roveyayinevi.com.tr\/index.php\/wp-json\/wp\/v2\/types\/product"}],"wp:attachment":[{"href":"https:\/\/roveyayinevi.com.tr\/index.php\/wp-json\/wp\/v2\/media?parent=709245"}],"wp:term":[{"taxonomy":"product_brand","embeddable":true,"href":"https:\/\/roveyayinevi.com.tr\/index.php\/wp-json\/wp\/v2\/product_brand?post=709245"},{"taxonomy":"product_cat","embeddable":true,"href":"https:\/\/roveyayinevi.com.tr\/index.php\/wp-json\/wp\/v2\/product_cat?post=709245"},{"taxonomy":"product_tag","embeddable":true,"href":"https:\/\/roveyayinevi.com.tr\/index.php\/wp-json\/wp\/v2\/product_tag?post=709245"}],"curies":[{"name":"wp","href":"https:\/\/api.w.org\/{rel}","templated":true}]}}