{"id":709244,"date":"2025-08-27T16:23:13","date_gmt":"2025-08-27T13:23:13","guid":{"rendered":"https:\/\/roveyayinevi.com.tr\/index.php\/urun\/basibozuk-sevdalar\/"},"modified":"2026-04-16T02:18:00","modified_gmt":"2026-04-15T23:18:00","slug":"basibozuk-sevdalar","status":"publish","type":"product","link":"https:\/\/roveyayinevi.com.tr\/index.php\/urun\/basibozuk-sevdalar\/","title":{"rendered":"Ba\u015f\u0131bozuk Sevdalar"},"content":{"rendered":"<p>Onunla bir \u00f6m\u00fcr de\u011fil onun i\u00e7in bir \u00f6m\u00fcrd\u00fcr sevda \u201cSu\u00e7 bende! Ac\u0131lar\u0131m\u0131 d\u0131\u015fa vursam sorun yok. Ama olabildi\u011fince ac\u0131la\u015fm\u0131\u015f s\u00f6zc\u00fckleri ortal\u0131\u011fa sa\u00e7aca\u011f\u0131ma yutuyorum. Pervas\u0131zca zehirliyorlar beni&#8230;\u201d diyor \u015eiir. \u201cKarde\u015flik zorunlu arkada\u015fl\u0131k, arkada\u015fl\u0131ksa se\u00e7ilmi\u015f karde\u015fliktir\u201d dedirten bir can dost, Eda var yan\u0131nda. Ve \u015eiir\u2019in hayat\u0131na dokunan \u00fc\u00e7 erkek&#8230; \u201cBug\u00fcne kadar duydu\u011fum, okudu\u011fum, dinledi\u011fim ya da seslendirdi\u011fim b\u00fct\u00fcn \u015fiirlerden daha g\u00fczelsin!\u201d diyen Ezel. \u201cA\u015fk\u0131n ya\u015f\u0131 yoktur, mant\u0131\u011f\u0131 da\u201d tezini savunan Baran. Ve hik\u00e2yesi, \u201cSeni herkesten k\u0131skan\u0131yorum\u201d ile \u201cNereden sevdim o zalim kad\u0131n\u0131\u201d aras\u0131nda s\u0131k\u0131\u015f\u0131p kalm\u0131\u015f bir Recep. \u015eiir\u2019in ruh hali ise karmakar\u0131\u015f\u0131k. \u015e\u00f6yle ifade ediyor kendini: \u201cB\u00fct\u00fcn renkler \u00e7ekip gitmi\u015f hayat\u0131mdan Siyaha, beyaza raz\u0131y\u0131m da&#8230; Kapkara bir kuytunun derinine itivermi\u015fler beni G\u00f6zlerim g\u00f6kku\u015fa\u011f\u0131n\u0131n yedi rengine hasret Dokunsalar tel tel da\u011f\u0131lacak y\u00fcre\u011fim Beynimse \u00e7oktan y\u00fck\u00fcn\u00fc alm\u0131\u015f Darmada\u011f\u0131n&#8230;\u201d <\/p>\n","protected":false},"excerpt":{"rendered":"<p>Onunla bir \u00f6m\u00fcr de\u011fil onun i\u00e7in bir \u00f6m\u00fcrd\u00fcr sevda \u201cSu\u00e7 bende! Ac\u0131lar\u0131m\u0131 d\u0131\u015fa vursam sorun yok. Ama olabildi\u011fince ac\u0131la\u015fm\u0131\u015f s\u00f6zc\u00fckleri ortal\u0131\u011fa sa\u00e7aca\u011f\u0131ma yutuyorum. Pervas\u0131zca zehirliyorlar beni&#8230;\u201d<span class=\"excerpt-hellip\"> [\u2026]<\/span><\/p>\n","protected":false},"featured_media":0,"template":"","meta":{"_monsterinsights_skip_tracking":false,"_monsterinsights_sitenote_active":false,"_monsterinsights_sitenote_note":"","_monsterinsights_sitenote_category":0},"product_brand":[],"product_cat":[12291,12711],"product_tag":[],"class_list":{"0":"post-709244","1":"product","2":"type-product","3":"status-publish","5":"product_cat-edebiyat","6":"product_cat-roman-oyku","7":"pa_cilt-ciltsiz","8":"pa_tur-kitap","9":"pa_yayinevi-dogan-kitap","10":"pa_yazar-canan-tan","12":"first","13":"instock","14":"sale","15":"shipping-taxable","16":"purchasable","17":"product-type-simple"},"_links":{"self":[{"href":"https:\/\/roveyayinevi.com.tr\/index.php\/wp-json\/wp\/v2\/product\/709244","targetHints":{"allow":["GET"]}}],"collection":[{"href":"https:\/\/roveyayinevi.com.tr\/index.php\/wp-json\/wp\/v2\/product"}],"about":[{"href":"https:\/\/roveyayinevi.com.tr\/index.php\/wp-json\/wp\/v2\/types\/product"}],"wp:attachment":[{"href":"https:\/\/roveyayinevi.com.tr\/index.php\/wp-json\/wp\/v2\/media?parent=709244"}],"wp:term":[{"taxonomy":"product_brand","embeddable":true,"href":"https:\/\/roveyayinevi.com.tr\/index.php\/wp-json\/wp\/v2\/product_brand?post=709244"},{"taxonomy":"product_cat","embeddable":true,"href":"https:\/\/roveyayinevi.com.tr\/index.php\/wp-json\/wp\/v2\/product_cat?post=709244"},{"taxonomy":"product_tag","embeddable":true,"href":"https:\/\/roveyayinevi.com.tr\/index.php\/wp-json\/wp\/v2\/product_tag?post=709244"}],"curies":[{"name":"wp","href":"https:\/\/api.w.org\/{rel}","templated":true}]}}