{"id":709241,"date":"2025-08-27T16:23:12","date_gmt":"2025-08-27T13:23:12","guid":{"rendered":"https:\/\/roveyayinevi.com.tr\/index.php\/urun\/benden-bir-tane-daha-olsa-ciltli\/"},"modified":"2026-04-16T02:18:00","modified_gmt":"2026-04-15T23:18:00","slug":"benden-bir-tane-daha-olsa-ciltli","status":"publish","type":"product","link":"https:\/\/roveyayinevi.com.tr\/index.php\/urun\/benden-bir-tane-daha-olsa-ciltli\/","title":{"rendered":"Benden Bir Tane Daha Olsa (Ciltli)"},"content":{"rendered":"<p>Leo\u2019nun i\u015fleri ba\u015f\u0131ndan a\u015fk\u0131nd\u0131. Ne kadar \u00e7ok \u00e7al\u0131\u015f\u0131rsa \u00e7al\u0131\u015fs\u0131n, yap\u0131lmas\u0131 gereken i\u015flerin sonu gelmiyordu. Leo sonunda bir g\u00fcn, \u201cKe\u015fke benden iki tane daha olsayd\u0131.\u201d deyiverdi. Bu s\u00f6zler a\u011fz\u0131ndan \u00e7\u0131kar \u00e7\u0131kmaz kar\u015f\u0131s\u0131nda bir Leo daha beliriverdi! Derken iki \u00fc\u00e7 oldu, \u00fc\u00e7 d\u00f6rt oldu ve d\u00f6rt \u00e7o\u011fald\u0131k\u00e7a \u00e7o\u011fald\u0131&#8230; Acaba bu \u00e7o\u011falmalar onun sorununu \u00e7\u00f6zecek miydi, yoksa Leo\u2019nun sorunlar\u0131n\u0131n daha basit bir \u00e7\u00f6z\u00fcm\u00fc var m\u0131yd\u0131? Nokta ve M\u0131\u015f Gibi&#8217;nin \u00f6d\u00fcll\u00fc yazar\u0131 Peter Reynolds, bu kez g\u00fcn\u00fcm\u00fcz\u00fcn sonu gelmez sorunlar\u0131 \u00fczerinde derin derin d\u00fc\u015f\u00fcnmemiz gerekti\u011fini s\u00f6yl\u00fcyor. \ufffc<\/p>\n","protected":false},"excerpt":{"rendered":"<p>Leo\u2019nun i\u015fleri ba\u015f\u0131ndan a\u015fk\u0131nd\u0131. Ne kadar \u00e7ok \u00e7al\u0131\u015f\u0131rsa \u00e7al\u0131\u015fs\u0131n, yap\u0131lmas\u0131 gereken i\u015flerin sonu gelmiyordu. Leo sonunda bir g\u00fcn, \u201cKe\u015fke benden iki tane daha olsayd\u0131.\u201d deyiverdi. Bu<span class=\"excerpt-hellip\"> [\u2026]<\/span><\/p>\n","protected":false},"featured_media":0,"template":"","meta":{"_monsterinsights_skip_tracking":false,"_monsterinsights_sitenote_active":false,"_monsterinsights_sitenote_note":"","_monsterinsights_sitenote_category":0},"product_brand":[],"product_cat":[12913,12274],"product_tag":[],"class_list":{"0":"post-709241","1":"product","2":"type-product","3":"status-publish","5":"product_cat-3-6-yas-kitaplari","6":"product_cat-cocuk-ve-genclik-kitaplari","7":"pa_cilt-ciltli","8":"pa_tur-kitap","9":"pa_yayinevi-altin-kitaplar-cocuk-kitaplari","10":"pa_yazar-peter-h-reynolds","12":"first","13":"instock","14":"sale","15":"shipping-taxable","16":"purchasable","17":"product-type-simple"},"_links":{"self":[{"href":"https:\/\/roveyayinevi.com.tr\/index.php\/wp-json\/wp\/v2\/product\/709241","targetHints":{"allow":["GET"]}}],"collection":[{"href":"https:\/\/roveyayinevi.com.tr\/index.php\/wp-json\/wp\/v2\/product"}],"about":[{"href":"https:\/\/roveyayinevi.com.tr\/index.php\/wp-json\/wp\/v2\/types\/product"}],"wp:attachment":[{"href":"https:\/\/roveyayinevi.com.tr\/index.php\/wp-json\/wp\/v2\/media?parent=709241"}],"wp:term":[{"taxonomy":"product_brand","embeddable":true,"href":"https:\/\/roveyayinevi.com.tr\/index.php\/wp-json\/wp\/v2\/product_brand?post=709241"},{"taxonomy":"product_cat","embeddable":true,"href":"https:\/\/roveyayinevi.com.tr\/index.php\/wp-json\/wp\/v2\/product_cat?post=709241"},{"taxonomy":"product_tag","embeddable":true,"href":"https:\/\/roveyayinevi.com.tr\/index.php\/wp-json\/wp\/v2\/product_tag?post=709241"}],"curies":[{"name":"wp","href":"https:\/\/api.w.org\/{rel}","templated":true}]}}