{"id":709240,"date":"2025-08-27T16:23:11","date_gmt":"2025-08-27T13:23:11","guid":{"rendered":"https:\/\/roveyayinevi.com.tr\/index.php\/urun\/sen-de-kendi-hikayenin-kahramanisin\/"},"modified":"2026-04-16T02:18:00","modified_gmt":"2026-04-15T23:18:00","slug":"sen-de-kendi-hikayenin-kahramanisin","status":"publish","type":"product","link":"https:\/\/roveyayinevi.com.tr\/index.php\/urun\/sen-de-kendi-hikayenin-kahramanisin\/","title":{"rendered":"Sen De Kendi Hikayenin Kahraman\u0131s\u0131n"},"content":{"rendered":"<p>Yazar kimdir? D\u00fcnyalar\u0131 d\u00fc\u015fleyen, sadece isim olarak hayal etti\u011fi fikirleri insanla\u015ft\u0131ran yahut sadece mevcut ger\u00e7eklerden mutlu olmayan insan m\u0131? Yazar, t\u0131pk\u0131 yazd\u0131klar\u0131 gibi kendi yolculu\u011funa at\u0131lm\u0131\u015f bir kahramand\u0131r. Bir anl\u0131k cesaretle kendini yolculu\u011fun tam ortas\u0131nda bulan, kimi zaman kendinden emin ad\u0131mlarla ilerleyen, kimi zaman nereye gidece\u011fini, yola nas\u0131l devam edece\u011fini bilemeyen, kimi zaman da bir ak\u0131l hocas\u0131 ihtiyac\u0131yla yan\u0131p tutu\u015fan.\u015eimdi bir ak\u0131l hocas\u0131 hayal edin! Yolculu\u011fa \u00e7\u0131kman\u0131zda size yard\u0131m edecek, motivasyonunuzu kaybetmenize izin vermeyecek, zaaflar\u0131n\u0131z\u0131 yenmenizi kolayla\u015ft\u0131racak bir ak\u0131l hocas\u0131. \u015e\u00fcpheye d\u00fc\u015ft\u00fc\u011f\u00fcn\u00fczde size yeni yollar g\u00f6sterecek, en iyi yapt\u0131\u011f\u0131n\u0131z \u015feye odaklanman\u0131z\u0131 sa\u011flayacak ki\u015fi o&#8230; \u0130\u015fte bu kitapta onunla tan\u0131\u015facaks\u0131n\u0131z; y\u0131llard\u0131r edit\u00f6rl\u00fck ve yazar ko\u00e7lu\u011fu yapan Kendra Levin\u2019le. Levin, Sen de Kendi Hik\u00e2yenin Kahraman\u0131s\u0131n kitab\u0131nda, \u00e7al\u0131\u015ft\u0131\u011f\u0131 yazarlar\u0131n ge\u00e7ti\u011fi zorluklardan ve kendi tecr\u00fcbelerinden ilham alarak haz\u0131rlad\u0131\u011f\u0131 y\u00f6nlendirmelerle sizi m\u00fcthi\u015f bir yolculu\u011fa \u00e7\u0131kar\u0131yor. Bu sizin yazma yolculu\u011funuz, elbette ba\u015fkahraman\u0131 da sizsiniz. Bir kahraman oldu\u011funuzu kabul edin ve yolda kar\u015f\u0131n\u0131za nas\u0131l bir engel \u00e7\u0131karsa \u00e7\u0131ks\u0131n, hepsini ger\u00e7ek bir kahraman gibi alt edin. \u0130ster ilk kez yaz\u0131yor olun, ister daha \u00f6nce bir\u00e7ok kitab\u0131n\u0131z yay\u0131mlanm\u0131\u015f olsun, bu kitab\u0131n sonunda arad\u0131\u011f\u0131 ilhama kavu\u015fmu\u015f, hi\u00e7 olmad\u0131\u011f\u0131 kadar disiplinli, amac\u0131na odakl\u0131 ve cesur bir kahramana d\u00f6n\u00fc\u015feceksiniz. Unutmay\u0131n, \u201cMaceraya yaln\u0131z ba\u015f\u0131m\u0131za at\u0131lmak zorunda de\u011filiz, \u00e7\u00fcnk\u00fc bizden \u00f6nce yola \u00e7\u0131kan kahramanlar var; labirent t\u00fcm ayr\u0131nt\u0131lar\u0131yla biliniyor; tek yapmam\u0131z gereken kahramana yol g\u00f6steren ipi takip etmek.\u201d<\/p>\n","protected":false},"excerpt":{"rendered":"<p>Yazar kimdir? D\u00fcnyalar\u0131 d\u00fc\u015fleyen, sadece isim olarak hayal etti\u011fi fikirleri insanla\u015ft\u0131ran yahut sadece mevcut ger\u00e7eklerden mutlu olmayan insan m\u0131? Yazar, t\u0131pk\u0131 yazd\u0131klar\u0131 gibi kendi yolculu\u011funa at\u0131lm\u0131\u015f<span class=\"excerpt-hellip\"> [\u2026]<\/span><\/p>\n","protected":false},"featured_media":0,"template":"","meta":{"_monsterinsights_skip_tracking":false,"_monsterinsights_sitenote_active":false,"_monsterinsights_sitenote_note":"","_monsterinsights_sitenote_category":0},"product_brand":[],"product_cat":[12777,12291],"product_tag":[],"class_list":{"0":"post-709240","1":"product","2":"type-product","3":"status-publish","5":"product_cat-deneme","6":"product_cat-edebiyat","7":"pa_cilt-ciltsiz","8":"pa_tur-kitap","9":"pa_yayinevi-hep-kitap","10":"pa_yazar-kendra-levin","12":"first","13":"instock","14":"sale","15":"shipping-taxable","16":"purchasable","17":"product-type-simple"},"_links":{"self":[{"href":"https:\/\/roveyayinevi.com.tr\/index.php\/wp-json\/wp\/v2\/product\/709240","targetHints":{"allow":["GET"]}}],"collection":[{"href":"https:\/\/roveyayinevi.com.tr\/index.php\/wp-json\/wp\/v2\/product"}],"about":[{"href":"https:\/\/roveyayinevi.com.tr\/index.php\/wp-json\/wp\/v2\/types\/product"}],"wp:attachment":[{"href":"https:\/\/roveyayinevi.com.tr\/index.php\/wp-json\/wp\/v2\/media?parent=709240"}],"wp:term":[{"taxonomy":"product_brand","embeddable":true,"href":"https:\/\/roveyayinevi.com.tr\/index.php\/wp-json\/wp\/v2\/product_brand?post=709240"},{"taxonomy":"product_cat","embeddable":true,"href":"https:\/\/roveyayinevi.com.tr\/index.php\/wp-json\/wp\/v2\/product_cat?post=709240"},{"taxonomy":"product_tag","embeddable":true,"href":"https:\/\/roveyayinevi.com.tr\/index.php\/wp-json\/wp\/v2\/product_tag?post=709240"}],"curies":[{"name":"wp","href":"https:\/\/api.w.org\/{rel}","templated":true}]}}