{"id":709235,"date":"2025-08-27T16:23:00","date_gmt":"2025-08-27T13:23:00","guid":{"rendered":"https:\/\/roveyayinevi.com.tr\/index.php\/urun\/kutulamare-kusatma-ve-esaretin-adi\/"},"modified":"2026-04-16T02:17:59","modified_gmt":"2026-04-15T23:17:59","slug":"kutulamare-kusatma-ve-esaretin-adi","status":"publish","type":"product","link":"https:\/\/roveyayinevi.com.tr\/index.php\/urun\/kutulamare-kusatma-ve-esaretin-adi\/","title":{"rendered":"Kutulamare: Ku\u015fatma ve Esaretin Ad\u0131"},"content":{"rendered":"<p>Y\u00fczba\u015f\u0131 Edward W.C. Sandes, I. D\u00fcnya Sava\u015f\u0131&#8217;nda Basra K\u00f6rfezi&#8217;nden \u00e7\u0131k\u0131p Irak i\u00e7lerine ilerleyen General Townshend y\u00f6netimindeki \u0130ngiliz Ordusuna mensup 6. Hint T\u00fcmeni&#8217;nde k\u00f6pr\u00fc istihk\u00e2m birli\u011finin komutan\u0131yd\u0131. G\u00f6revi, Dicle Nehri \u00fczerinde nehir ta\u015f\u0131ma ara\u00e7lar\u0131n\u0131 kullanarak y\u00fczer k\u00f6pr\u00fc in\u015fas\u0131 ve emir geldi\u011finde bunlar\u0131 s\u00f6k\u00fcp karadan ilerleyen orduyu takip etmekti. Ba\u011fdat&#8217;a do\u011fru T\u00fcrk Ordusu kar\u015f\u0131s\u0131nda ard\u0131 ard\u0131na kazan\u0131lan zaferlerle ilerlerken 22-25 Kas\u0131m 1915&#8217;teki Selman-\u0131 Pak yenilgisiyle her \u015fey tersine d\u00f6ner. \u0130ngiliz ve Hintli askerlerden olu\u015fan 6. T\u00fcmen, Dicle&#8217;nin k\u0131vr\u0131m yapt\u0131\u011f\u0131 K\u00fbtulam\u00e2re kasabas\u0131na s\u0131\u011f\u0131n\u0131r. T\u00fcrk ordusunun ku\u015fatmas\u0131ndan kurtulamayan Townshend ve ordusu teslim olmak zorunda kal\u0131r.Elinizde tuttu\u011funuz bu s\u0131rad\u0131\u015f\u0131 hat\u0131ratta Y\u00fczba\u015f\u0131 Sandes, ku\u015fatma alt\u0131ndaki kasabada ya\u015fananlar\u0131, \u00e7ekilen s\u0131k\u0131nt\u0131lar\u0131, kasaban\u0131n Arap ahalisi ile olan m\u00fcnasebetlerini, T\u00fcrklere nas\u0131l teslim olduklar\u0131n\u0131 \u00e7arp\u0131c\u0131 bir dille anlat\u0131rken, cephenin di\u011fer taraf\u0131ndaki bir \u0130ngiliz subay\u0131n\u0131n g\u00f6z\u00fcnden tarihimizin en \u00f6nemli zaferlerinden birisine tan\u0131kl\u0131k etmemizi sa\u011fl\u0131yor. <\/p>\n","protected":false},"excerpt":{"rendered":"<p>Y\u00fczba\u015f\u0131 Edward W.C. Sandes, I. D\u00fcnya Sava\u015f\u0131&#8217;nda Basra K\u00f6rfezi&#8217;nden \u00e7\u0131k\u0131p Irak i\u00e7lerine ilerleyen General Townshend y\u00f6netimindeki \u0130ngiliz Ordusuna mensup 6. Hint T\u00fcmeni&#8217;nde k\u00f6pr\u00fc istihk\u00e2m birli\u011finin komutan\u0131yd\u0131.<span class=\"excerpt-hellip\"> [\u2026]<\/span><\/p>\n","protected":false},"featured_media":0,"template":"","meta":{"_monsterinsights_skip_tracking":false,"_monsterinsights_sitenote_active":false,"_monsterinsights_sitenote_note":"","_monsterinsights_sitenote_category":0},"product_brand":[],"product_cat":[12312,12304],"product_tag":[],"class_list":{"0":"post-709235","1":"product","2":"type-product","3":"status-publish","5":"product_cat-diger","6":"product_cat-tarih","7":"pa_cilt-ciltsiz","8":"pa_tur-kitap","9":"pa_yayinevi-yeditepe-yayinevi","10":"pa_yazar-komisyon","12":"first","13":"instock","14":"sale","15":"shipping-taxable","16":"purchasable","17":"product-type-simple"},"_links":{"self":[{"href":"https:\/\/roveyayinevi.com.tr\/index.php\/wp-json\/wp\/v2\/product\/709235","targetHints":{"allow":["GET"]}}],"collection":[{"href":"https:\/\/roveyayinevi.com.tr\/index.php\/wp-json\/wp\/v2\/product"}],"about":[{"href":"https:\/\/roveyayinevi.com.tr\/index.php\/wp-json\/wp\/v2\/types\/product"}],"wp:attachment":[{"href":"https:\/\/roveyayinevi.com.tr\/index.php\/wp-json\/wp\/v2\/media?parent=709235"}],"wp:term":[{"taxonomy":"product_brand","embeddable":true,"href":"https:\/\/roveyayinevi.com.tr\/index.php\/wp-json\/wp\/v2\/product_brand?post=709235"},{"taxonomy":"product_cat","embeddable":true,"href":"https:\/\/roveyayinevi.com.tr\/index.php\/wp-json\/wp\/v2\/product_cat?post=709235"},{"taxonomy":"product_tag","embeddable":true,"href":"https:\/\/roveyayinevi.com.tr\/index.php\/wp-json\/wp\/v2\/product_tag?post=709235"}],"curies":[{"name":"wp","href":"https:\/\/api.w.org\/{rel}","templated":true}]}}