{"id":709234,"date":"2025-08-27T16:23:00","date_gmt":"2025-08-27T13:23:00","guid":{"rendered":"https:\/\/roveyayinevi.com.tr\/index.php\/urun\/goadan-gecen-yol\/"},"modified":"2026-04-16T02:17:59","modified_gmt":"2026-04-15T23:17:59","slug":"goadan-gecen-yol","status":"publish","type":"product","link":"https:\/\/roveyayinevi.com.tr\/index.php\/urun\/goadan-gecen-yol\/","title":{"rendered":"Goa&#8217;dan Ge\u00e7en Yol"},"content":{"rendered":"<p>\u00c7ok gen\u00e7 bir kad\u0131n\u0131n, tek ba\u015f\u0131na Hindistan\u2019a yapt\u0131\u011f\u0131 seyahati, di\u011ferlerinden farkl\u0131 k\u0131lan ne olabilir ? Gen\u00e7 olmas\u0131, kad\u0131n olmas\u0131 ya da tek ba\u015f\u0131na olmas\u0131 m\u0131 ? Hay\u0131r! Fer bir yolculu\u011fun canl\u0131 ve devinimli i\u00e7 y\u00fcz\u00fcn\u00fc payla\u015f\u0131yor. Yorumlar\u0131, sorduklar\u0131 ve samimiyetiyle okuyucuyu kendisine a\u00e7\u0131lan kap\u0131dan i\u00e7eri davet ediyor.Goa cezbedici ya\u015fant\u0131s\u0131yla, d\u00fcnyay\u0131 kendine \u00e7eken s\u00f6ylenceleriyle ve toplumun bize dayatt\u0131\u011f\u0131 ezberlere asice ba\u015f kald\u0131r\u0131\u015f\u0131yla, sanki farkl\u0131 bir gezegenden at\u0131lm\u0131\u015f bir \u015fehir. Fer\u2019in yolculu\u011fu Goa&#8217;da ba\u015fl\u0131yor. \u0130lk ad\u0131m\u0131n\u0131 atar atmaz onu \u015fa\u015f\u0131rtmaya ba\u015flayan bu b\u00fcy\u00fcl\u00fc yer, zamanla gezginle beraber biz okurlar\u0131n da duygular\u0131nda, alg\u0131lay\u0131\u015f\u0131nda ve anlay\u0131\u015f\u0131nda de\u011fi\u015fime ve d\u00f6n\u00fc\u015f\u00fcme yol a\u00e7\u0131yor;&#8221;Yar\u0131n neler ya\u015fayaca\u011f\u0131ma, vaktin neyle ge\u00e7ece\u011fine dair fikrim yok. Ve \u00f6n\u00fc bilinmezlik arkas\u0131 g\u00fcvenli olan her an gibi, gelecek zamandan bir \u00e7ekincem var. Herhangi bir \u015feye ilk ad\u0131m\u0131n\u0131 atarken tek ba\u015f\u0131na, i\u00e7inde bir yan\u0131n korku duyar; bilindik ve al\u0131\u015f\u0131ld\u0131k bir \u00f6nceki ta\u015fa geri ad\u0131m atmak ister. O ilk korkuyu a\u015f\u0131p ilerleyince sanki \u00f6n\u00fcndeki yenili\u011fi fetheder ki\u015fi.\u201d\u201cYeri ve zaman\u0131 \u00f6nemsiz, \u00f6n\u00fcnde sonunda bir \u015fekilde g\u00fcvende hissedece\u011fini bilmek kadar g\u00fcven verici bir his yok. \u2018&#8217;X\u2019 kadar s\u00fcre sonra ge\u00e7mi\u015f olacak\u2019 diyebilmek her t\u00fcrl\u00fc zorlu\u011fun \u00fcstesinden getirebilir insan\u0131. Dolay\u0131s\u0131yla ben de bundan destekle d\u00fc\u015f\u00fcnm\u00fcyorum yar\u0131n garantide olup olmayaca\u011f\u0131m\u0131, ya da \u00e7oktan d\u00fcnde kalan g\u00fcvenli yeri ve kollar\u0131. Kafam \u00e7ad\u0131r\u0131n d\u0131\u015f\u0131nda, bir yandan sivrisineklerle bo\u011fu\u015fuyor, bir yandan da uyuklayarak g\u00f6\u011f\u00fcn karanl\u0131\u011f\u0131na milyonlarca g\u00fcne\u015fle yap\u0131lm\u0131\u015f resmi izliyorum.&#8221; <\/p>\n","protected":false},"excerpt":{"rendered":"<p>\u00c7ok gen\u00e7 bir kad\u0131n\u0131n, tek ba\u015f\u0131na Hindistan\u2019a yapt\u0131\u011f\u0131 seyahati, di\u011ferlerinden farkl\u0131 k\u0131lan ne olabilir ? Gen\u00e7 olmas\u0131, kad\u0131n olmas\u0131 ya da tek ba\u015f\u0131na olmas\u0131 m\u0131 ?<span class=\"excerpt-hellip\"> [\u2026]<\/span><\/p>\n","protected":false},"featured_media":0,"template":"","meta":{"_monsterinsights_skip_tracking":false,"_monsterinsights_sitenote_active":false,"_monsterinsights_sitenote_note":"","_monsterinsights_sitenote_category":0},"product_brand":[],"product_cat":[13528,13527],"product_tag":[],"class_list":{"0":"post-709234","1":"product","2":"type-product","3":"status-publish","5":"product_cat-gezi","6":"product_cat-sureli-yayinlar","7":"pa_cilt-ciltsiz","8":"pa_tur-kitap","9":"pa_yayinevi-yeni-insan-yayinlari","10":"pa_yazar-fer-insanoglu","12":"first","13":"instock","14":"sale","15":"shipping-taxable","16":"purchasable","17":"product-type-simple"},"_links":{"self":[{"href":"https:\/\/roveyayinevi.com.tr\/index.php\/wp-json\/wp\/v2\/product\/709234","targetHints":{"allow":["GET"]}}],"collection":[{"href":"https:\/\/roveyayinevi.com.tr\/index.php\/wp-json\/wp\/v2\/product"}],"about":[{"href":"https:\/\/roveyayinevi.com.tr\/index.php\/wp-json\/wp\/v2\/types\/product"}],"wp:attachment":[{"href":"https:\/\/roveyayinevi.com.tr\/index.php\/wp-json\/wp\/v2\/media?parent=709234"}],"wp:term":[{"taxonomy":"product_brand","embeddable":true,"href":"https:\/\/roveyayinevi.com.tr\/index.php\/wp-json\/wp\/v2\/product_brand?post=709234"},{"taxonomy":"product_cat","embeddable":true,"href":"https:\/\/roveyayinevi.com.tr\/index.php\/wp-json\/wp\/v2\/product_cat?post=709234"},{"taxonomy":"product_tag","embeddable":true,"href":"https:\/\/roveyayinevi.com.tr\/index.php\/wp-json\/wp\/v2\/product_tag?post=709234"}],"curies":[{"name":"wp","href":"https:\/\/api.w.org\/{rel}","templated":true}]}}