{"id":709231,"date":"2025-08-27T16:22:58","date_gmt":"2025-08-27T13:22:58","guid":{"rendered":"https:\/\/roveyayinevi.com.tr\/index.php\/urun\/neseli-hatiralar\/"},"modified":"2026-04-16T02:17:59","modified_gmt":"2026-04-15T23:17:59","slug":"neseli-hatiralar","status":"publish","type":"product","link":"https:\/\/roveyayinevi.com.tr\/index.php\/urun\/neseli-hatiralar\/","title":{"rendered":"Ne\u015feli Hat\u0131ralar"},"content":{"rendered":"<p>\u0130lkgen\u00e7lik Yay\u0131nlar\u0131, sizleri yine farkl\u0131 bir Asr-\u0131 Saadet okumas\u0131na davet ediyor&#8230; Bu kitap, Sevgili Peygamberimiz\u2019in (asm) tebess\u00fcm etti\u011fi, birka\u00e7 kez de, m\u00fcbarek di\u015fleri g\u00f6r\u00fcnecek kadar g\u00fcld\u00fc\u011f\u00fc anlardan ve Saadet Asr\u0131\u2019n\u0131n mutlu mesut g\u00fcnleri i\u00e7inde ya\u015fanm\u0131\u015f ho\u015f, latif, n\u00fckteli hat\u0131ralardan bir g\u00fcl demetidir&#8230;<\/p>\n","protected":false},"excerpt":{"rendered":"<p>\u0130lkgen\u00e7lik Yay\u0131nlar\u0131, sizleri yine farkl\u0131 bir Asr-\u0131 Saadet okumas\u0131na davet ediyor&#8230; Bu kitap, Sevgili Peygamberimiz\u2019in (asm) tebess\u00fcm etti\u011fi, birka\u00e7 kez de, m\u00fcbarek di\u015fleri g\u00f6r\u00fcnecek kadar g\u00fcld\u00fc\u011f\u00fc<span class=\"excerpt-hellip\"> [\u2026]<\/span><\/p>\n","protected":false},"featured_media":0,"template":"","meta":{"_monsterinsights_skip_tracking":false,"_monsterinsights_sitenote_active":false,"_monsterinsights_sitenote_note":"","_monsterinsights_sitenote_category":0},"product_brand":[],"product_cat":[16789,12718,12719],"product_tag":[],"class_list":{"0":"post-709231","1":"product","2":"type-product","3":"status-publish","5":"product_cat-diger-islam","6":"product_cat-din","7":"product_cat-islam","8":"pa_cilt-ciltsiz","9":"pa_tur-kitap","10":"pa_yayinevi-ugurbocegi-yayinlari","11":"pa_yazar-ozkan-oze","13":"first","14":"instock","15":"sale","16":"shipping-taxable","17":"purchasable","18":"product-type-simple"},"_links":{"self":[{"href":"https:\/\/roveyayinevi.com.tr\/index.php\/wp-json\/wp\/v2\/product\/709231","targetHints":{"allow":["GET"]}}],"collection":[{"href":"https:\/\/roveyayinevi.com.tr\/index.php\/wp-json\/wp\/v2\/product"}],"about":[{"href":"https:\/\/roveyayinevi.com.tr\/index.php\/wp-json\/wp\/v2\/types\/product"}],"wp:attachment":[{"href":"https:\/\/roveyayinevi.com.tr\/index.php\/wp-json\/wp\/v2\/media?parent=709231"}],"wp:term":[{"taxonomy":"product_brand","embeddable":true,"href":"https:\/\/roveyayinevi.com.tr\/index.php\/wp-json\/wp\/v2\/product_brand?post=709231"},{"taxonomy":"product_cat","embeddable":true,"href":"https:\/\/roveyayinevi.com.tr\/index.php\/wp-json\/wp\/v2\/product_cat?post=709231"},{"taxonomy":"product_tag","embeddable":true,"href":"https:\/\/roveyayinevi.com.tr\/index.php\/wp-json\/wp\/v2\/product_tag?post=709231"}],"curies":[{"name":"wp","href":"https:\/\/api.w.org\/{rel}","templated":true}]}}