{"id":709230,"date":"2025-08-27T16:22:58","date_gmt":"2025-08-27T13:22:58","guid":{"rendered":"https:\/\/roveyayinevi.com.tr\/index.php\/urun\/hammit-kartal-ucurumu\/"},"modified":"2026-04-16T02:17:59","modified_gmt":"2026-04-15T23:17:59","slug":"hammit-kartal-ucurumu","status":"publish","type":"product","link":"https:\/\/roveyayinevi.com.tr\/index.php\/urun\/hammit-kartal-ucurumu\/","title":{"rendered":"Hammit Kartal U\u00e7urumu"},"content":{"rendered":"<p>Anadolu\u2019dan Fantasti\u2019ye\u2026 Olimpiyat heyecan\u0131 s\u00fcr\u00fcyor&#8230; \u015eimdi s\u0131ra ikinci oyun olan &#8220;Kartal U\u00e7urumu&#8221;nda. Hammit ve di\u011fer \u00fclkelerin yar\u0131\u015fmac\u0131lar\u0131 Alt\u0131n Kristal i\u00e7in k\u0131yas\u0131ya yar\u0131\u015fmaya, u\u00e7urumun kenar\u0131nda dola\u015fmaya haz\u0131rlar! Birbirinden heyecanl\u0131 oyunlar, tuzaklar, \u00e7\u00f6z\u00fclmeyi bekleyen \u015fifreler, gizem, macera ve elbette e\u011flence\u2026 Hepsi bu seride! Haydi, durma! Sayfalar\u0131 \u00e7evir, sen de bu e\u011flenceli maceraya kat\u0131l! Geceleri kendi fantastik d\u00fcnyas\u0131na dalan Hammit ve arkada\u015flar\u0131n\u0131n maceralar\u0131na doyamayacaks\u0131n\u0131z\u2026<\/p>\n","protected":false},"excerpt":{"rendered":"<p>Anadolu\u2019dan Fantasti\u2019ye\u2026 Olimpiyat heyecan\u0131 s\u00fcr\u00fcyor&#8230; \u015eimdi s\u0131ra ikinci oyun olan &#8220;Kartal U\u00e7urumu&#8221;nda. Hammit ve di\u011fer \u00fclkelerin yar\u0131\u015fmac\u0131lar\u0131 Alt\u0131n Kristal i\u00e7in k\u0131yas\u0131ya yar\u0131\u015fmaya, u\u00e7urumun kenar\u0131nda dola\u015fmaya haz\u0131rlar!<span class=\"excerpt-hellip\"> [\u2026]<\/span><\/p>\n","protected":false},"featured_media":0,"template":"","meta":{"_monsterinsights_skip_tracking":false,"_monsterinsights_sitenote_active":false,"_monsterinsights_sitenote_note":"","_monsterinsights_sitenote_category":0},"product_brand":[],"product_cat":[12275,12274],"product_tag":[],"class_list":{"0":"post-709230","1":"product","2":"type-product","3":"status-publish","5":"product_cat-6-12-yas-kitaplari","6":"product_cat-cocuk-ve-genclik-kitaplari","7":"pa_cilt-ciltsiz","8":"pa_tur-kitap","9":"pa_yayinevi-timas-cocuk","10":"pa_yazar-komisyon","12":"first","13":"instock","14":"sale","15":"shipping-taxable","16":"purchasable","17":"product-type-simple"},"_links":{"self":[{"href":"https:\/\/roveyayinevi.com.tr\/index.php\/wp-json\/wp\/v2\/product\/709230","targetHints":{"allow":["GET"]}}],"collection":[{"href":"https:\/\/roveyayinevi.com.tr\/index.php\/wp-json\/wp\/v2\/product"}],"about":[{"href":"https:\/\/roveyayinevi.com.tr\/index.php\/wp-json\/wp\/v2\/types\/product"}],"wp:attachment":[{"href":"https:\/\/roveyayinevi.com.tr\/index.php\/wp-json\/wp\/v2\/media?parent=709230"}],"wp:term":[{"taxonomy":"product_brand","embeddable":true,"href":"https:\/\/roveyayinevi.com.tr\/index.php\/wp-json\/wp\/v2\/product_brand?post=709230"},{"taxonomy":"product_cat","embeddable":true,"href":"https:\/\/roveyayinevi.com.tr\/index.php\/wp-json\/wp\/v2\/product_cat?post=709230"},{"taxonomy":"product_tag","embeddable":true,"href":"https:\/\/roveyayinevi.com.tr\/index.php\/wp-json\/wp\/v2\/product_tag?post=709230"}],"curies":[{"name":"wp","href":"https:\/\/api.w.org\/{rel}","templated":true}]}}