{"id":709229,"date":"2025-08-27T16:22:57","date_gmt":"2025-08-27T13:22:57","guid":{"rendered":"https:\/\/roveyayinevi.com.tr\/index.php\/urun\/bir-baskan-bir-sehir-bir-ask\/"},"modified":"2026-04-16T02:17:59","modified_gmt":"2026-04-15T23:17:59","slug":"bir-baskan-bir-sehir-bir-ask","status":"publish","type":"product","link":"https:\/\/roveyayinevi.com.tr\/index.php\/urun\/bir-baskan-bir-sehir-bir-ask\/","title":{"rendered":"Bir Ba\u015fkan Bir \u015eehir Bir A\u015fk"},"content":{"rendered":"<p>Y\u00fcre\u011fimden A\u015eK ge\u00e7erdi hep, \u0130\u00e7inden A\u015eK ge\u00e7en KAR\u015eIYAKA\u2019yla yeniden bulu\u015ftum. Y\u00fcre\u011fimden memleket ge\u00e7erdi hep. \u0130\u00e7inde memleket sevdal\u0131s\u0131 Mustafa Kemal ve anas\u0131 Z\u00fcbeyde Han\u0131m\u2019la bulu\u015ftum. Y\u00fcre\u011fimden \u00f6zg\u00fcrl\u00fck ge\u00e7erdi hep. \u0130\u00e7inde en \u00f6zg\u00fcr ruhlu insanlarla bulu\u015ftum. Y\u00fcre\u011fimden ge\u00e7enleri i\u00e7inde ya\u015fayan ve ya\u015fatan KAR\u015eIYAKA\u2019dan, Gelece\u011fe selam olsun! \u201cY\u00fcr\u00fcyelim Arkada\u015flar\u201d H\u00fcseyin Mutlu Akp\u0131nar Kar\u015f\u0131yaka Belediye Ba\u015fkan\u0131 <\/p>\n","protected":false},"excerpt":{"rendered":"<p>Y\u00fcre\u011fimden A\u015eK ge\u00e7erdi hep, \u0130\u00e7inden A\u015eK ge\u00e7en KAR\u015eIYAKA\u2019yla yeniden bulu\u015ftum. Y\u00fcre\u011fimden memleket ge\u00e7erdi hep. \u0130\u00e7inde memleket sevdal\u0131s\u0131 Mustafa Kemal ve anas\u0131 Z\u00fcbeyde Han\u0131m\u2019la bulu\u015ftum. Y\u00fcre\u011fimden \u00f6zg\u00fcrl\u00fck<span class=\"excerpt-hellip\"> [\u2026]<\/span><\/p>\n","protected":false},"featured_media":0,"template":"","meta":{"_monsterinsights_skip_tracking":false,"_monsterinsights_sitenote_active":false,"_monsterinsights_sitenote_note":"","_monsterinsights_sitenote_category":0},"product_brand":[],"product_cat":[13701,12291],"product_tag":[],"class_list":{"0":"post-709229","1":"product","2":"type-product","3":"status-publish","5":"product_cat-ani-mektup-gunluk","6":"product_cat-edebiyat","7":"pa_cilt-ciltsiz","8":"pa_tur-kitap","9":"pa_yayinevi-dogan-kitap","10":"pa_yazar-huseyin-mutlu-akpinar","12":"first","13":"instock","14":"sale","15":"shipping-taxable","16":"purchasable","17":"product-type-simple"},"_links":{"self":[{"href":"https:\/\/roveyayinevi.com.tr\/index.php\/wp-json\/wp\/v2\/product\/709229","targetHints":{"allow":["GET"]}}],"collection":[{"href":"https:\/\/roveyayinevi.com.tr\/index.php\/wp-json\/wp\/v2\/product"}],"about":[{"href":"https:\/\/roveyayinevi.com.tr\/index.php\/wp-json\/wp\/v2\/types\/product"}],"wp:attachment":[{"href":"https:\/\/roveyayinevi.com.tr\/index.php\/wp-json\/wp\/v2\/media?parent=709229"}],"wp:term":[{"taxonomy":"product_brand","embeddable":true,"href":"https:\/\/roveyayinevi.com.tr\/index.php\/wp-json\/wp\/v2\/product_brand?post=709229"},{"taxonomy":"product_cat","embeddable":true,"href":"https:\/\/roveyayinevi.com.tr\/index.php\/wp-json\/wp\/v2\/product_cat?post=709229"},{"taxonomy":"product_tag","embeddable":true,"href":"https:\/\/roveyayinevi.com.tr\/index.php\/wp-json\/wp\/v2\/product_tag?post=709229"}],"curies":[{"name":"wp","href":"https:\/\/api.w.org\/{rel}","templated":true}]}}