{"id":709228,"date":"2025-08-27T16:22:56","date_gmt":"2025-08-27T13:22:56","guid":{"rendered":"https:\/\/roveyayinevi.com.tr\/index.php\/urun\/dorduncu-boluk\/"},"modified":"2026-04-16T02:17:59","modified_gmt":"2026-04-15T23:17:59","slug":"dorduncu-boluk","status":"publish","type":"product","link":"https:\/\/roveyayinevi.com.tr\/index.php\/urun\/dorduncu-boluk\/","title":{"rendered":"D\u00f6rd\u00fcnc\u00fc B\u00f6l\u00fck"},"content":{"rendered":"<p>D\u00f6rd\u00fcnc\u00fc B\u00f6l\u00fck, kat\u0131rlar\u0131, yedek\u00e7ileri, t\u00fcfek \u00e7avu\u015flar\u0131 ve erleriyle a\u011f\u0131r makineli t\u00fcfek b\u00f6l\u00fc\u011f\u00fcd\u00fcr. Ilgaz, r\u00fctbeler \u00fcst\u00fc bir \u00e7avu\u015f olarak askerli\u011fini bu b\u00f6l\u00fckte yapm\u0131\u015f, gen\u00e7li\u011finin en ha\u015far\u0131, kay\u0131ts\u0131z ve unutulmaz g\u00fcnlerini burada ge\u00e7irmi\u015ftir.D\u00f6rd\u00fcnc\u00fc B\u00f6l\u00fck en zor zamanlarda ne\u015fesini, zek\u00e2s\u0131n\u0131, h\u0131z\u0131n\u0131, yarat\u0131c\u0131l\u0131\u011f\u0131n\u0131 koruyan y\u00fcrekli, so\u011fukkanl\u0131 Mehmet\u00e7i\u011fin mizah yap\u0131t\u0131d\u0131r. \u00dcz\u00fcnt\u00fcy\u00fc kahkahaya \u00e7eviren bu \u00f6yk\u00fcler, size postal\u0131, tay\u0131n\u0131, palaskay\u0131, mataray\u0131 ve en \u00f6nemlisi karavanay\u0131 sevdirecek.Kitapta S\u00fct Verenler Cemiyeti, Yemek Pi\u015firenler Cemiyeti, Y\u00fczy\u0131l Ya\u015fayanlar Cemiyeti gibi asl\u0131nda var olmayan, ilgin\u00e7 cemiyetlerin ve meslek \u00f6rg\u00fctlerinin d\u00fczenledikleri kongrelerde ya\u015fananlar\u0131 anlatt\u0131\u011f\u0131 \u00f6yk\u00fcler ise birer toplumsal ta\u015flama niteli\u011finde. <\/p>\n","protected":false},"excerpt":{"rendered":"<p>D\u00f6rd\u00fcnc\u00fc B\u00f6l\u00fck, kat\u0131rlar\u0131, yedek\u00e7ileri, t\u00fcfek \u00e7avu\u015flar\u0131 ve erleriyle a\u011f\u0131r makineli t\u00fcfek b\u00f6l\u00fc\u011f\u00fcd\u00fcr. Ilgaz, r\u00fctbeler \u00fcst\u00fc bir \u00e7avu\u015f olarak askerli\u011fini bu b\u00f6l\u00fckte yapm\u0131\u015f, gen\u00e7li\u011finin en ha\u015far\u0131, kay\u0131ts\u0131z<span class=\"excerpt-hellip\"> [\u2026]<\/span><\/p>\n","protected":false},"featured_media":0,"template":"","meta":{"_monsterinsights_skip_tracking":false,"_monsterinsights_sitenote_active":false,"_monsterinsights_sitenote_note":"","_monsterinsights_sitenote_category":0},"product_brand":[],"product_cat":[12291,14825],"product_tag":[],"class_list":{"0":"post-709228","1":"product","2":"type-product","3":"status-publish","5":"product_cat-edebiyat","6":"product_cat-mizah","7":"pa_cilt-ciltsiz","8":"pa_tur-kitap","9":"pa_yayinevi-cinar-yayinlari","10":"pa_yazar-rifat-ilgaz","12":"first","13":"instock","14":"sale","15":"shipping-taxable","16":"purchasable","17":"product-type-simple"},"_links":{"self":[{"href":"https:\/\/roveyayinevi.com.tr\/index.php\/wp-json\/wp\/v2\/product\/709228","targetHints":{"allow":["GET"]}}],"collection":[{"href":"https:\/\/roveyayinevi.com.tr\/index.php\/wp-json\/wp\/v2\/product"}],"about":[{"href":"https:\/\/roveyayinevi.com.tr\/index.php\/wp-json\/wp\/v2\/types\/product"}],"wp:attachment":[{"href":"https:\/\/roveyayinevi.com.tr\/index.php\/wp-json\/wp\/v2\/media?parent=709228"}],"wp:term":[{"taxonomy":"product_brand","embeddable":true,"href":"https:\/\/roveyayinevi.com.tr\/index.php\/wp-json\/wp\/v2\/product_brand?post=709228"},{"taxonomy":"product_cat","embeddable":true,"href":"https:\/\/roveyayinevi.com.tr\/index.php\/wp-json\/wp\/v2\/product_cat?post=709228"},{"taxonomy":"product_tag","embeddable":true,"href":"https:\/\/roveyayinevi.com.tr\/index.php\/wp-json\/wp\/v2\/product_tag?post=709228"}],"curies":[{"name":"wp","href":"https:\/\/api.w.org\/{rel}","templated":true}]}}