{"id":709227,"date":"2025-08-27T16:22:56","date_gmt":"2025-08-27T13:22:56","guid":{"rendered":"https:\/\/roveyayinevi.com.tr\/index.php\/urun\/benjamin-okumayi-sevmiyor\/"},"modified":"2026-04-16T02:17:59","modified_gmt":"2026-04-15T23:17:59","slug":"benjamin-okumayi-sevmiyor","status":"publish","type":"product","link":"https:\/\/roveyayinevi.com.tr\/index.php\/urun\/benjamin-okumayi-sevmiyor\/","title":{"rendered":"Benjamin Okumay\u0131 Sevmiyor"},"content":{"rendered":"<p>Ger\u00e7ek hayattan hik\u00e2yeler \u00d6\u011frenme bozuklu\u011fu \u00fczerine bir hik\u00e2ye\u2026 Benjamin hayal g\u00fcc\u00fc geni\u015f bir \u00e7ocuk\u2026 K\u00fc\u00e7\u00fck k\u0131z karde\u015fi i\u00e7in de\u011fi\u015fik oyunlar icat ediyor ve hik\u00e2yeler uyduruyor. Gelgelelim okulda \u00e7ok zorlan\u0131yor. Bir t\u00fcrl\u00fc s\u0131n\u0131f arkada\u015flar\u0131 gibi okumay\u0131 ba\u015faram\u0131yor ve yaz\u0131 yazarken de \u00e7ok hata yapt\u0131\u011f\u0131 i\u00e7in kolayca cesareti k\u0131r\u0131l\u0131yor. Pencereden d\u0131\u015far\u0131 bak\u0131p hayallere dalmay\u0131 \u00e7ok seviyor. Ke\u015fke arkada\u015flar\u0131 gibi yaz\u0131 yazmay\u0131 becerebilse\u2026 \u201cBenjamin ilk kelimeyi yakalamaya \u00e7al\u0131\u015ft\u0131. G\u00f6zlerini kelimeye dikti ve kaleminin ucuna kadar getirdi. T\u0131pk\u0131 fareyi kuyru\u011fundan yakalayan bir kedi gibi! Gelgelelim yolunda gitmeyen bir \u015feyler vard\u0131. Daha ilk harfi yazarken kelimenin ne oldu\u011funu unutmu\u015ftu bile\u2026 \u015eimdi onu kocaman kara tahta \u00fczerinde yeniden bulmas\u0131 gerekiyordu. Nereye kaybolmu\u015ftu \u015fu kelime? Of!\u201d Yeti\u015fkinler i\u00e7in bile yeni bir ba\u015flang\u0131\u00e7 tedirgin edici olabilirken, \u00e7ocuklar i\u00e7in neden olmas\u0131n? Yeni bir karde\u015f, yeni bir okul, beklenmedik bir geli\u015fme ya da ba\u015f etmek zorunda kald\u0131\u011f\u0131m\u0131z heyecanlar, korkular, tak\u0131nt\u0131lar, duygular&#8230; \u201cGer\u00e7ek hayattan hik\u00e2yeler\u201d dizisi, farkl\u0131 duygu ve durumlara odaklan\u0131yor. \u00c7ocuklara, ya\u015fad\u0131klar\u0131 sorunlar kar\u015f\u0131s\u0131nda yeni pencereler a\u00e7abilecek resimli hik\u00e2yelere yer verilmesinin yan\u0131 s\u0131ra ebeveynlere ve e\u011fitimcilere y\u00f6nelik bilgilendirici bir b\u00f6l\u00fcm de bulunuyor. \ufffcTan\u0131t\u0131m Metni<\/p>\n","protected":false},"excerpt":{"rendered":"<p>Ger\u00e7ek hayattan hik\u00e2yeler \u00d6\u011frenme bozuklu\u011fu \u00fczerine bir hik\u00e2ye\u2026 Benjamin hayal g\u00fcc\u00fc geni\u015f bir \u00e7ocuk\u2026 K\u00fc\u00e7\u00fck k\u0131z karde\u015fi i\u00e7in de\u011fi\u015fik oyunlar icat ediyor ve hik\u00e2yeler uyduruyor. Gelgelelim<span class=\"excerpt-hellip\"> [\u2026]<\/span><\/p>\n","protected":false},"featured_media":0,"template":"","meta":{"_monsterinsights_skip_tracking":false,"_monsterinsights_sitenote_active":false,"_monsterinsights_sitenote_note":"","_monsterinsights_sitenote_category":0},"product_brand":[],"product_cat":[12275,12274],"product_tag":[],"class_list":{"0":"post-709227","1":"product","2":"type-product","3":"status-publish","5":"product_cat-6-12-yas-kitaplari","6":"product_cat-cocuk-ve-genclik-kitaplari","7":"pa_cilt-ciltsiz","8":"pa_tur-kitap","9":"pa_yayinevi-yapi-kredi-yayinlari","10":"pa_yazar-komisyon","12":"first","13":"instock","14":"sale","15":"shipping-taxable","16":"purchasable","17":"product-type-simple"},"_links":{"self":[{"href":"https:\/\/roveyayinevi.com.tr\/index.php\/wp-json\/wp\/v2\/product\/709227","targetHints":{"allow":["GET"]}}],"collection":[{"href":"https:\/\/roveyayinevi.com.tr\/index.php\/wp-json\/wp\/v2\/product"}],"about":[{"href":"https:\/\/roveyayinevi.com.tr\/index.php\/wp-json\/wp\/v2\/types\/product"}],"wp:attachment":[{"href":"https:\/\/roveyayinevi.com.tr\/index.php\/wp-json\/wp\/v2\/media?parent=709227"}],"wp:term":[{"taxonomy":"product_brand","embeddable":true,"href":"https:\/\/roveyayinevi.com.tr\/index.php\/wp-json\/wp\/v2\/product_brand?post=709227"},{"taxonomy":"product_cat","embeddable":true,"href":"https:\/\/roveyayinevi.com.tr\/index.php\/wp-json\/wp\/v2\/product_cat?post=709227"},{"taxonomy":"product_tag","embeddable":true,"href":"https:\/\/roveyayinevi.com.tr\/index.php\/wp-json\/wp\/v2\/product_tag?post=709227"}],"curies":[{"name":"wp","href":"https:\/\/api.w.org\/{rel}","templated":true}]}}