{"id":709226,"date":"2025-08-27T16:22:55","date_gmt":"2025-08-27T13:22:55","guid":{"rendered":"https:\/\/roveyayinevi.com.tr\/index.php\/urun\/superman-red-son\/"},"modified":"2026-04-16T02:17:59","modified_gmt":"2026-04-15T23:17:59","slug":"superman-red-son","status":"publish","type":"product","link":"https:\/\/roveyayinevi.com.tr\/index.php\/urun\/superman-red-son\/","title":{"rendered":"Superman Red Son"},"content":{"rendered":"<p>\u201cBu kitab\u0131 okumak i\u00e7in y\u0131llarca bekledim ve Millar beni hayal k\u0131r\u0131kl\u0131\u011f\u0131na u\u011fratmad\u0131. O bir kez daha \u00e7izgi roman end\u00fcstrisindeki en \u00f6zg\u00fcn seslerden biri oldu\u011funu kan\u0131tlad\u0131, ayr\u0131ca \u00e7izgi roman s\u00fcper kahramanlar\u0131n\u0131 ne kadar iyi anlad\u0131\u011f\u0131n\u0131 da. Ve Tanr\u0131 a\u015fk\u0131na, \u00e7izimler \u015fahane.\u201d &#8211; KEVIN SMITH Yazar \/ Y\u00f6netmen \u201cBu enteresan seri, \u00c7elik Adam yankiler taraf\u0131ndan de\u011fil de yolda\u015flar taraf\u0131ndan yeti\u015ftirilseydi ne olurdu sorusunu sorarak pop\u00fcler klasi\u011fe bir alternatif getiriyor. K\u0131z\u0131lken bile Superman cazibesini koruyor. Louis\u2019in ona kar\u015f\u0131 hi\u00e7 \u015fans\u0131 yok.\u201d -Esqu\u0131re- \u201cMillar bu hik\u00e2ye ile d\u00fcnyan\u0131n en ebedi ikonlar\u0131ndan biriyle devasa bir kumar oynuyor ve kazan\u0131yor.\u201d \u2013 -The London Sunday T\u0131mes- \u201cRed Son nesiller aras\u0131nda k\u00f6pr\u00fc kuran ve \u00e7izgi romanlar ile onlar hakk\u0131ndaki filmlerin eski ve yeni okurlar i\u00e7in neden h\u00e2l\u00e2 taze ve s\u00fcrprizlerle dolu oldu\u011funu g\u00f6steren nadir projelerden biri.\u201d -IFC- \u201cBu hik\u00e2yeyi yazan zek\u00e2ya \u015fapka \u00e7\u0131karman\u0131z gerek, bunun ba\u015fka bir yolu yok.\u201d -A\u0131n\u2019t It Cool News- Bak\u0131n! G\u00f6ky\u00fcz\u00fcnde! Bu bir ku\u015f! Bir u\u00e7ak! Hay\u0131r, o\u2026 SUPERMAN! Ba\u015fka bir d\u00fcnyadan gelen garip ziyaret\u00e7i! Kudretli nehirlerin ak\u0131\u015f\u0131n\u0131 de\u011fi\u015ftiriyor, \u00e7eli\u011fi \u00e7\u0131plak elleriyle b\u00fck\u00fcyor&#8230; Ve s\u0131radan i\u015f\u00e7inin \u015fampiyonu olarak Stalin, sosyalizm ve Var\u015fova Pakt\u0131&#8217;n\u0131n geni\u015flemesi i\u00e7in hi\u00e7 bitmeyen bir sava\u015f s\u00fcrd\u00fcr\u00fcyor. Tan\u0131d\u0131k hik\u00e2yeye getirilen bu sars\u0131c\u0131 yorumda, bir Kryptonlu roket gemi D\u00fcnya\u2019ya d\u00fc\u015f\u00fcyor ve beraberinde getirdi\u011fi bebek g\u00fcn\u00fc geldi\u011finde gezegendeki en g\u00fc\u00e7l\u00fc varl\u0131k oluyor. Ama gemisi Amerika\u2019ya inmiyor. Smallville, Kansas\u2019ta yeti\u015ftirilmiyor. Onun yerine Sovyetler Birli\u011fi\u2019ndeki bir kolektif \u00e7iftlik onun yeni yuvas\u0131 oluyor! THE AUTHORITY ve Wanted\u2019\u0131n \u00e7ok satan yazar\u0131 Mark Millar\u2019\u0131n hayal g\u00fcc\u00fcnden Superman efsanesine al\u0131\u015f\u0131lmad\u0131k ve farkl\u0131 bir bak\u0131\u015f geliyor. Bu kitap Dave Johnson, Kilian Plunkett, Andrew Robinson ve Walden Wong\u2019un \u00e7izimleri, film yap\u0131mc\u0131s\u0131 Tom DeSanto\u2019dan (X-Men, Transformers, Transformers: Revenge of the Fallen) bir \u00f6ns\u00f6z ve Johnson, Plunkett ve Alex Ross\u2019un \u00e7izimlerinden olu\u015fan geni\u015f bir eskiz galerisini i\u00e7eriyor.. \ufffcTan\u0131t\u0131m Metni<\/p>\n","protected":false},"excerpt":{"rendered":"<p>\u201cBu kitab\u0131 okumak i\u00e7in y\u0131llarca bekledim ve Millar beni hayal k\u0131r\u0131kl\u0131\u011f\u0131na u\u011fratmad\u0131. O bir kez daha \u00e7izgi roman end\u00fcstrisindeki en \u00f6zg\u00fcn seslerden biri oldu\u011funu kan\u0131tlad\u0131, ayr\u0131ca<span class=\"excerpt-hellip\"> [\u2026]<\/span><\/p>\n","protected":false},"featured_media":0,"template":"","meta":{"_monsterinsights_skip_tracking":false,"_monsterinsights_sitenote_active":false,"_monsterinsights_sitenote_note":"","_monsterinsights_sitenote_category":0},"product_brand":[],"product_cat":[12689,12274],"product_tag":[],"class_list":{"0":"post-709226","1":"product","2":"type-product","3":"status-publish","5":"product_cat-cizgi-roman-cocuk-ve-genclik-kitaplari","6":"product_cat-cocuk-ve-genclik-kitaplari","7":"pa_cilt-ciltsiz","8":"pa_tur-kitap","9":"pa_yayinevi-yapi-kredi-yayinlari","10":"pa_yazar-komisyon","12":"first","13":"instock","14":"sale","15":"shipping-taxable","16":"purchasable","17":"product-type-simple"},"_links":{"self":[{"href":"https:\/\/roveyayinevi.com.tr\/index.php\/wp-json\/wp\/v2\/product\/709226","targetHints":{"allow":["GET"]}}],"collection":[{"href":"https:\/\/roveyayinevi.com.tr\/index.php\/wp-json\/wp\/v2\/product"}],"about":[{"href":"https:\/\/roveyayinevi.com.tr\/index.php\/wp-json\/wp\/v2\/types\/product"}],"wp:attachment":[{"href":"https:\/\/roveyayinevi.com.tr\/index.php\/wp-json\/wp\/v2\/media?parent=709226"}],"wp:term":[{"taxonomy":"product_brand","embeddable":true,"href":"https:\/\/roveyayinevi.com.tr\/index.php\/wp-json\/wp\/v2\/product_brand?post=709226"},{"taxonomy":"product_cat","embeddable":true,"href":"https:\/\/roveyayinevi.com.tr\/index.php\/wp-json\/wp\/v2\/product_cat?post=709226"},{"taxonomy":"product_tag","embeddable":true,"href":"https:\/\/roveyayinevi.com.tr\/index.php\/wp-json\/wp\/v2\/product_tag?post=709226"}],"curies":[{"name":"wp","href":"https:\/\/api.w.org\/{rel}","templated":true}]}}