{"id":709223,"date":"2025-08-27T16:22:54","date_gmt":"2025-08-27T13:22:54","guid":{"rendered":"https:\/\/roveyayinevi.com.tr\/index.php\/urun\/zor-yaris-deyimlerle-oykuler\/"},"modified":"2026-04-16T02:17:59","modified_gmt":"2026-04-15T23:17:59","slug":"zor-yaris-deyimlerle-oykuler","status":"publish","type":"product","link":"https:\/\/roveyayinevi.com.tr\/index.php\/urun\/zor-yaris-deyimlerle-oykuler\/","title":{"rendered":"Zor Yar\u0131\u015f-Deyimlerle \u00d6yk\u00fcler"},"content":{"rendered":"<p>Yeni bir arkada\u015fla tan\u0131\u015fmak ister misin? En yak\u0131n arkada\u015f\u0131n sana k\u00fcserse onun g\u00f6nl\u00fcn\u00fc almak i\u00e7in ne yapars\u0131n? S\u0131n\u0131f ba\u015fkanl\u0131\u011f\u0131 se\u00e7imine kat\u0131l\u0131p k\u0131yas\u0131ya yar\u0131\u015fmaya ne dersin? Dilimizin zenginli\u011fi olan deyimlerimizle s\u00fcslenmi\u015f bu kitaptaki \u00f6yk\u00fcleri okurken arkada\u015fl\u0131k, do\u011fruluk, kararl\u0131l\u0131k, azim ve ba\u015far\u0131 gibi bir\u00e7ok g\u00fczellikle bulu\u015facaks\u0131n. <\/p>\n","protected":false},"excerpt":{"rendered":"<p>Yeni bir arkada\u015fla tan\u0131\u015fmak ister misin? En yak\u0131n arkada\u015f\u0131n sana k\u00fcserse onun g\u00f6nl\u00fcn\u00fc almak i\u00e7in ne yapars\u0131n? S\u0131n\u0131f ba\u015fkanl\u0131\u011f\u0131 se\u00e7imine kat\u0131l\u0131p k\u0131yas\u0131ya yar\u0131\u015fmaya ne dersin? Dilimizin<span class=\"excerpt-hellip\"> [\u2026]<\/span><\/p>\n","protected":false},"featured_media":0,"template":"","meta":{"_monsterinsights_skip_tracking":false,"_monsterinsights_sitenote_active":false,"_monsterinsights_sitenote_note":"","_monsterinsights_sitenote_category":0},"product_brand":[],"product_cat":[12275,12274],"product_tag":[],"class_list":{"0":"post-709223","1":"product","2":"type-product","3":"status-publish","5":"product_cat-6-12-yas-kitaplari","6":"product_cat-cocuk-ve-genclik-kitaplari","7":"pa_cilt-ciltsiz","8":"pa_tur-kitap","9":"pa_yayinevi-cilek-kitaplar","10":"pa_yazar-ismail-cubukcu","12":"first","13":"instock","14":"sale","15":"shipping-taxable","16":"purchasable","17":"product-type-simple"},"_links":{"self":[{"href":"https:\/\/roveyayinevi.com.tr\/index.php\/wp-json\/wp\/v2\/product\/709223","targetHints":{"allow":["GET"]}}],"collection":[{"href":"https:\/\/roveyayinevi.com.tr\/index.php\/wp-json\/wp\/v2\/product"}],"about":[{"href":"https:\/\/roveyayinevi.com.tr\/index.php\/wp-json\/wp\/v2\/types\/product"}],"wp:attachment":[{"href":"https:\/\/roveyayinevi.com.tr\/index.php\/wp-json\/wp\/v2\/media?parent=709223"}],"wp:term":[{"taxonomy":"product_brand","embeddable":true,"href":"https:\/\/roveyayinevi.com.tr\/index.php\/wp-json\/wp\/v2\/product_brand?post=709223"},{"taxonomy":"product_cat","embeddable":true,"href":"https:\/\/roveyayinevi.com.tr\/index.php\/wp-json\/wp\/v2\/product_cat?post=709223"},{"taxonomy":"product_tag","embeddable":true,"href":"https:\/\/roveyayinevi.com.tr\/index.php\/wp-json\/wp\/v2\/product_tag?post=709223"}],"curies":[{"name":"wp","href":"https:\/\/api.w.org\/{rel}","templated":true}]}}