{"id":709222,"date":"2025-08-27T16:22:53","date_gmt":"2025-08-27T13:22:53","guid":{"rendered":"https:\/\/roveyayinevi.com.tr\/index.php\/urun\/basari-evde-baslar\/"},"modified":"2026-04-16T02:17:59","modified_gmt":"2026-04-15T23:17:59","slug":"basari-evde-baslar","status":"publish","type":"product","link":"https:\/\/roveyayinevi.com.tr\/index.php\/urun\/basari-evde-baslar\/","title":{"rendered":"Ba\u015far\u0131 Evde Ba\u015flar"},"content":{"rendered":"<p>Bir\u00e7ok anne-baba gibi &#8220;\u00c7OCUGUM ZEKI AMA DERS \u00c7ALISMIYOR&#8221; mu diyorsunuz?  Hayatta basarili olanlar, ge\u00e7misteki basarilarina bakarak \u00f6zg\u00fcven kazanip iyi bir motivasyonla \u00e7alisanlardir. Basarisiz olanlar ise ge\u00e7misteki basarisizliklarina bakip \u00fcmitsizlige d\u00fcserek, \u00f6zg\u00fcvenini kaybedenlerdir.  \u00c7ocugun &#8220;\u00e7aliskan&#8221; sifatini almasi i\u00e7in bilhassa ilkokulda elinden geleni yapmasi gerekmektedir. Eger bunu yapmazsa, telafisi hemen hemen m\u00fcmk\u00fcn olmayan bir yola girmis olur. Unutmayin, \u00e7ocuk zamaninin 1\/3&#8217;\u00fcn\u00fc okulda, geriye kalan 2\/3&#8217;\u00fcn\u00fc de evde ve sosyal \u00e7evresinde ge\u00e7irir. Dolayisi ile \u00e7ocugun basarisinda ailenin \u00f6nemi daha fazladir.  Iste bu kitapta, &#8220;\u00c7ocugumuzun basarili olmasi i\u00e7in anne-baba olarak neler yapabiliriz?&#8221; sorusuna cevaplar bulacak, &#8220;Bir kitap okumakla, \u00e7ocugumun basarisinin bu kadar degisecegini hi\u00e7 beklemezdim.&#8221; diyeceksiniz. <\/p>\n","protected":false},"excerpt":{"rendered":"<p>Bir\u00e7ok anne-baba gibi &#8220;\u00c7OCUGUM ZEKI AMA DERS \u00c7ALISMIYOR&#8221; mu diyorsunuz? Hayatta basarili olanlar, ge\u00e7misteki basarilarina bakarak \u00f6zg\u00fcven kazanip iyi bir motivasyonla \u00e7alisanlardir. Basarisiz olanlar ise ge\u00e7misteki<span class=\"excerpt-hellip\"> [\u2026]<\/span><\/p>\n","protected":false},"featured_media":0,"template":"","meta":{"_monsterinsights_skip_tracking":false,"_monsterinsights_sitenote_active":false,"_monsterinsights_sitenote_note":"","_monsterinsights_sitenote_category":0},"product_brand":[],"product_cat":[17996,12364],"product_tag":[],"class_list":{"0":"post-709222","1":"product","2":"type-product","3":"status-publish","5":"product_cat-ebeveyn-kitaplari","6":"product_cat-genel-konular","7":"pa_cilt-ciltsiz","8":"pa_tur-kitap","9":"pa_yayinevi-hayat-yayinlari","10":"pa_yazar-davut-can","12":"first","13":"instock","14":"sale","15":"shipping-taxable","16":"purchasable","17":"product-type-simple"},"_links":{"self":[{"href":"https:\/\/roveyayinevi.com.tr\/index.php\/wp-json\/wp\/v2\/product\/709222","targetHints":{"allow":["GET"]}}],"collection":[{"href":"https:\/\/roveyayinevi.com.tr\/index.php\/wp-json\/wp\/v2\/product"}],"about":[{"href":"https:\/\/roveyayinevi.com.tr\/index.php\/wp-json\/wp\/v2\/types\/product"}],"wp:attachment":[{"href":"https:\/\/roveyayinevi.com.tr\/index.php\/wp-json\/wp\/v2\/media?parent=709222"}],"wp:term":[{"taxonomy":"product_brand","embeddable":true,"href":"https:\/\/roveyayinevi.com.tr\/index.php\/wp-json\/wp\/v2\/product_brand?post=709222"},{"taxonomy":"product_cat","embeddable":true,"href":"https:\/\/roveyayinevi.com.tr\/index.php\/wp-json\/wp\/v2\/product_cat?post=709222"},{"taxonomy":"product_tag","embeddable":true,"href":"https:\/\/roveyayinevi.com.tr\/index.php\/wp-json\/wp\/v2\/product_tag?post=709222"}],"curies":[{"name":"wp","href":"https:\/\/api.w.org\/{rel}","templated":true}]}}