{"id":709217,"date":"2025-08-27T16:22:50","date_gmt":"2025-08-27T13:22:50","guid":{"rendered":"https:\/\/roveyayinevi.com.tr\/index.php\/urun\/gul-yetistiren-adam-butun-eserleri-9\/"},"modified":"2026-04-16T02:17:59","modified_gmt":"2026-04-15T23:17:59","slug":"gul-yetistiren-adam-butun-eserleri-9","status":"publish","type":"product","link":"https:\/\/roveyayinevi.com.tr\/index.php\/urun\/gul-yetistiren-adam-butun-eserleri-9\/","title":{"rendered":"G\u00fcl Yeti\u015ftiren Adam &#8211; B\u00fct\u00fcn Eserleri 9"},"content":{"rendered":"<p>Anadolu&#8217;nun bir ta\u015fra kentinden Yeni D\u00fcnya&#8217;n\u0131n metropollerine kadar uzanan bir co\u011frafyada kayna\u015fan insan\u0131m\u0131z. Modernle\u015fmi\u015f olanlarla ki\u015filiklerini koruma \u00e7abas\u0131yla bunun d\u0131\u015f\u0131nda kalanlar. Her iki kesitte ya\u015fayan insanlar\u0131n kendi kendileriyle gerek \u00e7evreleriyle olan \u00e7at\u0131\u015fmalar\u0131ndan do\u011fan dram.Eksik kalm\u0131\u015f a\u015fklar, eksik b\u0131rak\u0131lm\u0131\u015f eylemler. Bu kitab\u0131 okurken Bat\u0131 k\u00fclt\u00fcr\u00fcn\u00fcn bask\u0131s\u0131 ile \u00e7aresiz b\u0131rak\u0131lm\u0131\u015f insan\u0131m\u0131z\u0131n bocalay\u0131\u015f\u0131n\u0131, gizli protestolar\u0131n\u0131 ve gizli kabulleni\u015flerini g\u00f6receksiniz. Rasim \u00d6zden\u00f6ren&#8217;in \u00fcslubunu sevenler, bu kitapta onun ba\u015fl\u0131ca \u00f6zelliklerini birarada bulacaklar.MEB taraf\u0131ndan okullarda tavsiye edilen kitaplardan olan G\u00fcl Yeti\u015ftiren Adam, yeni bask\u0131s\u0131yla raflarda yerini ald\u0131.<\/p>\n","protected":false},"excerpt":{"rendered":"<p>Anadolu&#8217;nun bir ta\u015fra kentinden Yeni D\u00fcnya&#8217;n\u0131n metropollerine kadar uzanan bir co\u011frafyada kayna\u015fan insan\u0131m\u0131z. Modernle\u015fmi\u015f olanlarla ki\u015filiklerini koruma \u00e7abas\u0131yla bunun d\u0131\u015f\u0131nda kalanlar. Her iki kesitte ya\u015fayan insanlar\u0131n<span class=\"excerpt-hellip\"> [\u2026]<\/span><\/p>\n","protected":false},"featured_media":0,"template":"","meta":{"_monsterinsights_skip_tracking":false,"_monsterinsights_sitenote_active":false,"_monsterinsights_sitenote_note":"","_monsterinsights_sitenote_category":0},"product_brand":[],"product_cat":[12291,12711],"product_tag":[],"class_list":{"0":"post-709217","1":"product","2":"type-product","3":"status-publish","5":"product_cat-edebiyat","6":"product_cat-roman-oyku","7":"pa_cilt-ciltsiz","8":"pa_tur-kitap","9":"pa_yayinevi-iz-yayincilik","10":"pa_yazar-komisyon","12":"first","13":"instock","14":"sale","15":"shipping-taxable","16":"purchasable","17":"product-type-simple"},"_links":{"self":[{"href":"https:\/\/roveyayinevi.com.tr\/index.php\/wp-json\/wp\/v2\/product\/709217","targetHints":{"allow":["GET"]}}],"collection":[{"href":"https:\/\/roveyayinevi.com.tr\/index.php\/wp-json\/wp\/v2\/product"}],"about":[{"href":"https:\/\/roveyayinevi.com.tr\/index.php\/wp-json\/wp\/v2\/types\/product"}],"wp:attachment":[{"href":"https:\/\/roveyayinevi.com.tr\/index.php\/wp-json\/wp\/v2\/media?parent=709217"}],"wp:term":[{"taxonomy":"product_brand","embeddable":true,"href":"https:\/\/roveyayinevi.com.tr\/index.php\/wp-json\/wp\/v2\/product_brand?post=709217"},{"taxonomy":"product_cat","embeddable":true,"href":"https:\/\/roveyayinevi.com.tr\/index.php\/wp-json\/wp\/v2\/product_cat?post=709217"},{"taxonomy":"product_tag","embeddable":true,"href":"https:\/\/roveyayinevi.com.tr\/index.php\/wp-json\/wp\/v2\/product_tag?post=709217"}],"curies":[{"name":"wp","href":"https:\/\/api.w.org\/{rel}","templated":true}]}}