{"id":709215,"date":"2025-08-27T16:22:49","date_gmt":"2025-08-27T13:22:49","guid":{"rendered":"https:\/\/roveyayinevi.com.tr\/index.php\/urun\/baykus-evde-tek-basina\/"},"modified":"2026-04-16T02:17:59","modified_gmt":"2026-04-15T23:17:59","slug":"baykus-evde-tek-basina","status":"publish","type":"product","link":"https:\/\/roveyayinevi.com.tr\/index.php\/urun\/baykus-evde-tek-basina\/","title":{"rendered":"Bayku\u015f Evde Tek Ba\u015f\u0131na"},"content":{"rendered":"<p>Bay Bayku\u015f evde tek ba\u015f\u0131na, s\u0131cac\u0131k ate\u015fin kar\u015f\u0131s\u0131nda oturmaktad\u0131r. Tam bezelye \u00e7orbas\u0131n\u0131 i\u00e7erken kap\u0131 vurulur. Bay Bayku\u015f konuksever biridir, gelen ziyaret\u00e7ileri i\u00e7eri davet eder. B\u00f6ylece olaylar ba\u015flar: Ziyaret\u00e7iler evde neler yaparlar neler! Sonra iki garip t\u00fcmsek belirir Bay Bayku\u015f\u2019un yata\u011f\u0131nda, Bay Bayku\u015f\u2019u hi\u00e7 rahat b\u0131rakmazlar\u2026 Bay Bayku\u015f, nefis bir \u00e7ay yapar kendine, ona mutlulu\u011fun de\u011ferini d\u00fc\u015f\u00fcnd\u00fcren\u2026 Bay Bayku\u015f daha sonra, evinde \u00e7ok huzurlu bir yer ke\u015ffeder\u2026  Ve son olarak da, d\u00fcnyan\u0131n en yuvarlak, en iyi, en tatl\u0131 dostu ile uykuya dalar! Evet, Bay Bayku\u015f evde tek ba\u015f\u0131nad\u0131r ama hi\u00e7 de yaln\u0131z de\u011fildir; \u00e7\u00fcnk\u00fc dostlar\u0131, arkada\u015flar\u0131 ve ona mutluluk veren \u00e7ok \u015fey vard\u0131r! <\/p>\n","protected":false},"excerpt":{"rendered":"<p>Bay Bayku\u015f evde tek ba\u015f\u0131na, s\u0131cac\u0131k ate\u015fin kar\u015f\u0131s\u0131nda oturmaktad\u0131r. Tam bezelye \u00e7orbas\u0131n\u0131 i\u00e7erken kap\u0131 vurulur. Bay Bayku\u015f konuksever biridir, gelen ziyaret\u00e7ileri i\u00e7eri davet eder. B\u00f6ylece olaylar<span class=\"excerpt-hellip\"> [\u2026]<\/span><\/p>\n","protected":false},"featured_media":0,"template":"","meta":{"_monsterinsights_skip_tracking":false,"_monsterinsights_sitenote_active":false,"_monsterinsights_sitenote_note":"","_monsterinsights_sitenote_category":0},"product_brand":[],"product_cat":[12274,12284],"product_tag":[],"class_list":{"0":"post-709215","1":"product","2":"type-product","3":"status-publish","5":"product_cat-cocuk-ve-genclik-kitaplari","6":"product_cat-hikayeler","7":"pa_cilt-ciltsiz","8":"pa_tur-kitap","9":"pa_yayinevi-kelime-yayinlari","10":"pa_yazar-arnold-lobel","12":"first","13":"instock","14":"sale","15":"shipping-taxable","16":"purchasable","17":"product-type-simple"},"_links":{"self":[{"href":"https:\/\/roveyayinevi.com.tr\/index.php\/wp-json\/wp\/v2\/product\/709215","targetHints":{"allow":["GET"]}}],"collection":[{"href":"https:\/\/roveyayinevi.com.tr\/index.php\/wp-json\/wp\/v2\/product"}],"about":[{"href":"https:\/\/roveyayinevi.com.tr\/index.php\/wp-json\/wp\/v2\/types\/product"}],"wp:attachment":[{"href":"https:\/\/roveyayinevi.com.tr\/index.php\/wp-json\/wp\/v2\/media?parent=709215"}],"wp:term":[{"taxonomy":"product_brand","embeddable":true,"href":"https:\/\/roveyayinevi.com.tr\/index.php\/wp-json\/wp\/v2\/product_brand?post=709215"},{"taxonomy":"product_cat","embeddable":true,"href":"https:\/\/roveyayinevi.com.tr\/index.php\/wp-json\/wp\/v2\/product_cat?post=709215"},{"taxonomy":"product_tag","embeddable":true,"href":"https:\/\/roveyayinevi.com.tr\/index.php\/wp-json\/wp\/v2\/product_tag?post=709215"}],"curies":[{"name":"wp","href":"https:\/\/api.w.org\/{rel}","templated":true}]}}