{"id":709213,"date":"2025-08-27T16:22:49","date_gmt":"2025-08-27T13:22:49","guid":{"rendered":"https:\/\/roveyayinevi.com.tr\/index.php\/urun\/sehirde-bir-kovalamaca-hikayesi\/"},"modified":"2026-04-16T02:17:59","modified_gmt":"2026-04-15T23:17:59","slug":"sehirde-bir-kovalamaca-hikayesi","status":"publish","type":"product","link":"https:\/\/roveyayinevi.com.tr\/index.php\/urun\/sehirde-bir-kovalamaca-hikayesi\/","title":{"rendered":"\u015eehirde Bir Kovalamaca Hikayesi"},"content":{"rendered":"<p>Sosyal antropolog Meri\u00e7 K\u00fckrer bu \u00e7al\u0131\u015fmas\u0131nda, Ankara\u2019da dilencilik yaparak ge\u00e7imini sa\u011flayan insanlar\u0131n dilenme performanslar\u0131n\u0131, toplumla ve zab\u0131tayla ili\u015fkilerini, bir ba\u015fka deyi\u015fle dilencili\u011fin ya\u015fam d\u00fcnyas\u0131n\u0131 aktar\u0131yor; hem dilencinin, hem toplumun hem de zab\u0131tan\u0131n performanslar\u0131n\u0131 ve \u00f6zellikle de dilenci-zab\u0131ta etkile\u015fimini irdeliyor. Yazar, dilencili\u011fe ili\u015fkin yayg\u0131n kanaatleri ve kurumsal bak\u0131\u015f a\u00e7\u0131lar\u0131n\u0131 i\u00e7erecek bi\u00e7imde ancak bunlar\u0131n da \u00f6tesinde yeni bir \u00e7\u00f6z\u00fcmleme yaparak dilencili\u011fin, san\u0131lan\u0131n aksine havadan para kazanma yolu olmad\u0131\u011f\u0131n\u0131, kendi i\u00e7inde de bir ya\u015fam d\u00fcnyas\u0131na sahip oldu\u011funu g\u00f6zler \u00f6n\u00fcne seriyor. Dilencili\u011fin ya\u015fam d\u00fcnyas\u0131n\u0131 kavray\u0131p a\u00e7\u0131klarken dilencilerin; toplumla, kovalayanlarla ve birbirleriyle ili\u015fkilerini, k\u0131saca hayatla ili\u015fki bi\u00e7imlerini \u00e7\u00f6z\u00fcml\u00fcyor; insan\u0131n, dilenme vas\u0131tas\u0131yla meydana gelen bir varolu\u015f bi\u00e7imini ortaya koymaya \u00e7al\u0131\u015f\u0131yor. T\u00fcm bunlar\u0131 incelerken; bir yandan edebiyatta, sinemada yer alan ve kolektif haf\u0131zam\u0131z\u0131 \u015fekillendiren dilenci temsillerine yer veriyor, di\u011fer yandan da dilencili\u011fin tarihsel ve toplumsal boyutunu g\u00f6z ard\u0131 etmeden etimolojiden,  dinlerde dilencili\u011fe verilen anlamlardan besleniyor ve dilencili\u011fin tarihsel arka plan\u0131n\u0131 ve dilencili\u011fe ili\u015fkin yasal d\u00fczenlemeleri de aktar\u0131yor. Nihayetinde dilencili\u011fin nas\u0131l bir performans oldu\u011funu alan ara\u015ft\u0131rmas\u0131ndan \u00e7\u0131kard\u0131\u011f\u0131 \u00f6zg\u00fcn g\u00f6zlemleri arac\u0131l\u0131\u011f\u0131yla okura \u00e7arp\u0131c\u0131 bir bi\u00e7imde g\u00f6steriyor. <\/p>\n","protected":false},"excerpt":{"rendered":"<p>Sosyal antropolog Meri\u00e7 K\u00fckrer bu \u00e7al\u0131\u015fmas\u0131nda, Ankara\u2019da dilencilik yaparak ge\u00e7imini sa\u011flayan insanlar\u0131n dilenme performanslar\u0131n\u0131, toplumla ve zab\u0131tayla ili\u015fkilerini, bir ba\u015fka deyi\u015fle dilencili\u011fin ya\u015fam d\u00fcnyas\u0131n\u0131 aktar\u0131yor; hem<span class=\"excerpt-hellip\"> [\u2026]<\/span><\/p>\n","protected":false},"featured_media":0,"template":"","meta":{"_monsterinsights_skip_tracking":false,"_monsterinsights_sitenote_active":false,"_monsterinsights_sitenote_note":"","_monsterinsights_sitenote_category":0},"product_brand":[],"product_cat":[13633,12324],"product_tag":[],"class_list":{"0":"post-709213","1":"product","2":"type-product","3":"status-publish","5":"product_cat-kultur-ve-bilim","6":"product_cat-sosyoloji","7":"pa_cilt-ciltsiz","8":"pa_tur-kitap","9":"pa_yayinevi-herdem-kitap","10":"pa_yazar-meric-kukrer","12":"first","13":"instock","14":"sale","15":"shipping-taxable","16":"purchasable","17":"product-type-simple"},"_links":{"self":[{"href":"https:\/\/roveyayinevi.com.tr\/index.php\/wp-json\/wp\/v2\/product\/709213","targetHints":{"allow":["GET"]}}],"collection":[{"href":"https:\/\/roveyayinevi.com.tr\/index.php\/wp-json\/wp\/v2\/product"}],"about":[{"href":"https:\/\/roveyayinevi.com.tr\/index.php\/wp-json\/wp\/v2\/types\/product"}],"wp:attachment":[{"href":"https:\/\/roveyayinevi.com.tr\/index.php\/wp-json\/wp\/v2\/media?parent=709213"}],"wp:term":[{"taxonomy":"product_brand","embeddable":true,"href":"https:\/\/roveyayinevi.com.tr\/index.php\/wp-json\/wp\/v2\/product_brand?post=709213"},{"taxonomy":"product_cat","embeddable":true,"href":"https:\/\/roveyayinevi.com.tr\/index.php\/wp-json\/wp\/v2\/product_cat?post=709213"},{"taxonomy":"product_tag","embeddable":true,"href":"https:\/\/roveyayinevi.com.tr\/index.php\/wp-json\/wp\/v2\/product_tag?post=709213"}],"curies":[{"name":"wp","href":"https:\/\/api.w.org\/{rel}","templated":true}]}}