{"id":709211,"date":"2025-08-27T16:22:48","date_gmt":"2025-08-27T13:22:48","guid":{"rendered":"https:\/\/roveyayinevi.com.tr\/index.php\/urun\/gol-cocuklari\/"},"modified":"2026-04-16T02:17:59","modified_gmt":"2026-04-15T23:17:59","slug":"gol-cocuklari","status":"publish","type":"product","link":"https:\/\/roveyayinevi.com.tr\/index.php\/urun\/gol-cocuklari\/","title":{"rendered":"G\u00f6l \u00c7ocuklar\u0131"},"content":{"rendered":"<p>Duygu ve Sel\u00e7uk, G\u00f6l\u00fcst\u00fc kasabas\u0131n\u0131n mutlu \u00e7ocuklar\u0131ndan sadece ikisi. \u00c7ok iyi arkada\u015flar. En \u00e7ok sevdikleri \u015fey g\u00f6l kenar\u0131na gidip d\u00fcrb\u00fcnle g\u00f6l\u00fcn uzak noktalar\u0131n\u0131 izlemek. Bir g\u00fcn yine d\u00fcrb\u00fcnle g\u00f6l\u00fc seyrederken, kasabalar\u0131nda kamp yapan bir turistin, g\u00f6l\u00fcn ortas\u0131nda garip bir \u015feyler yapt\u0131\u011f\u0131n\u0131 g\u00f6r\u00fcrler. Adam sanki g\u00f6l\u00fcn ortas\u0131nda bir yere, oray\u0131 tekrar bulmak i\u00e7in i\u015faret dubas\u0131 b\u0131rakm\u0131\u015ft\u0131r. Bu olay\u0131 g\u00f6rd\u00fckten sonra gazetede, kasabalar\u0131n\u0131n tarihi eserler anlam\u0131nda zengin bir b\u00f6lge oldu\u011funu okurlar. Ve \u015f\u00fcphelenmeye ba\u015flarlar. Ba\u015fta kimse onlara inanmaz ama turistin gitgide tuhafla\u015fan hareketleri t\u00fcm kasaba halk\u0131n\u0131, Duygu ve Sel\u00e7uk \u00f6nc\u00fcl\u00fc\u011f\u00fcnde bir ara\u015ft\u0131rma yapmaya iter. Duygu ile Sel\u00e7uk\u2019un bu konudaki en b\u00fcy\u00fck yard\u0131mc\u0131lar\u0131 ise, \u00e7ok sevdikleri k\u00f6pekleri olacakt\u0131r. G\u00f6l \u00c7ocuklar\u0131 ile maceraya haz\u0131r m\u0131s\u0131n?. \ufffcTan\u0131t\u0131m Metni<\/p>\n","protected":false},"excerpt":{"rendered":"<p>Duygu ve Sel\u00e7uk, G\u00f6l\u00fcst\u00fc kasabas\u0131n\u0131n mutlu \u00e7ocuklar\u0131ndan sadece ikisi. \u00c7ok iyi arkada\u015flar. En \u00e7ok sevdikleri \u015fey g\u00f6l kenar\u0131na gidip d\u00fcrb\u00fcnle g\u00f6l\u00fcn uzak noktalar\u0131n\u0131 izlemek. Bir g\u00fcn<span class=\"excerpt-hellip\"> [\u2026]<\/span><\/p>\n","protected":false},"featured_media":0,"template":"","meta":{"_monsterinsights_skip_tracking":false,"_monsterinsights_sitenote_active":false,"_monsterinsights_sitenote_note":"","_monsterinsights_sitenote_category":0},"product_brand":[],"product_cat":[12275,12274],"product_tag":[],"class_list":{"0":"post-709211","1":"product","2":"type-product","3":"status-publish","5":"product_cat-6-12-yas-kitaplari","6":"product_cat-cocuk-ve-genclik-kitaplari","7":"pa_cilt-ciltsiz","8":"pa_tur-kitap","9":"pa_yayinevi-nemesis-kitap","10":"pa_yazar-ibrahim-ors","12":"first","13":"instock","14":"sale","15":"shipping-taxable","16":"purchasable","17":"product-type-simple"},"_links":{"self":[{"href":"https:\/\/roveyayinevi.com.tr\/index.php\/wp-json\/wp\/v2\/product\/709211","targetHints":{"allow":["GET"]}}],"collection":[{"href":"https:\/\/roveyayinevi.com.tr\/index.php\/wp-json\/wp\/v2\/product"}],"about":[{"href":"https:\/\/roveyayinevi.com.tr\/index.php\/wp-json\/wp\/v2\/types\/product"}],"wp:attachment":[{"href":"https:\/\/roveyayinevi.com.tr\/index.php\/wp-json\/wp\/v2\/media?parent=709211"}],"wp:term":[{"taxonomy":"product_brand","embeddable":true,"href":"https:\/\/roveyayinevi.com.tr\/index.php\/wp-json\/wp\/v2\/product_brand?post=709211"},{"taxonomy":"product_cat","embeddable":true,"href":"https:\/\/roveyayinevi.com.tr\/index.php\/wp-json\/wp\/v2\/product_cat?post=709211"},{"taxonomy":"product_tag","embeddable":true,"href":"https:\/\/roveyayinevi.com.tr\/index.php\/wp-json\/wp\/v2\/product_tag?post=709211"}],"curies":[{"name":"wp","href":"https:\/\/api.w.org\/{rel}","templated":true}]}}